{"id":9989,"date":"2023-09-27T10:45:21","date_gmt":"2023-09-27T08:45:21","guid":{"rendered":"https:\/\/lapetitemaisoncouture.com\/?post_type=product&#038;p=9989"},"modified":"2025-11-08T12:02:47","modified_gmt":"2025-11-08T11:02:47","slug":"creatifve-x8","status":"publish","type":"product","link":"https:\/\/lapetitemaisoncouture.com\/en\/boutique\/creatifve-x8\/","title":{"rendered":"CR\u00c9ATIF(VE) x8"},"content":{"rendered":"<p class=\"p1\">D\u00e9couvrez la collection d\u2019\u00e9tiquettes issues de la collaboration entre <a href=\"https:\/\/www.ivanne-s.fr\/\">Ivanne Soufflet<\/a> et La Petite Maison Couture. Le pack <b>Cr\u00e9atif(ve)<\/b>, est une belle ode \u00e0 la cr\u00e9ativit\u00e9 et \u00e0 son pouvoir sans limite. Un pack rempli de messages et de designs \u00e0 la fois doux, fins, et forts. Des mantras qui aident \u00e0 d\u00e9passer nos limites, qu&rsquo;elles soient personnelles ou professionnelles.<\/p>\n<p class=\"p1\">Cette collaboration est compos\u00e9e de 4 mod\u00e8les, que vous trouverez dupliqu\u00e9s dans chaque pack. Les dimensions sont les suivantes:<\/p>\n<ul>\n<li class=\"p1\">Cr\u00e9atif(ve) : 2.6cm x 5.3cm<\/li>\n<li class=\"p1\">Creative Adventure IS calling : 3.1cm x 2.5cm<\/li>\n<li class=\"p1\">Dream, Plan, Do: (Etiquette double face\/sur le pli): 4.3cm x 3cm<\/li>\n<li class=\"p1\">Gravir une Montagne: 4cm x 4.5cm<\/li>\n<\/ul>\n<p class=\"p1\">Les applications textiles laPetiteMaisonCouture sont des \u00e9tiquettes tiss\u00e9es \u00e0 coudre. Elles sont fabriqu\u00e9es avec du fils de polyester de qualit\u00e9 premium; de ce fait elles ne grattent pas et ne d\u00e9teignent pas. Utilis\u00e9es dans de bonnes conditions, elles ont une dur\u00e9e de vie sans limite.<\/p>","protected":false},"excerpt":{"rendered":"<p>&nbsp;<\/p>\n<p>D\u00e9couvrez la collection d\u2019\u00e9tiquettes issues de la collaboration entre <a href=\"https:\/\/www.ivanne-s.fr\/\">Ivanne Soufflet<\/a> et La Petite Maison Couture. Le pack <b>Cr\u00e9atif(ve)<\/b>, est une belle ode \u00e0 la cr\u00e9ativit\u00e9 et \u00e0 son pouvoir sans limite. Un pack rempli de messages et de designs \u00e0 la fois doux, fins, et forts. Des mantras qui aident \u00e0 d\u00e9passer nos limites, qu&rsquo;elles soient personnelles ou professionnelles.<\/p>","protected":false},"featured_media":9985,"comment_status":"open","ping_status":"closed","template":"","meta":[],"product_brand":[],"product_cat":[208],"product_tag":[],"class_list":{"0":"post-9989","1":"product","2":"type-product","3":"status-publish","4":"has-post-thumbnail","6":"product_cat-etiquettes","8":"first","9":"outofstock","10":"shipping-taxable","11":"purchasable","12":"product-type-simple"},"jetpack_sharing_enabled":true,"_links":{"self":[{"href":"https:\/\/lapetitemaisoncouture.com\/en\/wp-json\/wp\/v2\/product\/9989","targetHints":{"allow":["GET"]}}],"collection":[{"href":"https:\/\/lapetitemaisoncouture.com\/en\/wp-json\/wp\/v2\/product"}],"about":[{"href":"https:\/\/lapetitemaisoncouture.com\/en\/wp-json\/wp\/v2\/types\/product"}],"replies":[{"embeddable":true,"href":"https:\/\/lapetitemaisoncouture.com\/en\/wp-json\/wp\/v2\/comments?post=9989"}],"wp:featuredmedia":[{"embeddable":true,"href":"https:\/\/lapetitemaisoncouture.com\/en\/wp-json\/wp\/v2\/media\/9985"}],"wp:attachment":[{"href":"https:\/\/lapetitemaisoncouture.com\/en\/wp-json\/wp\/v2\/media?parent=9989"}],"wp:term":[{"taxonomy":"product_brand","embeddable":true,"href":"https:\/\/lapetitemaisoncouture.com\/en\/wp-json\/wp\/v2\/product_brand?post=9989"},{"taxonomy":"product_cat","embeddable":true,"href":"https:\/\/lapetitemaisoncouture.com\/en\/wp-json\/wp\/v2\/product_cat?post=9989"},{"taxonomy":"product_tag","embeddable":true,"href":"https:\/\/lapetitemaisoncouture.com\/en\/wp-json\/wp\/v2\/product_tag?post=9989"}],"curies":[{"name":"wp","href":"https:\/\/api.w.org\/{rel}","templated":true}]}}