{"id":9746,"date":"2023-06-07T12:02:57","date_gmt":"2023-06-07T10:02:57","guid":{"rendered":"https:\/\/lapetitemaisoncouture.com\/?post_type=product&#038;p=9746"},"modified":"2025-09-24T16:39:40","modified_gmt":"2025-09-24T14:39:40","slug":"un-grand-merci-x8","status":"publish","type":"product","link":"https:\/\/lapetitemaisoncouture.com\/en\/boutique\/un-grand-merci-x8\/","title":{"rendered":"un grand merci x8"},"content":{"rendered":"<p class=\"p1\">Pour ne pas distraire du message, ici on nous sommes all\u00e9s avec des fils de couleurs noir et blanc. Cette petite vignette se placera entre deux \u00e9paisseurs, \u00e0 l\u2019horizontale ou \u00e0 la verticale, \u00e0 l\u2019int\u00e9rieur ou \u00e0 l\u2019ext\u00e9rieur.<span class=\"Apple-converted-space\">\u00a0 <\/span>Ses dimensions sont de 2.5cm x 2.3cm (0,75cm de marges de couture incluses).<\/p>\n<p class=\"p1\">Les applications textiles laPetiteMaisonCouture sont des \u00e9tiquettes tiss\u00e9es \u00e0 coudre. Elles sont<span class=\"Apple-converted-space\">\u00a0 <\/span>compos\u00e9es de fils polyester de qualit\u00e9 premium; de ce fait elles ne grattent pas et ne d\u00e9teignent pas. Utilis\u00e9es dans de bonnes conditions, elles ont une dur\u00e9e de vie sans limite.<\/p>\n<hr \/>\n<p><em>\u00ab\u00a0A big thank you\u00a0\u00bb in French. This the one we all need to own. This label will be come in handy for a last minute thank you gift: Create a tote bag in 30 minutes, add this label sandwiched between two layers, and you have just created an accessory that will certainly have a sentimental value for someone.<\/em><\/p>\n<p><em>In order to not distract from the message, we went with black and white color threads. This small label will be placed between two layers, horizontally or vertically, inside or outside. Once folded in two, its dimensions are 2.5cm x 2.3cm (0,75cm seam allowance included)<\/em><\/p>\n<p><em>laPetiteMaisonCouture textile applications are woven labels to sew on. They are made of premium quality polyester yarn; therefore they do not scratch and do not bleed. Used in good conditions, they have an unlimited lifespan.<\/em><\/p>","protected":false},"excerpt":{"rendered":"<p class=\"p1\">S&rsquo;il y a bien une seule \u00e9tiquette que je recommanderai d&rsquo;avoir sous le coude, c&rsquo;est bien celle-ci. Cette \u00e9tiquette saura se montrer super utile pour un cadeau de remerciement de derni\u00e8re minute: Cr\u00e9ez un tote bag en 30 minutes, rajouter cette vignette en sandwich entre deux \u00e9paisseurs, et vous venez de cr\u00e9er un accessoire qui deviendra sans doute un objet \u00e0 valeur sentimentale.<\/p>\n<p class=\"p1\">Lire la description compl\u00e8te ci-dessous.<\/p>","protected":false},"featured_media":9788,"comment_status":"open","ping_status":"closed","template":"","meta":[],"product_brand":[],"product_cat":[208],"product_tag":[],"class_list":{"0":"post-9746","1":"product","2":"type-product","3":"status-publish","4":"has-post-thumbnail","6":"product_cat-etiquettes","8":"first","9":"instock","10":"shipping-taxable","11":"purchasable","12":"product-type-simple"},"jetpack_sharing_enabled":true,"_links":{"self":[{"href":"https:\/\/lapetitemaisoncouture.com\/en\/wp-json\/wp\/v2\/product\/9746","targetHints":{"allow":["GET"]}}],"collection":[{"href":"https:\/\/lapetitemaisoncouture.com\/en\/wp-json\/wp\/v2\/product"}],"about":[{"href":"https:\/\/lapetitemaisoncouture.com\/en\/wp-json\/wp\/v2\/types\/product"}],"replies":[{"embeddable":true,"href":"https:\/\/lapetitemaisoncouture.com\/en\/wp-json\/wp\/v2\/comments?post=9746"}],"wp:featuredmedia":[{"embeddable":true,"href":"https:\/\/lapetitemaisoncouture.com\/en\/wp-json\/wp\/v2\/media\/9788"}],"wp:attachment":[{"href":"https:\/\/lapetitemaisoncouture.com\/en\/wp-json\/wp\/v2\/media?parent=9746"}],"wp:term":[{"taxonomy":"product_brand","embeddable":true,"href":"https:\/\/lapetitemaisoncouture.com\/en\/wp-json\/wp\/v2\/product_brand?post=9746"},{"taxonomy":"product_cat","embeddable":true,"href":"https:\/\/lapetitemaisoncouture.com\/en\/wp-json\/wp\/v2\/product_cat?post=9746"},{"taxonomy":"product_tag","embeddable":true,"href":"https:\/\/lapetitemaisoncouture.com\/en\/wp-json\/wp\/v2\/product_tag?post=9746"}],"curies":[{"name":"wp","href":"https:\/\/api.w.org\/{rel}","templated":true}]}}