{"id":9744,"date":"2023-06-07T12:01:36","date_gmt":"2023-06-07T10:01:36","guid":{"rendered":"https:\/\/lapetitemaisoncouture.com\/?post_type=product&#038;p=9744"},"modified":"2026-01-28T16:58:15","modified_gmt":"2026-01-28T15:58:15","slug":"super-x8","status":"publish","type":"product","link":"https:\/\/lapetitemaisoncouture.com\/en\/boutique\/super-x8\/","title":{"rendered":"Super x8"},"content":{"rendered":"<p class=\"p1\">Tiss\u00e9e dans un fil \u00e9cru sur on fond noir, cette \u00e9tiquette a \u00e9t\u00e9 pens\u00e9e pour \u00eatre versatile. Elle trouve sa place sur tout (ou presque!). Ce message peut \u00eatre porteur de diff\u00e9rents sens en fonction du contexte. Ses dimensions de 3cm x 7,6cm font d\u2019elles l\u2019une des plus grandes \u00e9tiquettes LPMC. Les bords courts sont pr\u00e9-pli\u00e9s pour faciliter la pose.<\/p>\n<p class=\"p1\">Les applications textiles laPetiteMaisonCouture sont des \u00e9tiquettes tiss\u00e9es \u00e0 coudre. Elles sont<span class=\"Apple-converted-space\">\u00a0 <\/span>compos\u00e9es de fils polyester de qualit\u00e9 premium; de ce fait elles ne grattent pas et ne d\u00e9teignent pas. Utilis\u00e9es dans de bonnes conditions, elles ont une dur\u00e9e de vie sans limite.<\/p>\n<hr \/>\n<p><em>Fans of black and white labels will find a range of possibilities with Super. Super is a label that has presence. She is versatile. Thanks to its colors and dimensions, it will bring dimension and relief to your creations.<\/em><\/p>\n<p><em>Read the full description below.<\/em><\/p>\n<p><em>Woven in an ecru yarn on a black background, this label has been designed to be versatile. It finds its place on everything (or almost!). This message can carry different meanings depending on the context. Its dimensions of 3cm x 7.6cm make it one of the largest LPMC labels. The short edges are pre-folded for easy installation.<\/em><\/p>\n<p><em>laPetiteMaisonCouture textile applications are woven labels to sew on. They are made of premium quality polyester yarn; therefore they do not scratch and do not bleed. Used in good conditions, they have an unlimited lifespan.<\/em><\/p>","protected":false},"excerpt":{"rendered":"<p class=\"p1\">RETRO COLLECTION &#8211; Les inconditionnels des \u00e9tiquettes en noir et blanc trouveront avec <strong>Super<\/strong> un champ de possibilit\u00e9s. Super est une \u00e9tiquette qui a de la pr\u00e9sence. Elle est versatile. Gr\u00e2ce \u00e0 ses couleurs et ses dimensions, elle apportera de la dimension et du relief \u00e0 vos cr\u00e9ations.<\/p>\n<p>D\u00e9couvrir les \u00e9tiquettes de la <a href=\"https:\/\/lapetitemaisoncouture.com\/en\/retro-collection-7-juin-2023\/\"><span style=\"color: #800000;\"><strong>RETRO COLLECTION<\/strong><\/span><\/a><\/p>\n<p class=\"p1\">Lire la description compl\u00e8te ci-dessous.<\/p>","protected":false},"featured_media":9769,"comment_status":"open","ping_status":"closed","template":"","meta":[],"product_brand":[],"product_cat":[208],"product_tag":[],"class_list":{"0":"post-9744","1":"product","2":"type-product","3":"status-publish","4":"has-post-thumbnail","6":"product_cat-etiquettes","8":"first","9":"instock","10":"shipping-taxable","11":"purchasable","12":"product-type-simple"},"jetpack_sharing_enabled":true,"_links":{"self":[{"href":"https:\/\/lapetitemaisoncouture.com\/en\/wp-json\/wp\/v2\/product\/9744","targetHints":{"allow":["GET"]}}],"collection":[{"href":"https:\/\/lapetitemaisoncouture.com\/en\/wp-json\/wp\/v2\/product"}],"about":[{"href":"https:\/\/lapetitemaisoncouture.com\/en\/wp-json\/wp\/v2\/types\/product"}],"replies":[{"embeddable":true,"href":"https:\/\/lapetitemaisoncouture.com\/en\/wp-json\/wp\/v2\/comments?post=9744"}],"wp:featuredmedia":[{"embeddable":true,"href":"https:\/\/lapetitemaisoncouture.com\/en\/wp-json\/wp\/v2\/media\/9769"}],"wp:attachment":[{"href":"https:\/\/lapetitemaisoncouture.com\/en\/wp-json\/wp\/v2\/media?parent=9744"}],"wp:term":[{"taxonomy":"product_brand","embeddable":true,"href":"https:\/\/lapetitemaisoncouture.com\/en\/wp-json\/wp\/v2\/product_brand?post=9744"},{"taxonomy":"product_cat","embeddable":true,"href":"https:\/\/lapetitemaisoncouture.com\/en\/wp-json\/wp\/v2\/product_cat?post=9744"},{"taxonomy":"product_tag","embeddable":true,"href":"https:\/\/lapetitemaisoncouture.com\/en\/wp-json\/wp\/v2\/product_tag?post=9744"}],"curies":[{"name":"wp","href":"https:\/\/api.w.org\/{rel}","templated":true}]}}