{"id":9742,"date":"2023-06-07T12:00:58","date_gmt":"2023-06-07T10:00:58","guid":{"rendered":"https:\/\/lapetitemaisoncouture.com\/?post_type=product&#038;p=9742"},"modified":"2026-02-25T11:39:51","modified_gmt":"2026-02-25T10:39:51","slug":"bella-ciao-x8","status":"publish","type":"product","link":"https:\/\/lapetitemaisoncouture.com\/en\/boutique\/bella-ciao-x8\/","title":{"rendered":"Bella Ciao x8"},"content":{"rendered":"<p class=\"p1\">Il y a eu plusieurs allers-retours avec l\u2019usine pour obtenir la couleur de fil orange parfaite pour agr\u00e9menter vos tenues. La couleur de fil orange qui a \u00e9t\u00e9 ici retenue, ressortira bien sur les tissus de couleur rouge, rose, jaune, bleu, bordeau, \u00e9cru, et plus encore. Ses dimensions sont de 3,5cm x 4,7cm. Les bords courts sont pr\u00e9-pli\u00e9s pour faciliter la pose.<\/p>\n<p class=\"p1\">Les applications textiles laPetiteMaisonCouture sont des \u00e9tiquettes tiss\u00e9es \u00e0 coudre. Elles sont<span class=\"Apple-converted-space\">\u00a0 <\/span>compos\u00e9es de fils polyester de qualit\u00e9 premium; de ce fait elles ne grattent pas et ne d\u00e9teignent pas. Utilis\u00e9es dans de bonnes conditions, elles ont une dur\u00e9e de vie sans limite.<\/p>\n<hr \/>\n<p><em>Bella Ciao is the sun, sunny days, a sweaty glass of orange juice&#8230; Bella Ciao is also a symbol of freedom, revolt and emancipation. Give it whatever meaning you want!<\/em><\/p>\n<p><em>Read the full description below.<\/em><\/p>\n<p><em>There were many backs and forths with the factory to get the perfect orange thread color to complement your outfits. The orange thread color that has been chosen here will stand out well on fabrics in red, pink, yellow, blue, burgundy, ecru, and more. Its dimensions are 3.5cm x 4.7cm. The short edges are pre-folded for easy installation.<\/em><\/p>\n<p><em>laPetiteMaisonCouture textile applications are woven labels to sew on. They are made of premium quality polyester yarn; therefore they do not scratch and do not bleed. Used in good conditions, they have an unlimited lifespan.<\/em><\/p>","protected":false},"excerpt":{"rendered":"<p class=\"p1\">RETRO COLLECTION &#8211; Bella Ciao c\u2019est le soleil, les beaux jours, un verre suant de jus d\u2019orange\u2026 Mais Bella Ciao aussi comme symbole de libert\u00e9, de r\u00e9volte et d\u2019affranchissement. Vous lui donnerez le sens qui vous plaira!<\/p>\n<p>D\u00e9couvrir les \u00e9tiquettes de la <a href=\"https:\/\/lapetitemaisoncouture.com\/en\/retro-collection-7-juin-2023\/\"><span style=\"color: #800000\"><strong>RETRO COLLECTION<\/strong><\/span><\/a><\/p>\n<p class=\"p1\">Lire la description compl\u00e8te ci-dessous.<\/p>","protected":false},"featured_media":9759,"comment_status":"open","ping_status":"closed","template":"","meta":[],"product_brand":[],"product_cat":[208],"product_tag":[],"class_list":{"0":"post-9742","1":"product","2":"type-product","3":"status-publish","4":"has-post-thumbnail","6":"product_cat-etiquettes","8":"first","9":"instock","10":"shipping-taxable","11":"purchasable","12":"product-type-simple"},"jetpack_sharing_enabled":true,"_links":{"self":[{"href":"https:\/\/lapetitemaisoncouture.com\/en\/wp-json\/wp\/v2\/product\/9742","targetHints":{"allow":["GET"]}}],"collection":[{"href":"https:\/\/lapetitemaisoncouture.com\/en\/wp-json\/wp\/v2\/product"}],"about":[{"href":"https:\/\/lapetitemaisoncouture.com\/en\/wp-json\/wp\/v2\/types\/product"}],"replies":[{"embeddable":true,"href":"https:\/\/lapetitemaisoncouture.com\/en\/wp-json\/wp\/v2\/comments?post=9742"}],"wp:featuredmedia":[{"embeddable":true,"href":"https:\/\/lapetitemaisoncouture.com\/en\/wp-json\/wp\/v2\/media\/9759"}],"wp:attachment":[{"href":"https:\/\/lapetitemaisoncouture.com\/en\/wp-json\/wp\/v2\/media?parent=9742"}],"wp:term":[{"taxonomy":"product_brand","embeddable":true,"href":"https:\/\/lapetitemaisoncouture.com\/en\/wp-json\/wp\/v2\/product_brand?post=9742"},{"taxonomy":"product_cat","embeddable":true,"href":"https:\/\/lapetitemaisoncouture.com\/en\/wp-json\/wp\/v2\/product_cat?post=9742"},{"taxonomy":"product_tag","embeddable":true,"href":"https:\/\/lapetitemaisoncouture.com\/en\/wp-json\/wp\/v2\/product_tag?post=9742"}],"curies":[{"name":"wp","href":"https:\/\/api.w.org\/{rel}","templated":true}]}}