{"id":9741,"date":"2023-06-07T12:01:56","date_gmt":"2023-06-07T10:01:56","guid":{"rendered":"https:\/\/lapetitemaisoncouture.com\/?post_type=product&#038;p=9741"},"modified":"2026-01-15T16:10:11","modified_gmt":"2026-01-15T15:10:11","slug":"everything-will-be-ok-x8","status":"publish","type":"product","link":"https:\/\/lapetitemaisoncouture.com\/en\/boutique\/everything-will-be-ok-x8\/","title":{"rendered":"Everything will be OK x8"},"content":{"rendered":"<p class=\"p1\">Pour la version anglaise de \u00ab\u00a0\u00c7a va aller\u00a0\u00bb je suis all\u00e9e sur des tons roses et marron. Une belle combinaison de couleurs dans les tons chauds. Ce pack comprends 8 \u00e9tiquettes. Ses dimensions sont de 3,5cm x 4,7cm . Les bords courts sont pr\u00e9-pli\u00e9s pour faciliter la pose.<\/p>\n<p class=\"p1\">Les applications textiles laPetiteMaisonCouture sont des \u00e9tiquettes tiss\u00e9es \u00e0 coudre. Elles sont<span class=\"Apple-converted-space\">\u00a0 <\/span>compos\u00e9es de fils polyester de qualit\u00e9 premium; de ce fait elles ne grattent pas et ne d\u00e9teignent pas. Utilis\u00e9es dans de bonnes conditions, elles ont une dur\u00e9e de vie sans limite.<\/p>\n<hr \/>\n<p><em>Due to its message and its colors, this label has a sweet and comforting feel. \u201cEverything will be ok\u201d an emulation of the French model \u201c\u00c7a va aller\u201d. A sweet and encouraging message.<\/em><\/p>\n<p><em>For the English version of \u00ab\u00a0\u00c7a va aller\u00a0\u00bb I went with pink and brown. A beautiful color combination in warm tones. This pack includes 8 labels. Its dimensions are 3.5cm x 4.7cm. The short edges are pre-folded for easy installation.<\/em><\/p>\n<p><em>laPetiteMaisonCouture textile applications are woven labels to sew on. They are made of premium quality polyester yarn; therefore they do not scratch and do not bleed. Used in good conditions, they have an unlimited lifespan.<\/em><\/p>","protected":false},"excerpt":{"rendered":"<p class=\"p1\">RETRO COLLECTION \u2013 De par son message et ses couleurs, cette \u00e9tiquette a quelque chose de r\u00e9confortant, et doux. \u00ab Everything will be ok \u00bb une \u00e9mulation au mod\u00e8le en fran\u00e7ais \u00ab \u00c7a va aller \u00bb.<span class=\"Apple-converted-space\">\u00a0 <\/span>Une message doux et encourageant\u00a0.<\/p>\n<p>D\u00e9couvrir les \u00e9tiquettes de la <a href=\"https:\/\/lapetitemaisoncouture.com\/en\/retro-collection-7-juin-2023\/\"><strong><span style=\"color: #800000;\">RETRO COLLECTION\u00a0<\/span><\/strong><\/a><\/p>\n<p class=\"p1\">Lire la description compl\u00e8te ci-dessous.<\/p>","protected":false},"featured_media":9763,"comment_status":"open","ping_status":"closed","template":"","meta":[],"product_brand":[],"product_cat":[208],"product_tag":[],"class_list":{"0":"post-9741","1":"product","2":"type-product","3":"status-publish","4":"has-post-thumbnail","6":"product_cat-etiquettes","8":"first","9":"instock","10":"shipping-taxable","11":"purchasable","12":"product-type-simple"},"jetpack_sharing_enabled":true,"_links":{"self":[{"href":"https:\/\/lapetitemaisoncouture.com\/en\/wp-json\/wp\/v2\/product\/9741","targetHints":{"allow":["GET"]}}],"collection":[{"href":"https:\/\/lapetitemaisoncouture.com\/en\/wp-json\/wp\/v2\/product"}],"about":[{"href":"https:\/\/lapetitemaisoncouture.com\/en\/wp-json\/wp\/v2\/types\/product"}],"replies":[{"embeddable":true,"href":"https:\/\/lapetitemaisoncouture.com\/en\/wp-json\/wp\/v2\/comments?post=9741"}],"wp:featuredmedia":[{"embeddable":true,"href":"https:\/\/lapetitemaisoncouture.com\/en\/wp-json\/wp\/v2\/media\/9763"}],"wp:attachment":[{"href":"https:\/\/lapetitemaisoncouture.com\/en\/wp-json\/wp\/v2\/media?parent=9741"}],"wp:term":[{"taxonomy":"product_brand","embeddable":true,"href":"https:\/\/lapetitemaisoncouture.com\/en\/wp-json\/wp\/v2\/product_brand?post=9741"},{"taxonomy":"product_cat","embeddable":true,"href":"https:\/\/lapetitemaisoncouture.com\/en\/wp-json\/wp\/v2\/product_cat?post=9741"},{"taxonomy":"product_tag","embeddable":true,"href":"https:\/\/lapetitemaisoncouture.com\/en\/wp-json\/wp\/v2\/product_tag?post=9741"}],"curies":[{"name":"wp","href":"https:\/\/api.w.org\/{rel}","templated":true}]}}