{"id":9740,"date":"2023-06-07T12:10:06","date_gmt":"2023-06-07T10:10:06","guid":{"rendered":"https:\/\/lapetitemaisoncouture.com\/?post_type=product&#038;p=9740"},"modified":"2024-11-23T14:43:27","modified_gmt":"2024-11-23T13:43:27","slug":"duo-humeur","status":"publish","type":"product","link":"https:\/\/lapetitemaisoncouture.com\/en\/boutique\/duo-humeur\/","title":{"rendered":"Duo Humeur x6"},"content":{"rendered":"<p class=\"p1\">Pendant toute la phase de d\u00e9veloppement de cette \u00e9tiquette, la recherche du jaune et du bleu parfaits ont dur\u00e9 pendant plusieurs mois. Plusieurs couleurs de fils ont \u00e9t\u00e9 test\u00e9s jusqu\u2019\u00e0 arriver \u00e0 un jaune att\u00e9nu\u00e9 aux tons verts, et un bleu clair retro. Pens\u00e9 au d\u00e9part en pack individuel, ces deux mod\u00e8les ont \u00e9t\u00e9 mix\u00e9s pour en faire un pack unique contenant 3 \u00e9tiquettes <strong>\u00c7a va aller<\/strong> et 3 \u00e9tiquettes <strong>Tout va bien<\/strong>. Les dimensions sont respectivement de 3,3cm x 4,3cm et 3,3cm x 4,7cm. Les bords courts sont pr\u00e9-pli\u00e9s pour faciliter la pose.<\/p>\n<p class=\"p1\">Les applications textiles laPetiteMaisonCouture sont des \u00e9tiquettes tiss\u00e9es \u00e0 coudre. Elles sont<span class=\"Apple-converted-space\">\u00a0 <\/span>compos\u00e9es de fils polyester de qualit\u00e9 premium; de ce fait elles ne grattent pas et ne d\u00e9teignent pas. Utilis\u00e9es dans de bonnes conditions, elles ont une dur\u00e9e de vie sans limite.<\/p>\n<hr \/>\n<p><em>You can say \u00ab\u00a0It&rsquo;s okay\u00a0\u00bb or \u00ab\u00a0Everything will be alright\u00a0\u00bb, the choice is yours. The Mood Duo is a nice little pack that will allow you to encourage yourself or make the person in front smile. I promise you this smiley is really contagious \ud83d\ude42<\/em><\/p>\n<p><em>During the entire development phase of this label, the search for the perfect yellow and blue lasted for several months. Several colors of threads were tested until arriving at an attenuated yellow and a retro blue with undertones of green. Initially thought of as an individual pack, these two models have been mixed to make a single pack containing 3 It&rsquo;s going to be fine labels and 3 Everything is fine labels. The dimensions are respectively 3.3cm x 4.3cm and 3.3cm x 4.7cm. The short edges are pre-folded for easy installation.<\/em><\/p>\n<p><em>laPetiteMaisonCouture textile applications are woven labels to sew on. They are made of premium quality polyester yarn; therefore they do not scratch and do not bleed. Used in good conditions, they have an unlimited lifespan.<\/em><\/p>","protected":false},"excerpt":{"rendered":"<p class=\"p1\">RETRO COLLECTION &#8211; Affirmer que\u00a0 <strong>Tout va bien<\/strong>\u00a0 ou que\u00a0 <strong>\u00c7a va aller<\/strong> &#8230; le choix est le votre! Le Duo humeur est un petit pack super sympa qui vous permettra de vous encourager vous-m\u00eame ou faire sourire la personne en face. 2 ambiances, plusieurs possibilit\u00e9s. Je vous le promets ce petit smiley jaune est vraiment contagieux \ud83d\ude42<\/p>\n<p>D\u00e9couvrir les \u00e9tiquettes de la <a href=\"https:\/\/lapetitemaisoncouture.com\/en\/retro-collection-7-juin-2023\/\"><span style=\"color: #800000\"><strong>RETRO COLLECTION<\/strong><\/span><\/a><\/p>\n<p class=\"p1\">Lire la description compl\u00e8te ci-dessous.<\/p>","protected":false},"featured_media":9755,"comment_status":"open","ping_status":"closed","template":"","meta":[],"product_brand":[],"product_cat":[208],"product_tag":[],"class_list":{"0":"post-9740","1":"product","2":"type-product","3":"status-publish","4":"has-post-thumbnail","6":"product_cat-etiquettes","8":"first","9":"instock","10":"shipping-taxable","11":"purchasable","12":"product-type-simple"},"jetpack_sharing_enabled":true,"_links":{"self":[{"href":"https:\/\/lapetitemaisoncouture.com\/en\/wp-json\/wp\/v2\/product\/9740","targetHints":{"allow":["GET"]}}],"collection":[{"href":"https:\/\/lapetitemaisoncouture.com\/en\/wp-json\/wp\/v2\/product"}],"about":[{"href":"https:\/\/lapetitemaisoncouture.com\/en\/wp-json\/wp\/v2\/types\/product"}],"replies":[{"embeddable":true,"href":"https:\/\/lapetitemaisoncouture.com\/en\/wp-json\/wp\/v2\/comments?post=9740"}],"wp:featuredmedia":[{"embeddable":true,"href":"https:\/\/lapetitemaisoncouture.com\/en\/wp-json\/wp\/v2\/media\/9755"}],"wp:attachment":[{"href":"https:\/\/lapetitemaisoncouture.com\/en\/wp-json\/wp\/v2\/media?parent=9740"}],"wp:term":[{"taxonomy":"product_brand","embeddable":true,"href":"https:\/\/lapetitemaisoncouture.com\/en\/wp-json\/wp\/v2\/product_brand?post=9740"},{"taxonomy":"product_cat","embeddable":true,"href":"https:\/\/lapetitemaisoncouture.com\/en\/wp-json\/wp\/v2\/product_cat?post=9740"},{"taxonomy":"product_tag","embeddable":true,"href":"https:\/\/lapetitemaisoncouture.com\/en\/wp-json\/wp\/v2\/product_tag?post=9740"}],"curies":[{"name":"wp","href":"https:\/\/api.w.org\/{rel}","templated":true}]}}