{"id":9734,"date":"2023-06-07T12:02:23","date_gmt":"2023-06-07T10:02:23","guid":{"rendered":"https:\/\/lapetitemaisoncouture.com\/?post_type=product&#038;p=9734"},"modified":"2026-01-15T06:31:38","modified_gmt":"2026-01-15T05:31:38","slug":"retro-x8","status":"publish","type":"product","link":"https:\/\/lapetitemaisoncouture.com\/en\/boutique\/retro-x8\/","title":{"rendered":"RETRO x8"},"content":{"rendered":"<p class=\"p1\">Pendant toute la phase de d\u00e9veloppement de cette \u00e9tiquette, il a fallu trouver les tons exactes de couleurs pour bien refl\u00e9ter le mood Retro souhait\u00e9, mais aussi des couleurs qui pourraient se complimenter. Ses dimensions sont de 2cm x 5,5cm . Les bords courts sont pr\u00e9-pli\u00e9s pour faciliter la pose.<\/p>\n<p class=\"p1\">Les applications textiles laPetiteMaisonCouture sont des \u00e9tiquettes tiss\u00e9es \u00e0 coudre. Elles sont<span class=\"Apple-converted-space\">\u00a0 <\/span>compos\u00e9es de fils polyester de qualit\u00e9 premium; de ce fait elles ne grattent pas et ne d\u00e9teignent pas. Utilis\u00e9es dans de bonnes conditions, elles ont une dur\u00e9e de vie sans limite.<\/p>\n<hr \/>\n<p><em>Emblematic label of this collection, this label speaks for itself and will speak for the garment or accessory on which it will be sewn. It is characterized by colored bands on the left and right ends of the labels.<\/em><\/p>\n<p><em>Throughout the development phase of this label, it was necessary to find the exact color tones to reflect the desired Retro mood, but also colors which would compliment each other. Its dimensions are 2cm x 5.5cm. The short edges are pre-folded to ease its sewing.<\/em><br \/>\n<em>laPetiteMaisonCouture textile applications are woven labels to sew on. They are made of premium quality polyester yarn; therefore they do not scratch and do not bleed. Used in good conditions, they have an unlimited lifespan.<\/em><\/p>","protected":false},"excerpt":{"rendered":"<p class=\"p1\">RETRO COLLECTION &#8211; Embl\u00e9matique \u00e9tiquette de cette collection cette \u00e9tiquette parle d\u2019elle m\u00eame et en dira long sur pour le v\u00eatement, l\u2019accessoire ou le style mis en sc\u00e8ne.Elle est caract\u00e9ris\u00e9 par des bandes color\u00e9es sur les extr\u00e9mit\u00e9s gauches et droites de l\u2019\u00e9tiquettes. Ces bandes de diff\u00e9rentes couleur rendent cette \u00e9tiquette facile \u00e0 marier.<\/p>\n<p>D\u00e9couvrir toutes les \u00e9tiquettes de la <a href=\"https:\/\/lapetitemaisoncouture.com\/en\/retro-collection-7-juin-2023\/\"><span style=\"color: #800000;\"><strong>RETRO COLLECTION<\/strong><\/span><\/a><\/p>\n<p class=\"p1\">Lire la description compl\u00e8te ci-dessous.<\/p>","protected":false},"featured_media":9782,"comment_status":"open","ping_status":"closed","template":"","meta":[],"product_brand":[],"product_cat":[208],"product_tag":[],"class_list":{"0":"post-9734","1":"product","2":"type-product","3":"status-publish","4":"has-post-thumbnail","6":"product_cat-etiquettes","8":"first","9":"instock","10":"shipping-taxable","11":"purchasable","12":"product-type-simple"},"jetpack_sharing_enabled":true,"_links":{"self":[{"href":"https:\/\/lapetitemaisoncouture.com\/en\/wp-json\/wp\/v2\/product\/9734","targetHints":{"allow":["GET"]}}],"collection":[{"href":"https:\/\/lapetitemaisoncouture.com\/en\/wp-json\/wp\/v2\/product"}],"about":[{"href":"https:\/\/lapetitemaisoncouture.com\/en\/wp-json\/wp\/v2\/types\/product"}],"replies":[{"embeddable":true,"href":"https:\/\/lapetitemaisoncouture.com\/en\/wp-json\/wp\/v2\/comments?post=9734"}],"wp:featuredmedia":[{"embeddable":true,"href":"https:\/\/lapetitemaisoncouture.com\/en\/wp-json\/wp\/v2\/media\/9782"}],"wp:attachment":[{"href":"https:\/\/lapetitemaisoncouture.com\/en\/wp-json\/wp\/v2\/media?parent=9734"}],"wp:term":[{"taxonomy":"product_brand","embeddable":true,"href":"https:\/\/lapetitemaisoncouture.com\/en\/wp-json\/wp\/v2\/product_brand?post=9734"},{"taxonomy":"product_cat","embeddable":true,"href":"https:\/\/lapetitemaisoncouture.com\/en\/wp-json\/wp\/v2\/product_cat?post=9734"},{"taxonomy":"product_tag","embeddable":true,"href":"https:\/\/lapetitemaisoncouture.com\/en\/wp-json\/wp\/v2\/product_tag?post=9734"}],"curies":[{"name":"wp","href":"https:\/\/api.w.org\/{rel}","templated":true}]}}