{"id":9014,"date":"2022-11-16T14:59:00","date_gmt":"2022-11-16T13:59:00","guid":{"rendered":"https:\/\/lapetitemaisoncouture.com\/?post_type=product&#038;p=9014"},"modified":"2024-02-25T22:59:43","modified_gmt":"2024-02-25T21:59:43","slug":"la-vie-est-belle-x6-edition-limitee-2","status":"publish","type":"product","link":"https:\/\/lapetitemaisoncouture.com\/en\/boutique\/la-vie-est-belle-x6-edition-limitee-2\/","title":{"rendered":"LA VIE EST BELLE x6 &#8211; \u00e9dition limit\u00e9e"},"content":{"rendered":"<p><span style=\"font-weight: 400;\">L&rsquo;id\u00e9e de cette collaboration est de vous apporter la touche d&rsquo;une autre cr\u00e9ative. L&rsquo;objectif \u00e9tant que nous mettions nos id\u00e9es ensemble pour vous apporter des designs et messages qui touchent \u00e0 nos deux univers et qui vous plairont. Cette s\u00e9rie limit\u00e9e a \u00e9t\u00e9 pens\u00e9e pour convenir aux adultes comme aux enfants afin de sublimer vos cr\u00e9ations.<\/span><\/p>\n<p><span style=\"font-weight: 400;\">Dans ce pack vous trouverez:<\/span><\/p>\n<ul>\n<li style=\"font-weight: 400;\"><span style=\"font-weight: 400;\">2 \u00e9tiquettes <strong>La vie est belle<\/strong> , chacune ayant pour dimensions 4cm x 4,3cm<\/span><\/li>\n<li style=\"font-weight: 400;\"><span style=\"font-weight: 400;\">2 \u00e9tiquettes <strong>Unique<\/strong>, chacune ayant pour dimensions 4cm x 5,5cm<\/span><\/li>\n<li style=\"font-weight: 400;\"><span style=\"font-weight: 400;\">2 \u00e9tiquettes <strong>Ce je ne sais quoi.<\/strong>\u00a0, chacune ayant pour dimensions 4cm x 4cm<\/span><\/li>\n<\/ul>\n<p><span style=\"font-weight: 400;\">Et \u00e0 l&rsquo;arri\u00e8re du pack un petit mot de chacune des cr\u00e9atrices.<\/span><\/p>\n<p><span style=\"font-weight: 400;\">Les applications textiles laPetiteMaisonCouture sont des \u00e9tiquettes tiss\u00e9es \u00e0 coudre. Elles sont fabriqu\u00e9es en Europe et compos\u00e9es de fils de qualit\u00e9 premium; de ce fait elles ne grattent pas et ne d\u00e9teignent pas. Utilis\u00e9es dans de bonnes conditions, elles ont une dur\u00e9e de vie sans limite.<\/span><\/p>\n<p>&nbsp;<\/p>\n<hr \/>\n<p><i><span style=\"font-weight: 400;\">The idea of \u200b\u200bthis collaboration is to bring to this project the touch of a fellow creative. The goal is that we put our ideas together to bring you designs and messages that speak to both our worlds and above all: that you will love. This limited series has been designed to suit adults and children and will\u00a0 enhance your own designs.\u00a0<\/span><\/i><\/p>\n<p><i><span style=\"font-weight: 400;\">In this pack you will find:\u00a0<\/span><\/i><\/p>\n<ul>\n<li style=\"font-weight: 400;\"><i><span style=\"font-weight: 400;\">2 <strong>La vie est belle<\/strong>, each measuring 4cm x 4.3cm\u00a0<\/span><\/i><\/li>\n<li style=\"font-weight: 400;\"><i><span style=\"font-weight: 400;\">2 <strong>Unique<\/strong>, each measuring 4cm x 5.5cm\u00a0<\/span><\/i><\/li>\n<li style=\"font-weight: 400;\"><i><span style=\"font-weight: 400;\">2 <strong>Ce je ne sais quoi &#8230;<\/strong>, each measuring 4cm x 4cm\u00a0<\/span><\/i><\/li>\n<\/ul>\n<p><i><span style=\"font-weight: 400;\">And at the back of the pack a little note from each of the designers.<\/span><\/i><\/p>\n<p><i><span style=\"font-weight: 400;\">LaPetiteMaisonCouture textile applications are woven labels designed to be sewn on textiles. They were designed in Paris, made in Europe and are made of premium quality threads; for this reason they don\u2019t scratch nor do their colors fade. Used in good conditions their lifespan is unlimited.<\/span><\/i><\/p>","protected":false},"excerpt":{"rendered":"<p><span style=\"color: #ff0000;\"><strong>SOLD OUT<\/strong><\/span><\/p>\n<p><span style=\"font-weight: 400;\">La vie est belle ! La toute premi\u00e8re s\u00e9rie limit\u00e9e de la Petite Maison Couture en collaboration avec Julie du blog jolies bobine qui refait son grand retour suite \u00e0 votre demande. Elle revient sous la forme d\u2019une nouvelle \u00e9dition, avec de nouvelles couleurs encore plus p\u00eachues. Cette collaboration comporte un assortiment de 3 mod\u00e8les d\u2019\u00e9tiquettes (6 \u00e9tiquettes au total par pack).<\/span><\/p>","protected":false},"featured_media":8967,"comment_status":"open","ping_status":"closed","template":"","meta":[],"product_brand":[],"product_cat":[208],"product_tag":[],"class_list":{"0":"post-9014","1":"product","2":"type-product","3":"status-publish","4":"has-post-thumbnail","6":"product_cat-etiquettes","8":"first","9":"outofstock","10":"shipping-taxable","11":"purchasable","12":"product-type-simple"},"jetpack_sharing_enabled":true,"_links":{"self":[{"href":"https:\/\/lapetitemaisoncouture.com\/en\/wp-json\/wp\/v2\/product\/9014","targetHints":{"allow":["GET"]}}],"collection":[{"href":"https:\/\/lapetitemaisoncouture.com\/en\/wp-json\/wp\/v2\/product"}],"about":[{"href":"https:\/\/lapetitemaisoncouture.com\/en\/wp-json\/wp\/v2\/types\/product"}],"replies":[{"embeddable":true,"href":"https:\/\/lapetitemaisoncouture.com\/en\/wp-json\/wp\/v2\/comments?post=9014"}],"wp:featuredmedia":[{"embeddable":true,"href":"https:\/\/lapetitemaisoncouture.com\/en\/wp-json\/wp\/v2\/media\/8967"}],"wp:attachment":[{"href":"https:\/\/lapetitemaisoncouture.com\/en\/wp-json\/wp\/v2\/media?parent=9014"}],"wp:term":[{"taxonomy":"product_brand","embeddable":true,"href":"https:\/\/lapetitemaisoncouture.com\/en\/wp-json\/wp\/v2\/product_brand?post=9014"},{"taxonomy":"product_cat","embeddable":true,"href":"https:\/\/lapetitemaisoncouture.com\/en\/wp-json\/wp\/v2\/product_cat?post=9014"},{"taxonomy":"product_tag","embeddable":true,"href":"https:\/\/lapetitemaisoncouture.com\/en\/wp-json\/wp\/v2\/product_tag?post=9014"}],"curies":[{"name":"wp","href":"https:\/\/api.w.org\/{rel}","templated":true}]}}