{"id":9013,"date":"2022-11-16T15:00:26","date_gmt":"2022-11-16T14:00:26","guid":{"rendered":"https:\/\/lapetitemaisoncouture.com\/?post_type=product&#038;p=9013"},"modified":"2026-04-11T09:47:19","modified_gmt":"2026-04-11T07:47:19","slug":"04-un-cafe-a-paris-x8","status":"publish","type":"product","link":"https:\/\/lapetitemaisoncouture.com\/en\/boutique\/04-un-cafe-a-paris-x8\/","title":{"rendered":"04 Un caf\u00e9 \u00e0 Paris x8"},"content":{"rendered":"<p><span style=\"font-weight: 400;\"><em>Un caf\u00e9 \u00e0 Paris<\/em> est le seul bouton de la collection qui mixe brillamment tons chauds et froids, ce qui en fait un bouton tr\u00e8s int\u00e9ressant \u00e0 avoir dans votre collection.\u00a0<\/span><span style=\"font-weight: 400;\">Voici les couleurs que vous pourriez voir dans ces boutons : marron, \u00e9cru, gris, bronze, bleu m\u00e9tallis\u00e9.<\/span><\/p>\n<p><span style=\"font-weight: 400;\">Nous avons cousu <em>Un caf\u00e9 \u00e0 Paris<\/em> dans les couleurs de tissus suivantes et sommes super satisfaites du r\u00e9sultat: vert, bleu, marron, vert d&rsquo;eau, marron\/beiges \u00e0 carreaux, \u00e9cru et roses fonc\u00e9s.<\/span><\/p>\n<p><span style=\"font-weight: 400;\"><strong>Quantit\u00e9 :<\/strong> Vous recevez 8 boutons par bo\u00eete.<\/span><\/p>\n<p><span style=\"font-weight: 400;\"><strong>Dimensions :<\/strong> diam\u00e8tre : 23 mm ; \u00c9paisseur : 5 mm<\/span><\/p>\n<p><span style=\"font-weight: 400;\"><strong>Couleur de fil recommand\u00e9e :<\/strong> Nous vous recommandons d&rsquo;utiliser l&rsquo;une des couleurs indiqu\u00e9es ci-dessus. Si vous souhaitez opter pour une couleur discr\u00e8te, nous vous recommandons d&rsquo;utiliser un fil dans la couleur la plus dominante pr\u00e9sente sur les boutons, ou un fil assorti au ton le plus clair.<\/span><\/p>\n<p><span style=\"font-weight: 400;\">Les boutons Pigeon Wishes sont fabriqu\u00e9s \u00e0 partir de bior\u00e9sine, ils sont donc d\u00e9riv\u00e9s de cellulose qui est plus durable que le plastique. La bior\u00e9sine se comporte diff\u00e9remment du plastique, donc plut\u00f4t que d&rsquo;\u00eatre plac\u00e9s dans un moule, les boutons ont \u00e9t\u00e9 d\u00e9coup\u00e9s au laser. Chaque bouton a un design unique.<\/span><\/p>\n<p><span style=\"font-weight: 400;\"><strong>D\u00e9tails d&rsquo;entretien:<\/strong>\u00a0<\/span><span style=\"font-weight: 400;\">Les couleurs uniques sont incrust\u00e9es dans les boutons (plut\u00f4t que peintes sur la surface). Cela veut dire que non seulement les boutons sont beaux et brillants, mais ils sont aussi solides et r\u00e9sistants. Vous pouvez laver nos boutons en machine, cependant nous vous recommandons de ne pas d\u00e9passer les 30 \u2103 .<\/span><\/p>\n<p><span style=\"font-weight: 400;\">Voir le <a href=\"https:\/\/lapetitemaisoncouture.com\/en\/lookbook-lpmc-x-pigeonwishes\/\">Lookbook<\/a> de la collection.<\/span><\/p>\n<hr \/>\n<p><em><span style=\"font-weight: 400;\">Un caf\u00e9 \u00e0 Paris is the only button of the collection that has a mix of warm and cold tones, making it a very interesting button to have in your collection.<\/span><\/em><\/p>\n<p><em><span style=\"font-weight: 400;\">Here are all the colours that you might see in these buttons: Brown, \u00c9cru, Grey, Bronze and metallic Blue.<\/span><\/em><\/p>\n<p><em><span style=\"font-weight: 400;\">We have sewn <\/span><span style=\"font-weight: 400;\">Un caf\u00e9 \u00e0 Paris<\/span><span style=\"font-weight: 400;\"> in the following fabric colours and are very happy with the result: Green, Blue, Brown, checked Brown\/Beige Gingham, \u00c9cru and dark Pinks.\u00a0<\/span><\/em><\/p>\n<p><em><span style=\"font-weight: 400;\">Un Caf\u00e9 \u00e0 Paris<\/span><span style=\"font-weight: 400;\"> is the one to go for if you are looking to add a creative touch to your garment.\u00a0<\/span><\/em><\/p>\n<p><em><b>Quantity: <\/b><span style=\"font-weight: 400;\">You receive 8 buttons per box.<\/span><\/em><\/p>\n<p><em><b>Dimensions:<\/b><span style=\"font-weight: 400;\"> Diameter: 23mm ; Thickness: 5mm<\/span><\/em><\/p>\n<p><em><b>Recommended thread colour:<\/b><span style=\"font-weight: 400;\"> We recommend using any of the colours indicated above. In case you want to go with the most discreet colour, we recommend using a thread in the most dominant colour of the buttons, or one that matches the lighter tone.\u00a0<\/span><\/em><\/p>\n<p><em><span style=\"font-weight: 400;\">Pigeon Wishes buttons are made from Bioresin, so they are derived from cellulose which is more sustainable than plastic. Bioresin behaves differently from plastic so rather than being placed into a mould, the buttons were laser cut into shape. Every single button has a unique design.<\/span><\/em><\/p>\n<p><em><b>Care Details:\u00a0<\/b><span style=\"font-weight: 400;\">The unique colours are embedded into the buttons (rather than painted on the surface) meaning not only are the buttons beautiful, they are also strong and hard wearing. You can wash and dry our buttons in a machine, we would recommend not going above 30\u2103\u00a0<\/span><\/em><\/p>\n<p><em><span style=\"font-weight: 400;\">Have a look at our <a href=\"https:\/\/lapetitemaisoncouture.com\/en\/lookbook-lpmc-x-pigeonwishes\/\">Lookbook<\/a> !<\/span><\/em><\/p>\n<p>&nbsp;<\/p>","protected":false},"excerpt":{"rendered":"<p><span style=\"font-weight: 400;\"><em>Un caf\u00e9 \u00e0 Paris<\/em> est le seul bouton de la collection qui mixe brillamment tons chauds et froids, ce qui en fait un bouton tr\u00e8s int\u00e9ressant \u00e0 avoir dans votre collection.\u00a0<\/span><span style=\"font-weight: 400;\">Voici les couleurs que vous pourriez voir dans ces boutons : marron, \u00e9cru, gris, bronze, bleu m\u00e9tallis\u00e9.<\/span><\/p>","protected":false},"featured_media":8970,"comment_status":"open","ping_status":"closed","template":"","meta":[],"product_brand":[],"product_cat":[208],"product_tag":[],"class_list":{"0":"post-9013","1":"product","2":"type-product","3":"status-publish","4":"has-post-thumbnail","6":"product_cat-etiquettes","8":"first","9":"instock","10":"featured","11":"shipping-taxable","12":"purchasable","13":"product-type-simple"},"jetpack_sharing_enabled":true,"_links":{"self":[{"href":"https:\/\/lapetitemaisoncouture.com\/en\/wp-json\/wp\/v2\/product\/9013","targetHints":{"allow":["GET"]}}],"collection":[{"href":"https:\/\/lapetitemaisoncouture.com\/en\/wp-json\/wp\/v2\/product"}],"about":[{"href":"https:\/\/lapetitemaisoncouture.com\/en\/wp-json\/wp\/v2\/types\/product"}],"replies":[{"embeddable":true,"href":"https:\/\/lapetitemaisoncouture.com\/en\/wp-json\/wp\/v2\/comments?post=9013"}],"wp:featuredmedia":[{"embeddable":true,"href":"https:\/\/lapetitemaisoncouture.com\/en\/wp-json\/wp\/v2\/media\/8970"}],"wp:attachment":[{"href":"https:\/\/lapetitemaisoncouture.com\/en\/wp-json\/wp\/v2\/media?parent=9013"}],"wp:term":[{"taxonomy":"product_brand","embeddable":true,"href":"https:\/\/lapetitemaisoncouture.com\/en\/wp-json\/wp\/v2\/product_brand?post=9013"},{"taxonomy":"product_cat","embeddable":true,"href":"https:\/\/lapetitemaisoncouture.com\/en\/wp-json\/wp\/v2\/product_cat?post=9013"},{"taxonomy":"product_tag","embeddable":true,"href":"https:\/\/lapetitemaisoncouture.com\/en\/wp-json\/wp\/v2\/product_tag?post=9013"}],"curies":[{"name":"wp","href":"https:\/\/api.w.org\/{rel}","templated":true}]}}