{"id":9009,"date":"2022-11-16T14:59:47","date_gmt":"2022-11-16T13:59:47","guid":{"rendered":"https:\/\/lapetitemaisoncouture.com\/?post_type=product&#038;p=9009"},"modified":"2026-04-13T10:48:21","modified_gmt":"2026-04-13T08:48:21","slug":"03-french-riviera-x8","status":"publish","type":"product","link":"https:\/\/lapetitemaisoncouture.com\/en\/boutique\/03-french-riviera-x8\/","title":{"rendered":"03 French Riviera x8"},"content":{"rendered":"<p><span style=\"font-weight: 400;\">On ne se lasse pas de ce bleu azur associ\u00e9 \u00e0 un blanc un chou\u00efa translucide. <em>French Riviera<\/em> suscite de la cr\u00e9ativit\u00e9 et a \u00e9voqu\u00e9 \u00e0 chacun de nous des souvenirs divers en fonction de nos origines culturelles et de nos diff\u00e9rents voyages. Nous avons cousu <em>French Riviera<\/em> sur du blanc, du bleu, mais aussi sur du gris, de l&rsquo;indigo, et du Denim! Nous pensons que ce mod\u00e8le vous laissera encore plus de place pour exprimer votre cr\u00e9ativit\u00e9.\u00a0<\/span><\/p>\n<p><span style=\"font-weight: 400;\">Si vous recherchez une affirmation douce, cool et vibrante, <em>French Riviera<\/em> sera clairement votre alli\u00e9! Essayez \u00e9galement d&rsquo;ajouter un rouge \u00e0 l\u00e8vres et faites-nous voir le look complet\u00a0 \ud83d\ude09<\/span><\/p>\n<p><b>Quantit\u00e9 :<\/b><span style=\"font-weight: 400;\"> Vous recevez 8 boutons par bo\u00eete.<\/span><\/p>\n<p><b>Dimensions : <\/b><span style=\"font-weight: 400;\">diam\u00e8tre : 23 mm ; \u00c9paisseur : 5 mm<\/span><\/p>\n<p><b>Couleur de fil recommand\u00e9e : <\/b><span style=\"font-weight: 400;\">Nous vous recommandons d&rsquo;utiliser l&rsquo;une des couleurs indiqu\u00e9es ci-dessus. Si vous souhaitez opter pour une couleur discr\u00e8te, nous vous recommandons d&rsquo;utiliser un fil dans la couleur la plus dominante pr\u00e9sente sur les boutons, ou un fil assorti au ton le plus clair.<\/span><\/p>\n<p><span style=\"font-weight: 400;\">Les boutons Pigeon Wishes sont fabriqu\u00e9s \u00e0 partir de bior\u00e9sine, ils sont donc d\u00e9riv\u00e9s de cellulose qui est plus durable que le plastique. La bior\u00e9sine se comporte diff\u00e9remment du plastique, donc plut\u00f4t que d&rsquo;\u00eatre plac\u00e9s dans un moule, les boutons ont \u00e9t\u00e9 d\u00e9coup\u00e9s au laser. Chaque bouton a un design unique.<\/span><\/p>\n<p><b>D\u00e9tails d&rsquo;entretien: <\/b><span style=\"font-weight: 400;\">Les couleurs uniques sont incrust\u00e9es dans les boutons (plut\u00f4t que peintes sur la surface). Cela veut dire que non seulement les boutons sont beaux et brillants, mais ils sont aussi solides et r\u00e9sistants. Vous pouvez laver nos boutons en machine, cependant nous vous recommandons de ne pas d\u00e9passer les 30 \u2103<\/span><\/p>\n<hr \/>\n<p><em><span style=\"font-weight: 400;\">We can\u2019t get enough of this blue paired with white!<\/span><span style=\"font-weight: 400;\"> French Riviera <\/span><span style=\"font-weight: 400;\">sparks creativity and brings various memories to each of us depending on our cultural backgrounds and our various travels. We have sewn <\/span><span style=\"font-weight: 400;\">French Riviera<\/span><span style=\"font-weight: 400;\"> on Whites, Blues, but also Indigo, Denim and Grey ! We believe you can get much more creative with this set.\u00a0<\/span><\/em><\/p>\n<p><em><span style=\"font-weight: 400;\">If you are looking for a soft yet cool and vibrant statement, <\/span><span style=\"font-weight: 400;\">French Riviera<\/span><span style=\"font-weight: 400;\"> definitely is your girl! Also try adding a red lippy and let us know \ud83d\ude09<\/span><\/em><\/p>\n<p><em><b>Quantity: <\/b><span style=\"font-weight: 400;\">You receive 8 buttons per box.<\/span><\/em><\/p>\n<p><em><b>Dimensions:<\/b><span style=\"font-weight: 400;\"> Diameter: 23mm ; Thickness: 5mm<\/span><\/em><\/p>\n<p><em><b>Recommended thread colour:<\/b><span style=\"font-weight: 400;\"> We recommend using any of the colours indicated above. In case you want to go with the most discreet colour, we recommend using a thread in the most dominant colour of the buttons, or one that matches the lighter tone.\u00a0<\/span><\/em><\/p>\n<p><em><span style=\"font-weight: 400;\">Pigeon Wishes buttons are made from Bioresin, so they are derived from cellulose which is more sustainable than plastic. Bioresin behaves differently from plastic so rather than being placed into a mould, the buttons were laser cut into shape. Every single button has a unique design.<\/span><\/em><\/p>\n<p><em><b>Care Details:\u00a0<\/b><\/em><em><span style=\"font-weight: 400;\">The unique colours are embedded into the buttons (rather than painted on the surface) meaning not only are the buttons beautiful, they are also strong and hard wearing. You can wash and dry our buttons in a machine, we would recommend not going above 30\u2103\u00a0<\/span><\/em><\/p>","protected":false},"excerpt":{"rendered":"<p><span style=\"font-weight: 400;\">On ne se lasse pas de ce bleu azur associ\u00e9 \u00e0 un blanc un chou\u00efa translucide. <em>French Riviera<\/em> suscite de la cr\u00e9ativit\u00e9 et a \u00e9voqu\u00e9 \u00e0 chacun de nous des souvenirs divers en fonction de nos origines culturelles et de nos diff\u00e9rents voyages. Nous pensons que ce mod\u00e8le vous laissera encore plus de place pour exprimer votre cr\u00e9ativit\u00e9.\u00a0<\/span><\/p>","protected":false},"featured_media":8987,"comment_status":"open","ping_status":"closed","template":"","meta":[],"product_brand":[],"product_cat":[218],"product_tag":[],"class_list":{"0":"post-9009","1":"product","2":"type-product","3":"status-publish","4":"has-post-thumbnail","6":"product_cat-boutons","8":"first","9":"instock","10":"shipping-taxable","11":"purchasable","12":"product-type-simple"},"jetpack_sharing_enabled":true,"_links":{"self":[{"href":"https:\/\/lapetitemaisoncouture.com\/en\/wp-json\/wp\/v2\/product\/9009","targetHints":{"allow":["GET"]}}],"collection":[{"href":"https:\/\/lapetitemaisoncouture.com\/en\/wp-json\/wp\/v2\/product"}],"about":[{"href":"https:\/\/lapetitemaisoncouture.com\/en\/wp-json\/wp\/v2\/types\/product"}],"replies":[{"embeddable":true,"href":"https:\/\/lapetitemaisoncouture.com\/en\/wp-json\/wp\/v2\/comments?post=9009"}],"wp:featuredmedia":[{"embeddable":true,"href":"https:\/\/lapetitemaisoncouture.com\/en\/wp-json\/wp\/v2\/media\/8987"}],"wp:attachment":[{"href":"https:\/\/lapetitemaisoncouture.com\/en\/wp-json\/wp\/v2\/media?parent=9009"}],"wp:term":[{"taxonomy":"product_brand","embeddable":true,"href":"https:\/\/lapetitemaisoncouture.com\/en\/wp-json\/wp\/v2\/product_brand?post=9009"},{"taxonomy":"product_cat","embeddable":true,"href":"https:\/\/lapetitemaisoncouture.com\/en\/wp-json\/wp\/v2\/product_cat?post=9009"},{"taxonomy":"product_tag","embeddable":true,"href":"https:\/\/lapetitemaisoncouture.com\/en\/wp-json\/wp\/v2\/product_tag?post=9009"}],"curies":[{"name":"wp","href":"https:\/\/api.w.org\/{rel}","templated":true}]}}