{"id":9007,"date":"2022-11-16T15:01:05","date_gmt":"2022-11-16T14:01:05","guid":{"rendered":"https:\/\/lapetitemaisoncouture.com\/?post_type=product&#038;p=9007"},"modified":"2025-10-30T10:28:19","modified_gmt":"2025-10-30T09:28:19","slug":"02-saint-pierre-x8","status":"publish","type":"product","link":"https:\/\/lapetitemaisoncouture.com\/en\/boutique\/02-saint-pierre-x8\/","title":{"rendered":"02 Saint-Pierre x8"},"content":{"rendered":"<p><span style=\"font-weight: 400;\">Prenez <em>Saint-Pierre<\/em> comme un bon classique. Un bon classique incontournable. Avec ses airs r\u00e9tro , comme sorti d\u2019une autre \u00e9poque, ses teintes marrons et ambr\u00e9es, le pari est qu&rsquo;il s&rsquo;accorde avec tous les v\u00eatements ou tissus que vous poss\u00e9dez. Nous l&rsquo;avons inclus dans la collection comme LE\u00a0 bouton dont nous aurons tous besoin \u00e0 un moment donn\u00e9. <em>Saint-Pierre<\/em> pr\u00e9sente un l\u00e9ger jeu de\u00a0 transparence \u00e0 sa surface, ce qui lui donne la particularit\u00e9 d&rsquo;avoir une teinte diff\u00e9rente selon le tissu plac\u00e9 en fond. Placez-le sur du blanc, puis du noir, et vous serez s\u00e9duit.<\/span><\/p>\n<p><span style=\"font-weight: 400;\"><strong>Quantit\u00e9 :<\/strong> Vous recevez 8 boutons par bo\u00eete.<\/span><\/p>\n<p><span style=\"font-weight: 400;\"><strong>Dimensions :<\/strong> diam\u00e8tre : 23 mm ; \u00c9paisseur : 5 mm<\/span><\/p>\n<p><span style=\"font-weight: 400;\"><strong>Couleur de fil recommand\u00e9e :<\/strong> Nous vous recommandons d&rsquo;utiliser l&rsquo;une des couleurs indiqu\u00e9es ci-dessus. Si vous souhaitez opter pour une couleur discr\u00e8te, nous vous recommandons d&rsquo;utiliser un fil dans la couleur la plus dominante pr\u00e9sente sur les boutons, ou un fil assorti au ton le plus clair.<\/span><\/p>\n<p><span style=\"font-weight: 400;\">Les boutons Pigeon Wishes sont fabriqu\u00e9s \u00e0 partir de bior\u00e9sine, ils sont donc d\u00e9riv\u00e9s de cellulose qui est plus durable que le plastique. La bior\u00e9sine se comporte diff\u00e9remment du plastique, donc plut\u00f4t que d&rsquo;\u00eatre plac\u00e9s dans un moule, les boutons ont \u00e9t\u00e9 d\u00e9coup\u00e9s au laser. Chaque bouton a un design unique.<\/span><\/p>\n<p><span style=\"font-weight: 400;\">Voir le <a href=\"https:\/\/lapetitemaisoncouture.com\/en\/lookbook-lpmc-x-pigeonwishes\/\">Lookbook<\/a> de la collection.<\/span><\/p>\n<hr \/>\n<p><em><span style=\"font-weight: 400;\">Take <\/span><span style=\"font-weight: 400;\">Saint-Pierre <\/span><span style=\"font-weight: 400;\">as your staple. With its vintage\/old timer vibes, its Brown and Amber hues, this set goes with every single garment or fabric you own. We brought her in as the button that we all need at some point. <\/span><span style=\"font-weight: 400;\">Saint-Pierre<\/span><span style=\"font-weight: 400;\"> has a slightly transparent game going on at its surface, which gives it the particularity of having a different shade depending on the fabric placed at the background. Place it on top of white, then black, and you will be beguiled.<\/span><\/em><\/p>\n<p><em><b>Quantit\u00e9: <\/b><span style=\"font-weight: 400;\">You receive 8 buttons per box.<\/span><\/em><\/p>\n<p><em><b>Dimensions:<\/b><span style=\"font-weight: 400;\"> Diameter: 23mm ; Thickness: 5mm<\/span><\/em><\/p>\n<p><em><span style=\"font-weight: 400;\"><b>Recommended thread colour:\u00a0<\/b>We recommend using any of the colours indicated above. In case you want to go with the most discreet colour, we recommend using a thread in the most dominant colour of the buttons, or one that matches the lighter tone.\u00a0<\/span><\/em><\/p>\n<p><em><span style=\"font-weight: 400;\">Pigeon Wishes buttons are made from Bioresin, so they are derived from cellulose which is more sustainable than plastic. Bioresin behaves differently from plastic so rather than being placed into a mould, the buttons were laser cut into shape. Every single button has a unique design.<\/span><\/em><\/p>\n<p><em><b>Conseil d\u2019entretien:\u00a0<\/b><span style=\"font-weight: 400;\">The unique colours are embedded into the buttons (rather than painted on the surface) meaning not only are the buttons beautiful, they are also strong and hard wearing. You can wash and dry our buttons in a machine, we would recommend not going above 30\u2103\u00a0<\/span><\/em><\/p>\n<p><em><span style=\"font-weight: 400;\">Have a look at our <a href=\"https:\/\/lapetitemaisoncouture.com\/en\/lookbook-lpmc-x-pigeonwishes\/\">Lookbook <\/a><\/span><\/em><\/p>\n<p>&nbsp;<\/p>","protected":false},"excerpt":{"rendered":"<p><span style=\"font-weight: 400;\">Prenez <em>Saint-Pierre<\/em> comme un bon classique. Un bon classique incontournable. Avec ses airs r\u00e9tro , comme sorti d\u2019une autre \u00e9poque, ses teintes marrons et ambr\u00e9es, le pari est qu&rsquo;il s&rsquo;accorde avec tous les v\u00eatements ou tissus que vous poss\u00e9dez.<\/span><\/p>","protected":false},"featured_media":8980,"comment_status":"open","ping_status":"closed","template":"","meta":[],"product_brand":[],"product_cat":[218],"product_tag":[],"class_list":{"0":"post-9007","1":"product","2":"type-product","3":"status-publish","4":"has-post-thumbnail","6":"product_cat-boutons","8":"first","9":"outofstock","10":"shipping-taxable","11":"purchasable","12":"product-type-simple"},"jetpack_sharing_enabled":true,"_links":{"self":[{"href":"https:\/\/lapetitemaisoncouture.com\/en\/wp-json\/wp\/v2\/product\/9007","targetHints":{"allow":["GET"]}}],"collection":[{"href":"https:\/\/lapetitemaisoncouture.com\/en\/wp-json\/wp\/v2\/product"}],"about":[{"href":"https:\/\/lapetitemaisoncouture.com\/en\/wp-json\/wp\/v2\/types\/product"}],"replies":[{"embeddable":true,"href":"https:\/\/lapetitemaisoncouture.com\/en\/wp-json\/wp\/v2\/comments?post=9007"}],"wp:featuredmedia":[{"embeddable":true,"href":"https:\/\/lapetitemaisoncouture.com\/en\/wp-json\/wp\/v2\/media\/8980"}],"wp:attachment":[{"href":"https:\/\/lapetitemaisoncouture.com\/en\/wp-json\/wp\/v2\/media?parent=9007"}],"wp:term":[{"taxonomy":"product_brand","embeddable":true,"href":"https:\/\/lapetitemaisoncouture.com\/en\/wp-json\/wp\/v2\/product_brand?post=9007"},{"taxonomy":"product_cat","embeddable":true,"href":"https:\/\/lapetitemaisoncouture.com\/en\/wp-json\/wp\/v2\/product_cat?post=9007"},{"taxonomy":"product_tag","embeddable":true,"href":"https:\/\/lapetitemaisoncouture.com\/en\/wp-json\/wp\/v2\/product_tag?post=9007"}],"curies":[{"name":"wp","href":"https:\/\/api.w.org\/{rel}","templated":true}]}}