{"id":9004,"date":"2022-11-16T14:59:18","date_gmt":"2022-11-16T13:59:18","guid":{"rendered":"https:\/\/lapetitemaisoncouture.com\/?post_type=product&#038;p=9004"},"modified":"2025-02-16T12:37:43","modified_gmt":"2025-02-16T11:37:43","slug":"01-creme-de-la-creme-x8","status":"publish","type":"product","link":"https:\/\/lapetitemaisoncouture.com\/en\/boutique\/01-creme-de-la-creme-x8\/","title":{"rendered":"01 Cr\u00e8me de la cr\u00e8me x8"},"content":{"rendered":"<p><span style=\"font-weight: 400\">Avec ses tons de roses, de rouges, de bordeaux, de beiges, d&rsquo;\u00e9crus et de blancs, <em>cr\u00e8me de la cr\u00e8me<\/em> est un magnifique bouton qui aura un fini \u00e0 la fois doux et doux associ\u00e9 \u00e0 l&rsquo;un des teintes de couleurs, ou cama\u00efeux qu&rsquo;elle sugg\u00e8re.\u00a0<\/span><\/p>\n<p><span style=\"font-weight: 400\">Nous avons cousu <em>Cr\u00e8me de la cr\u00e8me<\/em> sur les couleurs de tissu suivantes et nous sommes tr\u00e8s satisfaits du r\u00e9sultat : Ivoire, Marron, Rouge Flashy, Beige, Tissu \u00e0 motifs Rouge, Rose, Blush et bien d&rsquo;autres.<\/span><\/p>\n<p><span style=\"font-weight: 400\">Si vous recherchez une finition douce et chaleureuse pour votre projet, <em>Cr\u00e8me de la cr\u00e8me<\/em> est un bouton qui pourrait vous plaire. Nous parions que vous aurez m\u00eame envie de le go\u00fbter !<\/span><\/p>\n<p><span style=\"font-weight: 400\"><strong>Quantit\u00e9 :<\/strong> Vous recevez 8 boutons par bo\u00eete.<\/span><\/p>\n<p><span style=\"font-weight: 400\"><strong>Dimensions :<\/strong> diam\u00e8tre : 23 mm ; \u00c9paisseur : 5 mm<\/span><\/p>\n<p><span style=\"font-weight: 400\"><strong>Couleur de fil recommand\u00e9e :<\/strong> Nous vous recommandons d&rsquo;utiliser l&rsquo;une des couleurs indiqu\u00e9es ci-dessus. Si vous souhaitez opter pour une couleur discr\u00e8te, nous vous recommandons d&rsquo;utiliser un fil dans la couleur la plus dominante pr\u00e9sente sur les boutons, ou un fil assorti au ton le plus clair.<\/span><\/p>\n<p><strong>D\u00e9tails d&rsquo;entretien:\u00a0<\/strong><span style=\"font-weight: 400\">Les couleurs uniques sont incrust\u00e9es dans les boutons (plut\u00f4t que peintes sur la surface). Cela veut dire que non seulement les boutons sont beaux et brillants, mais ils sont aussi solides et r\u00e9sistants. Vous pouvez laver nos boutons en machine, cependant nous vous recommandons de ne pas d\u00e9passer les 30 \u2103 .<\/span><\/p>\n<p><span style=\"font-weight: 400\">Les boutons Pigeon Wishes sont fabriqu\u00e9s \u00e0 partir de bior\u00e9sine, ils sont donc d\u00e9riv\u00e9s de cellulose qui est plus durable que le plastique. La bior\u00e9sine se comporte diff\u00e9remment du plastique, donc plut\u00f4t que d&rsquo;\u00eatre plac\u00e9s dans un moule, les boutons ont \u00e9t\u00e9 d\u00e9coup\u00e9s au laser. Chaque bouton a un design unique.<\/span><\/p>\n<p><span style=\"font-weight: 400\">D\u00e9couvrir le <a href=\"https:\/\/lapetitemaisoncouture.com\/en\/lookbook-lpmc-x-pigeonwishes\/\">Lookbook<\/a> de la collection !<\/span><\/p>\n<hr \/>\n<p><em><span style=\"font-weight: 400\">With its tones of Pinks, Reds, Bordeaux, Beiges, \u00c9crus and Whites, <\/span><span style=\"font-weight: 400\">cr\u00e8me de la cr\u00e8me<\/span><span style=\"font-weight: 400\"> is an absolutely beautiful button that looks amazing paired with any of the colours that she features with, or any of the above colour hues. We bet you might even want to taste it!<\/span><\/em><\/p>\n<p><em><span style=\"font-weight: 400\">We have sewn <\/span><span style=\"font-weight: 400\">Cr\u00e8me de la cr\u00e8me<\/span><span style=\"font-weight: 400\"> on the following fabric colours and have been really happy with the result :\u00a0 Ivory, Brown, Flashy Red, Beige, Red patterned fabric, Pink, Blush and so many more.\u00a0\u00a0<\/span><\/em><\/p>\n<p><em><span style=\"font-weight: 400\">If you are looking for a soft, sweet and warm finish to your project, <\/span><span style=\"font-weight: 400\">Cr\u00e8me de la cr\u00e8me<\/span><span style=\"font-weight: 400\"> is a button you will want to gravitate towards. And if you wear lipstick, you might also find it interesting to pair it with your favourite red lipstick.<\/span><\/em><\/p>\n<p><em><b>Quantity: <\/b><span style=\"font-weight: 400\">You receive 8 buttons per box.<\/span><\/em><\/p>\n<p><em><b>Dimensions:<\/b><span style=\"font-weight: 400\"> Diameter: 23mm ; Thickness: 5mm<\/span><\/em><\/p>\n<p><em><b>Recommended thread colour:<\/b><span style=\"font-weight: 400\"> We recommend using any of the colours indicated above. In case you want to go with the most discreet colour, we recommend using a thread in the most dominant colour of the buttons, or one that matches the lighter tone.\u00a0<\/span><\/em><\/p>\n<p><em><span style=\"font-weight: 400\">Pigeon Wishes buttons are made from Bioresin, so they are derived from cellulose which is more sustainable than plastic. Bioresin behaves differently from plastic so rather than being placed into a mould, the buttons were laser cut into shape. Every single button has a unique design.\u00a0<\/span><\/em><\/p>\n<p><em><b>Care Details:\u00a0<\/b><\/em><em><span style=\"font-weight: 400\">The unique colours are embedded into the buttons (rather than painted on the surface) meaning not only are the buttons beautiful, they are also strong and hard wearing. You can wash and dry our buttons in a machine, we would recommend not going above 30\u2103\u00a0<\/span><\/em><\/p>\n<p><em><span style=\"font-weight: 400\">Have a look at our <a href=\"https:\/\/lapetitemaisoncouture.com\/en\/lookbook-lpmc-x-pigeonwishes\/\">Lookbook<\/a> !<\/span><\/em><\/p>\n<p>&nbsp;<\/p>","protected":false},"excerpt":{"rendered":"<p>SOLD OUT<\/p>\n<p>Si vous recherchez une finition douce et chaleureuse pour votre projet, Cr\u00e8me de la cr\u00e8me est un bouton qui pourrait vous plaire. Nous parions que vous aurez m\u00eame envie de le go\u00fbter !<\/p>","protected":false},"featured_media":8977,"comment_status":"open","ping_status":"closed","template":"","meta":[],"product_brand":[],"product_cat":[208],"product_tag":[],"class_list":{"0":"post-9004","1":"product","2":"type-product","3":"status-publish","4":"has-post-thumbnail","6":"product_cat-etiquettes","8":"first","9":"outofstock","10":"shipping-taxable","11":"purchasable","12":"product-type-simple"},"jetpack_sharing_enabled":true,"_links":{"self":[{"href":"https:\/\/lapetitemaisoncouture.com\/en\/wp-json\/wp\/v2\/product\/9004","targetHints":{"allow":["GET"]}}],"collection":[{"href":"https:\/\/lapetitemaisoncouture.com\/en\/wp-json\/wp\/v2\/product"}],"about":[{"href":"https:\/\/lapetitemaisoncouture.com\/en\/wp-json\/wp\/v2\/types\/product"}],"replies":[{"embeddable":true,"href":"https:\/\/lapetitemaisoncouture.com\/en\/wp-json\/wp\/v2\/comments?post=9004"}],"wp:featuredmedia":[{"embeddable":true,"href":"https:\/\/lapetitemaisoncouture.com\/en\/wp-json\/wp\/v2\/media\/8977"}],"wp:attachment":[{"href":"https:\/\/lapetitemaisoncouture.com\/en\/wp-json\/wp\/v2\/media?parent=9004"}],"wp:term":[{"taxonomy":"product_brand","embeddable":true,"href":"https:\/\/lapetitemaisoncouture.com\/en\/wp-json\/wp\/v2\/product_brand?post=9004"},{"taxonomy":"product_cat","embeddable":true,"href":"https:\/\/lapetitemaisoncouture.com\/en\/wp-json\/wp\/v2\/product_cat?post=9004"},{"taxonomy":"product_tag","embeddable":true,"href":"https:\/\/lapetitemaisoncouture.com\/en\/wp-json\/wp\/v2\/product_tag?post=9004"}],"curies":[{"name":"wp","href":"https:\/\/api.w.org\/{rel}","templated":true}]}}