{"id":8594,"date":"2022-05-09T11:00:11","date_gmt":"2022-05-09T09:00:11","guid":{"rendered":"https:\/\/lapetitemaisoncouture.com\/?post_type=product&#038;p=8594"},"modified":"2026-03-22T13:35:06","modified_gmt":"2026-03-22T12:35:06","slug":"selfcare-is-power-x8-edition-limitee","status":"publish","type":"product","link":"https:\/\/lapetitemaisoncouture.com\/en\/boutique\/selfcare-is-power-x8-edition-limitee\/","title":{"rendered":"Selfcare is power x8 &#8211; Edition limit\u00e9e"},"content":{"rendered":"<p>Cette collaboration s\u2019inscrit dans le cadre de la campagne feel good que m\u00e8ne Fibre Mood depuis le d\u00e9but du printemps 2022. C\u2019est dans ce cadre que nous avons pens\u00e9 qu\u2019il serait g\u00e9nial d\u2019apporter quelques outils pour aider et encourager \u00e0 prendre un moment pour prendre soin de soi. En effet c\u2019est dans ces moments que nous arrivons \u00e9galement \u00e0 nous reconnecter avec nous-m\u00eame et \u00e0 trouver ce qui fait notre force au quotidien.<span class=\"Apple-converted-space\">\u00a0<\/span><\/p>\n<p>Dans ce pack vous trouverez:<\/p>\n<ul>\n<li>2 \u00e9tiquettes \u201cBonjour mon amour\u201d , chacune ayant pour dimensions 2,8cm 4,8xcm<\/li>\n<li>2 \u00e9tiquettes \u201cHappy Soul\u201d, \u00a0chacune ayant pour dimensions 4cm x 5cm<\/li>\n<li>2 \u00e9tiquettes \u201cDaily selfcare menu \u201d\u00a0,\u00a0chacune ayant pour dimensions 4cm x 5,1cm<\/li>\n<li>2 \u00e9tiquettes \u201c\u2026and relax\u201d\u00a0,\u00a0chacune ayant pour dimensions 4,5cm x 5cm<\/li>\n<\/ul>\n<p>Les applications textiles laPetiteMaisonCouture sont des \u00e9tiquettes tiss\u00e9es \u00e0 coudre. Elles sont compos\u00e9es de fils de polyester de qualit\u00e9 premium; de ce fait elles ne grattent pas et ne d\u00e9teignent pas. Utilis\u00e9es dans de bonnes conditions, elles ont une dur\u00e9e de vie sans limite.<span class=\"Apple-converted-space\">\u00a0<\/span><\/p>\n<hr \/>\n<p><em>Selfcare is Power, this pack imagined in collaboration with Fibre Mood, contains 100% feel good, positive and wellness messages. A perfect little package to gift to yourself or to someone you cherish; it will by all means make your soul smile.<\/em><\/p>\n<p><em>This collaboration is part of the feel good campaign initiated by Fibre Mood in spring 2022. We have united our strengths to provide you with some tools to help and encourage you to take some time to take care of yourself. It indeed in these moments that we also manage to reconnect with ourselves and find what makes us strong on a daily basis.<\/em><\/p>\n<p><em>In this pack you will find:<\/em><\/p>\n<ul>\n<li><em>\u00a02 \u201cBonjour mon amour\u201d labels, each with dimensions 2,8cm 4,8xcm<\/em><\/li>\n<li><em>\u00a02 \u201cHappy Soul\u201d labels, each measuring 4cm x 5cm<\/em><\/li>\n<li><em>\u00a02 \u201cDaily selfcare menu\u201d labels, each measuring 4cm x 5,1cm<\/em><\/li>\n<li><em>\u00a02 \u201c\u2026and relax\u201d labels, each measuring 4,5cm x 5cm<\/em><\/li>\n<\/ul>\n<p><em>laPetiteMaisonCouture textile applications are woven labels to sew on. They are made of premium quality polyester threads; therefore they do not scratch and do not bleed. Used in good conditions, they have an unlimited lifespan.<\/em><\/p>","protected":false},"excerpt":{"rendered":"<p>Selfcare is Power ce pack imagin\u00e9 en collaboration avec la magazine Fibre Mood, contient des messages 100% orient\u00e9s feel good, douceur et positivit\u00e9. Un parfait petit paquet \u00e0 s\u2019offrir ou \u00e0 offrir: il fera forc\u00e9ment sourire le coeur !<\/p>\n<p>Lire la description compl\u00e8te ci-dessous.<\/p>","protected":false},"featured_media":8595,"comment_status":"open","ping_status":"closed","template":"","meta":[],"product_brand":[],"product_cat":[208],"product_tag":[],"class_list":{"0":"post-8594","1":"product","2":"type-product","3":"status-publish","4":"has-post-thumbnail","6":"product_cat-etiquettes","8":"first","9":"instock","10":"shipping-taxable","11":"purchasable","12":"product-type-simple"},"jetpack_sharing_enabled":true,"_links":{"self":[{"href":"https:\/\/lapetitemaisoncouture.com\/en\/wp-json\/wp\/v2\/product\/8594","targetHints":{"allow":["GET"]}}],"collection":[{"href":"https:\/\/lapetitemaisoncouture.com\/en\/wp-json\/wp\/v2\/product"}],"about":[{"href":"https:\/\/lapetitemaisoncouture.com\/en\/wp-json\/wp\/v2\/types\/product"}],"replies":[{"embeddable":true,"href":"https:\/\/lapetitemaisoncouture.com\/en\/wp-json\/wp\/v2\/comments?post=8594"}],"wp:featuredmedia":[{"embeddable":true,"href":"https:\/\/lapetitemaisoncouture.com\/en\/wp-json\/wp\/v2\/media\/8595"}],"wp:attachment":[{"href":"https:\/\/lapetitemaisoncouture.com\/en\/wp-json\/wp\/v2\/media?parent=8594"}],"wp:term":[{"taxonomy":"product_brand","embeddable":true,"href":"https:\/\/lapetitemaisoncouture.com\/en\/wp-json\/wp\/v2\/product_brand?post=8594"},{"taxonomy":"product_cat","embeddable":true,"href":"https:\/\/lapetitemaisoncouture.com\/en\/wp-json\/wp\/v2\/product_cat?post=8594"},{"taxonomy":"product_tag","embeddable":true,"href":"https:\/\/lapetitemaisoncouture.com\/en\/wp-json\/wp\/v2\/product_tag?post=8594"}],"curies":[{"name":"wp","href":"https:\/\/api.w.org\/{rel}","templated":true}]}}