{"id":8338,"date":"2022-02-10T23:14:03","date_gmt":"2022-02-10T22:14:03","guid":{"rendered":"https:\/\/lapetitemaisoncouture.com\/?post_type=product&#038;p=8338"},"modified":"2026-01-28T16:58:15","modified_gmt":"2026-01-28T15:58:15","slug":"petite-cherie-t-2-x6","status":"publish","type":"product","link":"https:\/\/lapetitemaisoncouture.com\/en\/boutique\/petite-cherie-t-2-x6\/","title":{"rendered":"Petite ch\u00e9rie (T.2) X6"},"content":{"rendered":"<p>Toujours avec cette police rouge retro-chic qu\u2019on aime, <strong>Petite ch\u00e9rie<\/strong> est tiss\u00e9e sur un fond vieux rose. Le contraste des couleurs n\u2019est pas aussi marquant que \u00ab\u00a0Bonjour Beaut\u00e9\u00a0\u00bb ce qui fait d\u2019elle une vraie petite douceur. Les couleurs ont \u00e9t\u00e9 choisies pour complimenter les couleurs de v\u00eatements et accessoires que l\u2019on retrouve g\u00e9n\u00e9ralement dans la garde-robe des tous petits. Les dimensions de la taille 2 sont de 6,5cm x 1,5cm (les dimensions de la <a href=\"https:\/\/lapetitemaisoncouture.com\/en\/boutique\/petite-cherie-x8\/\"><span style=\"color: #ff0000\">Taille 1<\/span><\/a>: 5,3cm x 1cm). Ses bords courts sont pr\u00e9-pli\u00e9s pour vous faciliter la pose.<\/p>\n<p>Les applications textiles laPetiteMaisonCouture sont des \u00e9tiquettes tiss\u00e9es \u00e0 coudre. Elles sont compos\u00e9es de fils de qualit\u00e9 premium; de ce fait elles ne grattent pas et ne d\u00e9teignent pas. Utilis\u00e9es dans de bonnes conditions, elles ont une dur\u00e9e de vie sans limite.<span class=\"Apple-converted-space\">\u00a0<\/span><\/p>\n<hr \/>\n<p><em>Even though our little darlings are growing, they still stay little darlings in our heart. We have brought to you a second version of this label which now has bigger dimensions!\u00a0<\/em><em><strong>Petite ch\u00e9rie<\/strong> is a short affective note designed for the garments and accessories of your little ones. A perfect finish to children\u2019s clothing.\u00a0<\/em><\/p>\n<p><i>With this retro-chic red font\u00a0that we all love, <\/i><strong>Petite Ch\u00e9rie <\/strong><i>is woven on a dusty rose background. The contrast in colors is not as striking as on \u00ab\u00a0Bonjour Beaut\u00e9\u00a0\u00bb making this label a true little candy. Its colors have been chosen to complement colors we usually find on children\u2019s clothing and accessories. Dimensions of this Size 2 (T.2) are 6,5cm x 1,5cm (dimensions of <a href=\"https:\/\/lapetitemaisoncouture.com\/en\/boutique\/petite-cherie-x8\/\"><span style=\"color: #ff0000\">size 1 -T.1<\/span><\/a> are 5,3cm x 1cm). its short sides have been pre-folded in order to ease its application.<\/i><span class=\"Apple-converted-space\">\u00a0<\/span><\/p>\n<p><em>LaPetiteMaisonCouture textile applications are woven labels designed to be sewn on textiles. They are designed in Paris and are made of premium quality threads; for this reason they don\u2019t scratch nor do their colors fade. Used in good conditions their lifespan is unlimited.<span class=\"Apple-converted-space\">\u00a0<\/span><\/em><\/p>","protected":false},"excerpt":{"rendered":"<p>Parce que nos petites ch\u00e9ries bien qu\u2019elles grandissent, restent toujours nos petites ch\u00e9ries, nous avons agrandi les dimensions de cette \u00e9tiquette afin de vous la proposer \u00e9galement dans une plus grande taille.<\/p>\n<p><strong>Petite ch\u00e9rie<\/strong> est une note d\u2019affection pens\u00e9e pour les v\u00eatements et accessoires de vos tous petits. Une parfaite finition pour un v\u00eatement d\u2019enfant.<\/p>\n<p>Voir la description compl\u00e8te ci-dessous.<\/p>\n<p>Trouver la Taille 1 <a href=\"https:\/\/lapetitemaisoncouture.com\/en\/boutique\/petite-cherie-x8\/\"><span style=\"color: #ff0000\">ici<\/span><\/a><\/p>","protected":false},"featured_media":8341,"comment_status":"open","ping_status":"closed","template":"","meta":[],"product_brand":[],"product_cat":[208],"product_tag":[],"class_list":{"0":"post-8338","1":"product","2":"type-product","3":"status-publish","4":"has-post-thumbnail","6":"product_cat-etiquettes","8":"first","9":"instock","10":"shipping-taxable","11":"purchasable","12":"product-type-simple"},"jetpack_sharing_enabled":true,"_links":{"self":[{"href":"https:\/\/lapetitemaisoncouture.com\/en\/wp-json\/wp\/v2\/product\/8338","targetHints":{"allow":["GET"]}}],"collection":[{"href":"https:\/\/lapetitemaisoncouture.com\/en\/wp-json\/wp\/v2\/product"}],"about":[{"href":"https:\/\/lapetitemaisoncouture.com\/en\/wp-json\/wp\/v2\/types\/product"}],"replies":[{"embeddable":true,"href":"https:\/\/lapetitemaisoncouture.com\/en\/wp-json\/wp\/v2\/comments?post=8338"}],"wp:featuredmedia":[{"embeddable":true,"href":"https:\/\/lapetitemaisoncouture.com\/en\/wp-json\/wp\/v2\/media\/8341"}],"wp:attachment":[{"href":"https:\/\/lapetitemaisoncouture.com\/en\/wp-json\/wp\/v2\/media?parent=8338"}],"wp:term":[{"taxonomy":"product_brand","embeddable":true,"href":"https:\/\/lapetitemaisoncouture.com\/en\/wp-json\/wp\/v2\/product_brand?post=8338"},{"taxonomy":"product_cat","embeddable":true,"href":"https:\/\/lapetitemaisoncouture.com\/en\/wp-json\/wp\/v2\/product_cat?post=8338"},{"taxonomy":"product_tag","embeddable":true,"href":"https:\/\/lapetitemaisoncouture.com\/en\/wp-json\/wp\/v2\/product_tag?post=8338"}],"curies":[{"name":"wp","href":"https:\/\/api.w.org\/{rel}","templated":true}]}}