{"id":8331,"date":"2022-02-10T17:45:22","date_gmt":"2022-02-10T16:45:22","guid":{"rendered":"https:\/\/lapetitemaisoncouture.com\/?post_type=product&#038;p=8331"},"modified":"2026-03-22T13:35:06","modified_gmt":"2026-03-22T12:35:06","slug":"life-is-a-party-x-8","status":"publish","type":"product","link":"https:\/\/lapetitemaisoncouture.com\/en\/boutique\/life-is-a-party-x-8\/","title":{"rendered":"Life is a party x8"},"content":{"rendered":"<p><em>With its black text on an ecru background, this label is framed, like to center our attention on the message it conveys. It is punctuated with a red confetti that brings a dash of color and visually enlightens the message. the dimensions are 3,8cm x 2,9cm and the short sides have been pre-folded in oder to ease its application. <\/em><\/p>\n<p><em>LaPetiteMaisonCouture textile applications are woven labels designed to be sewn on textiles. They were designed in Paris, made in Europe and are made of premium quality threads; for this reason they don\u2019t scratch nor do their colors fade. Used in good conditions their lifespan is unlimited.<\/em><\/p>\n<hr \/>\n<p>\ud83c\uddeb\ud83c\uddf7 Version fran\u00e7aise\u00a0<a href=\"https:\/\/lapetitemaisoncouture.com\/en\/boutique\/la-vie-est-une-fete-habille-toi-x8\/\"><span style=\"color: #ff0000;\">ici<\/span><\/a><\/p>\n<p>Inspir\u00e9e de la c\u00e9l\u00e8bre phrase d\u2019Audrey Hepburn, l\u2019\u00e9tiquette <strong>La vie est une f\u00eate habille-toi en cons\u00e9quence<\/strong> a \u00e9t\u00e9 pens\u00e9e pour aller avec tout v\u00eatement qui vous met en joie, m\u00eame s\u2019il s\u2019agit d\u2019un T-shirt. Cousue \u00e0 l\u2019int\u00e9rieur elle mettra votre coeur en f\u00eate; Cousue \u00e0 l\u2019ext\u00e9rieur: elle inspirera forc\u00e9ment plus d\u2019un.<\/p>\n<p>Sur un fond \u00e9cru avec un texte noir, cette application est encadr\u00e9e comme pour centrer l\u2019attention sur le message qu\u2019elle porte. Elle est ponctu\u00e9e par un confetti rouge qui \u00e9gaye visuellement le message. Ses dimensions sont de 3,8cm x 2,9cm et ses bords courts sont pr\u00e9-pli\u00e9s pour vous faciliter la pose.<\/p>\n<p>Les applications textiles laPetiteMaisonCouture sont des \u00e9tiquettes tiss\u00e9es \u00e0 coudre. Elles sont fabriqu\u00e9es en Europe et compos\u00e9es de fils de qualit\u00e9 premium; de ce fait elles ne grattent pas et ne d\u00e9teignent pas. Utilis\u00e9es dans de bonnes conditions, elles ont une dur\u00e9e de vie sans limite.<\/p>","protected":false},"excerpt":{"rendered":"<p><em>Inspired by a famous quote from Audrey Hepburn, this label\u00a0has been designed to go with any outfit or piece of clothing that brings you joy, even a T-shirt. Sewn on the inside: it will bring happiness to your heart. Sewn on the outside: It will definately inspire more than one.<\/em><\/p>\n<p>\ud83c\uddeb\ud83c\uddf7 Version fran\u00e7aise\u00a0<a href=\"https:\/\/lapetitemaisoncouture.com\/en\/boutique\/la-vie-est-une-fete-habille-toi-x8\/\"><span style=\"color: #ff0000;\">ici<\/span><\/a><\/p>","protected":false},"featured_media":8332,"comment_status":"open","ping_status":"closed","template":"","meta":[],"product_brand":[],"product_cat":[208],"product_tag":[],"class_list":{"0":"post-8331","1":"product","2":"type-product","3":"status-publish","4":"has-post-thumbnail","6":"product_cat-etiquettes","8":"first","9":"instock","10":"shipping-taxable","11":"purchasable","12":"product-type-simple"},"jetpack_sharing_enabled":true,"_links":{"self":[{"href":"https:\/\/lapetitemaisoncouture.com\/en\/wp-json\/wp\/v2\/product\/8331","targetHints":{"allow":["GET"]}}],"collection":[{"href":"https:\/\/lapetitemaisoncouture.com\/en\/wp-json\/wp\/v2\/product"}],"about":[{"href":"https:\/\/lapetitemaisoncouture.com\/en\/wp-json\/wp\/v2\/types\/product"}],"replies":[{"embeddable":true,"href":"https:\/\/lapetitemaisoncouture.com\/en\/wp-json\/wp\/v2\/comments?post=8331"}],"wp:featuredmedia":[{"embeddable":true,"href":"https:\/\/lapetitemaisoncouture.com\/en\/wp-json\/wp\/v2\/media\/8332"}],"wp:attachment":[{"href":"https:\/\/lapetitemaisoncouture.com\/en\/wp-json\/wp\/v2\/media?parent=8331"}],"wp:term":[{"taxonomy":"product_brand","embeddable":true,"href":"https:\/\/lapetitemaisoncouture.com\/en\/wp-json\/wp\/v2\/product_brand?post=8331"},{"taxonomy":"product_cat","embeddable":true,"href":"https:\/\/lapetitemaisoncouture.com\/en\/wp-json\/wp\/v2\/product_cat?post=8331"},{"taxonomy":"product_tag","embeddable":true,"href":"https:\/\/lapetitemaisoncouture.com\/en\/wp-json\/wp\/v2\/product_tag?post=8331"}],"curies":[{"name":"wp","href":"https:\/\/api.w.org\/{rel}","templated":true}]}}