{"id":7822,"date":"2021-12-01T07:40:25","date_gmt":"2021-12-01T06:40:25","guid":{"rendered":"https:\/\/lapetitemaisoncouture.com\/?post_type=product&#038;p=7822"},"modified":"2026-03-05T11:15:20","modified_gmt":"2026-03-05T10:15:20","slug":"dream-big-aubergine-x-4","status":"publish","type":"product","link":"https:\/\/lapetitemaisoncouture.com\/en\/boutique\/dream-big-aubergine-x-4\/","title":{"rendered":"DREAM BIG &#8211; Aubergine x 4"},"content":{"rendered":"<p><span style=\"font-weight: 400\"><strong>Dream Big \/ R\u00eaver en Grand<\/strong>\u00a0est l\u2019ultime \u00e9tiquette de cette ann\u00e9e 2021. Ses dimensions d&rsquo;environs 5,5cm x 7,4cm font d\u2019elle la plus grande \u00e9tiquette de cette collection. Elle existe en fran\u00e7ais et en anglais et dans deux couleurs : Aubergine sur fond rose poudr\u00e9, et bleu marine sur un fond gris perl\u00e9.\u00a0<\/span><\/p>\n<p><span style=\"font-weight: 400\"><span style=\"color: #ff9900\"><strong>Astuce!<\/strong>\u00a0<\/span>N\u2019h\u00e9sitez pas \u00e0 coudre l\u2019\u00e9tiquette \u00e0 maximum 10cm du bord de l\u2019\u00e9charpe. Aussi pour assurer une jolie pose de l\u2019\u00e9tiquette, faites tout votre possible pour coudre le plus pr\u00e8s possible du bord (1-2mm max!).\u00a0<\/span><\/p>\n<p><span style=\"font-weight: 400\">Les applications textiles laPetiteMaisonCouture sont des \u00e9tiquettes tiss\u00e9es \u00e0 coudre. Elles sont compos\u00e9es de fils de polyester de qualit\u00e9 premium; de ce fait, elles ne grattent pas et ne d\u00e9teignent pas. Utilis\u00e9es dans de bonnes conditions, elles ont une dur\u00e9e de vie sans limite.\u00a0<\/span><\/p>\n<hr \/>\n<p><em><span style=\"font-weight: 400\">Designed with the idea of sewing or embroidering the edges of these labels to our chunky scarves, this XL tag is the largest tag of the entire collection. Its short, strong and yet simple message will not be forgotten anytime soon.<\/span><\/em><\/p>\n<p><em><span style=\"font-weight: 400\"><strong>Dream Big \/ R\u00eaver en Grand<\/strong> &#8211; is the ultimate label for this year 2021. Its dimensions of approximately 5.5cm x 7.4cm make it the largest label in this collection. It is available in French and English and in two colors: Aubergine on a powder pink background, and navy blue on a pearl gray background.<\/span><\/em><\/p>\n<p><em><span style=\"font-weight: 400\"><span style=\"color: #ff9900\"><strong>Quick tip!<\/strong><\/span> It is best to sew the label to the edge of the scarf, not further than 10 cm away from the edge of the scarf.. Also sewing the label the closest you can to the edge (1-2mm), will contribute to a beautiful finishing.\u00a0<\/span><\/em><\/p>\n<p><em><span style=\"font-weight: 400\">LaPetiteMaisonCouture textile applications are woven labels to sew on. They are made of premium quality polyester threads; therefore they do not scratch and do not fade. Used in good conditions, they have an unlimited lifespan.<\/span><\/em><\/p>\n<p>&nbsp;<\/p>","protected":false},"excerpt":{"rendered":"<p><span style=\"font-weight: 400\">Con\u00e7ue en ayant \u00e0 l\u2019esprit l\u2019ornement de nos grosses \u00e9charpes, cette \u00e9tiquette XL est la plus grande \u00e9tiquette de toute la collection. Son message court, fort et pourtant si simple, ne se fera pas oublier de si t\u00f4t.\u00a0<\/span><\/p>\n<p>Lire la description compl\u00e8te ci-dessous.<\/p>","protected":false},"featured_media":7826,"comment_status":"open","ping_status":"closed","template":"","meta":[],"product_brand":[],"product_cat":[208],"product_tag":[],"class_list":{"0":"post-7822","1":"product","2":"type-product","3":"status-publish","4":"has-post-thumbnail","6":"product_cat-etiquettes","8":"first","9":"instock","10":"shipping-taxable","11":"purchasable","12":"product-type-simple"},"jetpack_sharing_enabled":true,"_links":{"self":[{"href":"https:\/\/lapetitemaisoncouture.com\/en\/wp-json\/wp\/v2\/product\/7822","targetHints":{"allow":["GET"]}}],"collection":[{"href":"https:\/\/lapetitemaisoncouture.com\/en\/wp-json\/wp\/v2\/product"}],"about":[{"href":"https:\/\/lapetitemaisoncouture.com\/en\/wp-json\/wp\/v2\/types\/product"}],"replies":[{"embeddable":true,"href":"https:\/\/lapetitemaisoncouture.com\/en\/wp-json\/wp\/v2\/comments?post=7822"}],"wp:featuredmedia":[{"embeddable":true,"href":"https:\/\/lapetitemaisoncouture.com\/en\/wp-json\/wp\/v2\/media\/7826"}],"wp:attachment":[{"href":"https:\/\/lapetitemaisoncouture.com\/en\/wp-json\/wp\/v2\/media?parent=7822"}],"wp:term":[{"taxonomy":"product_brand","embeddable":true,"href":"https:\/\/lapetitemaisoncouture.com\/en\/wp-json\/wp\/v2\/product_brand?post=7822"},{"taxonomy":"product_cat","embeddable":true,"href":"https:\/\/lapetitemaisoncouture.com\/en\/wp-json\/wp\/v2\/product_cat?post=7822"},{"taxonomy":"product_tag","embeddable":true,"href":"https:\/\/lapetitemaisoncouture.com\/en\/wp-json\/wp\/v2\/product_tag?post=7822"}],"curies":[{"name":"wp","href":"https:\/\/api.w.org\/{rel}","templated":true}]}}