{"id":7811,"date":"2021-12-01T07:40:28","date_gmt":"2021-12-01T06:40:28","guid":{"rendered":"https:\/\/lapetitemaisoncouture.com\/?post_type=product&#038;p=7811"},"modified":"2026-02-13T21:23:31","modified_gmt":"2026-02-13T20:23:31","slug":"chat-beaute-x-8","status":"publish","type":"product","link":"https:\/\/lapetitemaisoncouture.com\/en\/boutique\/chat-beaute-x-8\/","title":{"rendered":"Chat beaut\u00e9 x 8"},"content":{"rendered":"<p><span style=\"font-weight: 400;\">Sur un beau fond rouille, <strong>Chat Beaut\u00e9<\/strong> reprend la typographie de \u00ab Bonjour Beaut\u00e9 \u00bb dont elle en est l\u2019inspiration. Sa typographie est de couleur \u00e9cru, ainsi que le cadre qui l\u2019entoure. La particularit\u00e9 de la couleur rouille est qu\u2019elle va avec plusieurs autres couleurs, \u00e0 commencer par les couleurs automnales et hivernales. Ses dimensions sont de 3cm x 5,4cm . Ses bords courts sont pr\u00e9-pli\u00e9s pour vous faciliter la pose.\u00a0<\/span><\/p>\n<p><span style=\"font-weight: 400;\">Les applications textiles laPetiteMaisonCouture sont des \u00e9tiquettes tiss\u00e9es \u00e0 coudre. Elles sont compos\u00e9es de fils de polyester de qualit\u00e9 premium; de ce fait, elles ne grattent pas et ne d\u00e9teignent pas. Utilis\u00e9es dans de bonnes conditions, elles ont une dur\u00e9e de vie sans limite.\u00a0<\/span><\/p>\n<hr \/>\n<p><em><span style=\"font-weight: 400;\"><strong>Chat Beaut\u00e9<\/strong> is the result of a collaboration with Sophie, a young mother who contacted my small business in spring 2021, to request the special production of \u201cChat Beaut\u00e9\u201d for her little boy. The idea of \u200b\u200battaching a label that is both affectionate and full of selflove for our little ones, makes this label a real added value.<\/span><\/em><\/p>\n<p><em><span style=\"font-weight: 400;\">On a beautiful rust color background, Chat Beaut\u00e9 uses the typography of \u201cBonjour Beaut\u00e9\u201d from which it is the inspiration. Its typography is ecru, as well as the frame that surrounds it. The particularity of rust is that it goes with many other colors, starting with all fall and winter tones. Its dimensions are 3cm x 5.4cm. Its short edges are pre-folded to ease sewing.<\/span><\/em><\/p>\n<p><em><span style=\"font-weight: 400;\">LaPetiteMaisonCouture textile applications are woven labels to sew on. They are made of premium quality polyester threads; therefore they do not scratch and do not fade. Used in good conditions, they have an unlimited lifespan.<\/span><\/em><\/p>\n<p>&nbsp;<\/p>","protected":false},"excerpt":{"rendered":"<p><span style=\"font-weight: 400;\"><strong>Chat beaut\u00e9<\/strong> est le fruit\u00a0 d\u2019une collaboration avec Sophie une jeune maman qui a pris contact avec ma jeune marque au printemps 2021, pour demander la production sp\u00e9ciale de \u00ab Chat Beaut\u00e9 \u00bb pour son petit gar\u00e7on. L\u2019id\u00e9e d\u2019accoler une vignette \u00e0 la fois affectueuse et valorisante pour nos tous petits, fait de cette \u00e9tiquette une vraie valeur ajout\u00e9e.\u00a0<\/span><\/p>","protected":false},"featured_media":7814,"comment_status":"open","ping_status":"closed","template":"","meta":[],"product_brand":[],"product_cat":[208],"product_tag":[],"class_list":{"0":"post-7811","1":"product","2":"type-product","3":"status-publish","4":"has-post-thumbnail","6":"product_cat-etiquettes","8":"first","9":"instock","10":"shipping-taxable","11":"purchasable","12":"product-type-simple"},"jetpack_sharing_enabled":true,"_links":{"self":[{"href":"https:\/\/lapetitemaisoncouture.com\/en\/wp-json\/wp\/v2\/product\/7811","targetHints":{"allow":["GET"]}}],"collection":[{"href":"https:\/\/lapetitemaisoncouture.com\/en\/wp-json\/wp\/v2\/product"}],"about":[{"href":"https:\/\/lapetitemaisoncouture.com\/en\/wp-json\/wp\/v2\/types\/product"}],"replies":[{"embeddable":true,"href":"https:\/\/lapetitemaisoncouture.com\/en\/wp-json\/wp\/v2\/comments?post=7811"}],"wp:featuredmedia":[{"embeddable":true,"href":"https:\/\/lapetitemaisoncouture.com\/en\/wp-json\/wp\/v2\/media\/7814"}],"wp:attachment":[{"href":"https:\/\/lapetitemaisoncouture.com\/en\/wp-json\/wp\/v2\/media?parent=7811"}],"wp:term":[{"taxonomy":"product_brand","embeddable":true,"href":"https:\/\/lapetitemaisoncouture.com\/en\/wp-json\/wp\/v2\/product_brand?post=7811"},{"taxonomy":"product_cat","embeddable":true,"href":"https:\/\/lapetitemaisoncouture.com\/en\/wp-json\/wp\/v2\/product_cat?post=7811"},{"taxonomy":"product_tag","embeddable":true,"href":"https:\/\/lapetitemaisoncouture.com\/en\/wp-json\/wp\/v2\/product_tag?post=7811"}],"curies":[{"name":"wp","href":"https:\/\/api.w.org\/{rel}","templated":true}]}}