{"id":7176,"date":"2021-06-25T15:10:06","date_gmt":"2021-06-25T13:10:06","guid":{"rendered":"https:\/\/lapetitemaisoncouture.com\/?post_type=product&#038;p=7176"},"modified":"2026-01-19T18:28:01","modified_gmt":"2026-01-19T17:28:01","slug":"bonjour-mme-mr-noir-x6","status":"publish","type":"product","link":"https:\/\/lapetitemaisoncouture.com\/en\/boutique\/bonjour-mme-mr-noir-x6\/","title":{"rendered":"Bonjour Mme, Mr &#8211; NOIR x6"},"content":{"rendered":"<p>Sur un fond \u00e9cru, cette \u00e9tiquette a \u00e9t\u00e9 tiss\u00e9e dans une police compos\u00e9e de belles lettres qui insinuent la c\u00e9r\u00e9monie, et la f\u00eate. Les dimensions de cette \u00e9tiquette sont les plus grandes de toute la collection d\u2019\u00e9tiquettes laPetiteMaisonCouture. Ses dimensions de 3,5cm x 6cm font d\u2019elle une vignette encore plus visibles surtout sur des grands sacs et cabas. Ses bords courts sont pr\u00e9-pli\u00e9s pour vous faciliter la pose.<span class=\"Apple-converted-space\">\u00a0<\/span><\/p>\n<p>Les applications textiles laPetiteMaisonCouture sont des \u00e9tiquettes tiss\u00e9es \u00e0 coudre. Elles sont fabriqu\u00e9es en Europe et compos\u00e9es de fils de polyester de qualit\u00e9 premium; de ce fait elles ne grattent pas et ne d\u00e9teignent pas. Utilis\u00e9es dans de bonnes conditions, elles ont une dur\u00e9e de vie sans limite.<span class=\"Apple-converted-space\">\u00a0<\/span><\/p>\n<hr \/>\n<p><em>Special wedding edition. This multipack marks the introduction of label duos. They will bring a charming touch to your textiles, even the simplest. They can be affixed to creations intended for a duo, or also to individual creations. Also exists in Red.\u00a0<\/em><\/p>\n<p><em>On an ecru background, this label has been woven in a font composed of beautiful letters that imply celebrations and ceremonial vibes. The dimensions of this label are the largest of the entire laPetiteMaisonCouture label collection. Its dimensions of 3,5cm x 6cm make it an even more visible, especially on large bags and tote bags. Its short edges are pre-folded in order to ease its application.<\/em><\/p>\n<p><em>LaPetiteMaisonCouture textile applications are woven labels designed to be sewn on textiles. They were designed in Paris, made in Europe and are made of premium polyester quality threads; for this reason they don\u2019t scratch nor do their colors fade. Used in good conditions their lifespan is unlimited.<span class=\"Apple-converted-space\">\u00a0<\/span><\/em><\/p>","protected":false},"excerpt":{"rendered":"<p>Edition sp\u00e9ciale mariage. Ce multipack signe l\u2019introduction des duos d\u2019\u00e9tiquettes. Elles apporteront un clin d\u2019oeil sympathique \u00e0 vos cr\u00e9ations m\u00eame les plus simples. Apposez-les \u00e0 vos cr\u00e9ations destin\u00e9es \u00e0 un duo, ou aussi \u00e0 des creations individuelles. Existe aussi en rouge.<\/p>","protected":false},"featured_media":7171,"comment_status":"open","ping_status":"closed","template":"","meta":[],"product_brand":[],"product_cat":[208],"product_tag":[],"class_list":{"0":"post-7176","1":"product","2":"type-product","3":"status-publish","4":"has-post-thumbnail","6":"product_cat-etiquettes","8":"first","9":"instock","10":"shipping-taxable","11":"purchasable","12":"product-type-simple"},"jetpack_sharing_enabled":true,"_links":{"self":[{"href":"https:\/\/lapetitemaisoncouture.com\/en\/wp-json\/wp\/v2\/product\/7176","targetHints":{"allow":["GET"]}}],"collection":[{"href":"https:\/\/lapetitemaisoncouture.com\/en\/wp-json\/wp\/v2\/product"}],"about":[{"href":"https:\/\/lapetitemaisoncouture.com\/en\/wp-json\/wp\/v2\/types\/product"}],"replies":[{"embeddable":true,"href":"https:\/\/lapetitemaisoncouture.com\/en\/wp-json\/wp\/v2\/comments?post=7176"}],"wp:featuredmedia":[{"embeddable":true,"href":"https:\/\/lapetitemaisoncouture.com\/en\/wp-json\/wp\/v2\/media\/7171"}],"wp:attachment":[{"href":"https:\/\/lapetitemaisoncouture.com\/en\/wp-json\/wp\/v2\/media?parent=7176"}],"wp:term":[{"taxonomy":"product_brand","embeddable":true,"href":"https:\/\/lapetitemaisoncouture.com\/en\/wp-json\/wp\/v2\/product_brand?post=7176"},{"taxonomy":"product_cat","embeddable":true,"href":"https:\/\/lapetitemaisoncouture.com\/en\/wp-json\/wp\/v2\/product_cat?post=7176"},{"taxonomy":"product_tag","embeddable":true,"href":"https:\/\/lapetitemaisoncouture.com\/en\/wp-json\/wp\/v2\/product_tag?post=7176"}],"curies":[{"name":"wp","href":"https:\/\/api.w.org\/{rel}","templated":true}]}}