{"id":7164,"date":"2021-06-25T15:08:17","date_gmt":"2021-06-25T13:08:17","guid":{"rendered":"https:\/\/lapetitemaisoncouture.com\/?post_type=product&#038;p=7164"},"modified":"2025-11-02T11:13:55","modified_gmt":"2025-11-02T10:13:55","slug":"eye-got-your-back-brown-x5","status":"publish","type":"product","link":"https:\/\/lapetitemaisoncouture.com\/en\/boutique\/eye-got-your-back-brown-x5\/","title":{"rendered":"[Eye] Got your back &#8211; BROWN x5"},"content":{"rendered":"<p>Sur un fond \u00e9cru, les bords de la pupille ont \u00e9t\u00e9 tiss\u00e9s dans un fil or pour apporter encore plus de valeur \u00e0 ce regard pr\u00e9cieux. Le fil or a \u00e9t\u00e9 choisi avec attention pour garantir une sensation douce sur la peau. Ses dimensions sont de 4cm x 4cm. Ses bords courts sont pr\u00e9-pli\u00e9s pour vous faciliter la pose.<span class=\"Apple-converted-space\">\u00a0<\/span><\/p>\n<p>Les applications textiles laPetiteMaisonCouture sont des \u00e9tiquettes tiss\u00e9es \u00e0 coudre. Elles sont fabriqu\u00e9es en Europe et compos\u00e9es de fils de polyester de qualit\u00e9 premium; de ce fait elles ne grattent pas et ne d\u00e9teignent pas. Utilis\u00e9es dans de bonnes conditions, elles ont une dur\u00e9e de vie sans limite.<span class=\"Apple-converted-space\">\u00a0<\/span><\/p>\n<hr \/>\n<p><em>In many cultures and beliefs around the world, the eye has strong symbolism and is often seen as protective and kind. The strength of this label is that it will by all means represent someone or something to you. Its purpose: Remind you that you are not alone and that there is always someone covering, protecting and watching your back. Also exists in light green.\u00a0<\/em><\/p>\n<p><em>On an ecru background, this label is available in two colors. the edges of the pupil have been woven in a gold thread to bring even more value to this precious eye. The gold thread has been carefully chosen to ensure a soft feel on the skin. Its dimensions are 4cm x 4cm. Its short edges are pre-folded in order to ease its application.<\/em><\/p>\n<p><em>LaPetiteMaisonCouture textile applications are woven labels designed to be sewn on textiles. They were designed in Paris, made in Europe and are made of premium polyester quality threads; for this reason they don\u2019t scratch nor do their colors fade. Used in good conditions their lifespan is unlimited.<span class=\"Apple-converted-space\">\u00a0<\/span><\/em><\/p>","protected":false},"excerpt":{"rendered":"<p>Dans plusieurs cultures et croyances du monde, l\u2019oeil a une symbolique forte et est souvent vu comme protectrice et bienveillante. La force de cette vignette est qu\u2019elle repr\u00e9sentera forc\u00e9ment pour vous quelqu\u2019un ou quelque chose. Son but: Vous rappeler que vous n\u2019\u00eates pas seul(e) et qu\u2019il ya toujours quelqu\u2019un qui vous couvre, vous prot\u00e8ge et surveille vos arri\u00e8res. Existe aussi en<em><strong><span style=\"color: #000000;\"> <a style=\"color: #000000;\" href=\"https:\/\/lapetitemaisoncouture.com\/en\/boutique\/eye-got-your-back-green-x5\/\">vert clair<\/a><\/span><\/strong><\/em>.<\/p>\n<p>&nbsp;<\/p>","protected":false},"featured_media":7168,"comment_status":"open","ping_status":"closed","template":"","meta":[],"product_brand":[],"product_cat":[208],"product_tag":[],"class_list":{"0":"post-7164","1":"product","2":"type-product","3":"status-publish","4":"has-post-thumbnail","6":"product_cat-etiquettes","8":"first","9":"instock","10":"shipping-taxable","11":"purchasable","12":"product-type-simple"},"jetpack_sharing_enabled":true,"_links":{"self":[{"href":"https:\/\/lapetitemaisoncouture.com\/en\/wp-json\/wp\/v2\/product\/7164","targetHints":{"allow":["GET"]}}],"collection":[{"href":"https:\/\/lapetitemaisoncouture.com\/en\/wp-json\/wp\/v2\/product"}],"about":[{"href":"https:\/\/lapetitemaisoncouture.com\/en\/wp-json\/wp\/v2\/types\/product"}],"replies":[{"embeddable":true,"href":"https:\/\/lapetitemaisoncouture.com\/en\/wp-json\/wp\/v2\/comments?post=7164"}],"wp:featuredmedia":[{"embeddable":true,"href":"https:\/\/lapetitemaisoncouture.com\/en\/wp-json\/wp\/v2\/media\/7168"}],"wp:attachment":[{"href":"https:\/\/lapetitemaisoncouture.com\/en\/wp-json\/wp\/v2\/media?parent=7164"}],"wp:term":[{"taxonomy":"product_brand","embeddable":true,"href":"https:\/\/lapetitemaisoncouture.com\/en\/wp-json\/wp\/v2\/product_brand?post=7164"},{"taxonomy":"product_cat","embeddable":true,"href":"https:\/\/lapetitemaisoncouture.com\/en\/wp-json\/wp\/v2\/product_cat?post=7164"},{"taxonomy":"product_tag","embeddable":true,"href":"https:\/\/lapetitemaisoncouture.com\/en\/wp-json\/wp\/v2\/product_tag?post=7164"}],"curies":[{"name":"wp","href":"https:\/\/api.w.org\/{rel}","templated":true}]}}