{"id":7153,"date":"2021-06-25T15:10:42","date_gmt":"2021-06-25T13:10:42","guid":{"rendered":"https:\/\/lapetitemaisoncouture.com\/?post_type=product&#038;p=7153"},"modified":"2026-02-07T22:20:56","modified_gmt":"2026-02-07T21:20:56","slug":"petit-tresor%e2%9c%a8-x6","status":"publish","type":"product","link":"https:\/\/lapetitemaisoncouture.com\/en\/boutique\/petit-tresor%e2%9c%a8-x6\/","title":{"rendered":"Petit Tr\u00e9sor\u2728 x6"},"content":{"rendered":"<p>Sur un fond \u00e9cru, cette \u00e9tiquette a \u00e9t\u00e9 principalement tiss\u00e9e avec un fil noir agr\u00e9ment\u00e9 d\u2019un fil or. Le fil or a \u00e9t\u00e9 choisi avec attention pour garantir une sensation douce sur la peau. Avec sa belle police de type vintage, ses dimensions sont de 2,7cm x 5cm. Ses bords courts sont pr\u00e9-pli\u00e9s pour vous faciliter la pose.<span class=\"Apple-converted-space\">\u00a0<\/span><\/p>\n<p>Les applications textiles laPetiteMaisonCouture sont des \u00e9tiquettes tiss\u00e9es \u00e0 coudre. Elles sont fabriqu\u00e9es en Europe et compos\u00e9es de fils de polyester de qualit\u00e9 premium; de ce fait elles ne grattent pas et ne d\u00e9teignent pas. Utilis\u00e9es dans de bonnes conditions, elles ont une dur\u00e9e de vie sans limite.<span class=\"Apple-converted-space\">\u00a0<\/span><\/p>\n<hr \/>\n<p><strong><em>Little treasure<\/em> \u2728<\/strong><\/p>\n<p><em>Now this is a real little treasure that will delicately accompany outfits and accessories, especially those of our little ones, but not only. The golden sparkles will bring a particular precious touch to the clothes and accessories on which they are affixed, as if to indicate the precious character of the person who wears it.<\/em><\/p>\n<p><em>On an ecru background, this label was mainly woven with a black thread embellished with a gold thread. The gold thread has been carefully chosen to ensure a soft feel on the skin. With its beautiful vintage type font, its dimensions are 2.7cm x 5cm. Its short edges are pre-folded in order to ease its application.<\/em><\/p>\n<p><em>LaPetiteMaisonCouture textile applications are woven labels designed to be sewn on textiles. They were designed in Paris, made in Europe and are made of premium polyester quality threads; for this reason they don\u2019t scratch nor do their colors fade. Used in good conditions their lifespan is unlimited.<span class=\"Apple-converted-space\">\u00a0<\/span><\/em><\/p>","protected":false},"excerpt":{"rendered":"<p>Voici un vrai petit tr\u00e9sor qui accompagnera d\u00e9licatement les tenues et accessoires, surtout celles de nos tous petits, mais pas que! Les \u00e9toiles dor\u00e9es scintillent et apporteront une touche particuli\u00e8rement pr\u00e9cieuse aux v\u00eatements et accessoires sur lesquels elles sont appos\u00e9es, comme pour indiquer le caract\u00e8re pr\u00e9cieux de la personne qui la porte.<span class=\"Apple-converted-space\">\u00a0<\/span><\/p>","protected":false},"featured_media":7155,"comment_status":"open","ping_status":"closed","template":"","meta":[],"product_brand":[],"product_cat":[208],"product_tag":[],"class_list":{"0":"post-7153","1":"product","2":"type-product","3":"status-publish","4":"has-post-thumbnail","6":"product_cat-etiquettes","8":"first","9":"instock","10":"shipping-taxable","11":"purchasable","12":"product-type-simple"},"jetpack_sharing_enabled":true,"_links":{"self":[{"href":"https:\/\/lapetitemaisoncouture.com\/en\/wp-json\/wp\/v2\/product\/7153","targetHints":{"allow":["GET"]}}],"collection":[{"href":"https:\/\/lapetitemaisoncouture.com\/en\/wp-json\/wp\/v2\/product"}],"about":[{"href":"https:\/\/lapetitemaisoncouture.com\/en\/wp-json\/wp\/v2\/types\/product"}],"replies":[{"embeddable":true,"href":"https:\/\/lapetitemaisoncouture.com\/en\/wp-json\/wp\/v2\/comments?post=7153"}],"wp:featuredmedia":[{"embeddable":true,"href":"https:\/\/lapetitemaisoncouture.com\/en\/wp-json\/wp\/v2\/media\/7155"}],"wp:attachment":[{"href":"https:\/\/lapetitemaisoncouture.com\/en\/wp-json\/wp\/v2\/media?parent=7153"}],"wp:term":[{"taxonomy":"product_brand","embeddable":true,"href":"https:\/\/lapetitemaisoncouture.com\/en\/wp-json\/wp\/v2\/product_brand?post=7153"},{"taxonomy":"product_cat","embeddable":true,"href":"https:\/\/lapetitemaisoncouture.com\/en\/wp-json\/wp\/v2\/product_cat?post=7153"},{"taxonomy":"product_tag","embeddable":true,"href":"https:\/\/lapetitemaisoncouture.com\/en\/wp-json\/wp\/v2\/product_tag?post=7153"}],"curies":[{"name":"wp","href":"https:\/\/api.w.org\/{rel}","templated":true}]}}