{"id":7145,"date":"2021-06-25T12:59:05","date_gmt":"2021-06-25T10:59:05","guid":{"rendered":"https:\/\/lapetitemaisoncouture.com\/?post_type=product&#038;p=7145"},"modified":"2026-03-30T12:08:29","modified_gmt":"2026-03-30T10:08:29","slug":"loin-des-yeux-pres-du-coeur-x5","status":"publish","type":"product","link":"https:\/\/lapetitemaisoncouture.com\/en\/boutique\/loin-des-yeux-pres-du-coeur-x5\/","title":{"rendered":"Loin des yeux, pr\u00e8s du coeur x5"},"content":{"rendered":"<p>Sur un fond \u00e9cru, cette vignette a \u00e9t\u00e9 tiss\u00e9e avec des fils de couleurs rouge et bleu choisis dans de jolis coloris. Sa police de type manuscrite, lui donne encore plus un cot\u00e9 personnel. Ses dimensions sont de 4cm x 4cm. Ses bords courts sont pr\u00e9-pli\u00e9s pour vous faciliter la pose.<span class=\"Apple-converted-space\">\u00a0<\/span><\/p>\n<p>Les applications textiles laPetiteMaisonCouture sont des \u00e9tiquettes tiss\u00e9es \u00e0 coudre. Elles sont fabriqu\u00e9es en Europe et compos\u00e9es de fils de polyester de qualit\u00e9 premium; de ce fait elles ne grattent pas et ne d\u00e9teignent pas. Utilis\u00e9es dans de bonnes conditions, elles ont une dur\u00e9e de vie sans limite.<span class=\"Apple-converted-space\">\u00a0<\/span><\/p>\n<hr \/>\n<p><strong><em>Distance make the heart grow fonder<\/em><\/strong><\/p>\n<p><em>This label will speak for you and will spark an emotion not only for your loved ones who will receive it, but also to you! It can be used as a postcard which you can choose to sew to any fabric backing or use it as a reminder to yourself that distance just makes the heart grow fonder.<span class=\"Apple-converted-space\">\u00a0<\/span><\/em><\/p>\n<p><em>Against an ecru background, this label is woven with red and blue threads chosen in beautiful shades. Its dimensions are 4cm x 4cm. Its short edges are pre-folded in order to ease its application.<\/em><\/p>\n<p><em>LaPetiteMaisonCouture textile applications are woven labels designed to be sewn on textiles. They were designed in Paris, made in Europe and are made of premium polyester quality threads; for this reason they don\u2019t scratch nor do their colors fade. Used in good conditions their lifespan is unlimited.<span class=\"Apple-converted-space\">\u00a0<\/span><\/em><\/p>","protected":false},"excerpt":{"rendered":"<p>Cette vignette parlera pour vous et saura cr\u00e9er de l\u2019\u00e9motion non seulement pour vos proches, mais \u00e9galement \u00e0 vous m\u00eame! Elle peut \u00eatre utilis\u00e9e comme un carte postale que vous pourrez apposer \u00e0 n\u2019importe quel support en tissu, ou m\u00eame \u00eatre envoy\u00e9e telle quelle, ou encore \u00eatre un rappel pour vous m\u00eame, que la distance n\u2019emp\u00eache rien \u00e0 l\u2019amour.<span class=\"Apple-converted-space\">\u00a0<\/span><\/p>","protected":false},"featured_media":7147,"comment_status":"open","ping_status":"closed","template":"","meta":[],"product_brand":[],"product_cat":[208],"product_tag":[],"class_list":{"0":"post-7145","1":"product","2":"type-product","3":"status-publish","4":"has-post-thumbnail","6":"product_cat-etiquettes","8":"first","9":"instock","10":"shipping-taxable","11":"purchasable","12":"product-type-simple"},"jetpack_sharing_enabled":true,"_links":{"self":[{"href":"https:\/\/lapetitemaisoncouture.com\/en\/wp-json\/wp\/v2\/product\/7145","targetHints":{"allow":["GET"]}}],"collection":[{"href":"https:\/\/lapetitemaisoncouture.com\/en\/wp-json\/wp\/v2\/product"}],"about":[{"href":"https:\/\/lapetitemaisoncouture.com\/en\/wp-json\/wp\/v2\/types\/product"}],"replies":[{"embeddable":true,"href":"https:\/\/lapetitemaisoncouture.com\/en\/wp-json\/wp\/v2\/comments?post=7145"}],"wp:featuredmedia":[{"embeddable":true,"href":"https:\/\/lapetitemaisoncouture.com\/en\/wp-json\/wp\/v2\/media\/7147"}],"wp:attachment":[{"href":"https:\/\/lapetitemaisoncouture.com\/en\/wp-json\/wp\/v2\/media?parent=7145"}],"wp:term":[{"taxonomy":"product_brand","embeddable":true,"href":"https:\/\/lapetitemaisoncouture.com\/en\/wp-json\/wp\/v2\/product_brand?post=7145"},{"taxonomy":"product_cat","embeddable":true,"href":"https:\/\/lapetitemaisoncouture.com\/en\/wp-json\/wp\/v2\/product_cat?post=7145"},{"taxonomy":"product_tag","embeddable":true,"href":"https:\/\/lapetitemaisoncouture.com\/en\/wp-json\/wp\/v2\/product_tag?post=7145"}],"curies":[{"name":"wp","href":"https:\/\/api.w.org\/{rel}","templated":true}]}}