{"id":5447,"date":"2020-12-11T17:50:07","date_gmt":"2020-12-11T16:50:07","guid":{"rendered":"https:\/\/lapetitemaisoncouture.com\/?post_type=product&#038;p=5447"},"modified":"2026-01-03T13:26:15","modified_gmt":"2026-01-03T12:26:15","slug":"hello-x12","status":"publish","type":"product","link":"https:\/\/lapetitemaisoncouture.com\/en\/boutique\/hello-x12\/","title":{"rendered":"Hello!  x12"},"content":{"rendered":"<p>L\u00e9g\u00e8rement plus grande que les applications \u00ab\u00a0J&rsquo;aime la vie\u00a0\u00bb, l&rsquo;application <strong>Hello!<\/strong> elle mesure 1,8cm x 1,2cm et a \u00e9t\u00e9 tiss\u00e9e avec des fils noirs sur un fond \u00e9cru. Ses dimensions ont \u00e9t\u00e9 pens\u00e9e pour aller parfaitement avec vos masques ainsi que vos petits accessoires.<\/p>\n<p>Pour ne pas alourdir cette \u00e9tiquette, aucun bord pli\u00e9 n\u2019a \u00e9t\u00e9 rajout\u00e9. Lavez votre masque \u00e0 sa temp\u00e9rature habituelle.<\/p>\n<p>Les applications textiles laPetiteMaisonCouture sont des \u00e9tiquettes tiss\u00e9es \u00e0 coudre. Elles sont fabriqu\u00e9es en Europe et compos\u00e9es de fils de qualit\u00e9 premium; de ce fait elles ne grattent pas et ne d\u00e9teignent pas. Utilis\u00e9es dans de bonnes conditions, elles ont une dur\u00e9e de vie sans limite.<\/p>\n<hr \/>\n<p><em>Today face masks are more like a piece of clothing than an accessory: They have to cover certains areas of the body and we must wear them before stepping out of our homes. \u00a0This label was designed to bring some style to your face masks. It&rsquo;s no longer necessary to open your mouth to great: just let the mask say it for you; all you need to do is smile with your eyes!<\/em><\/p>\n<p><em><strong>Hello!<\/strong> is a slightly bigger label than label \u00ab\u00a0J&rsquo;aime la vie\u00a0\u00bb. Its measurements are 1,8cm x 1,2cm and was woven with black threads on an ecru background.<\/em><\/p>\n<p><em>In order to not add more weight on the face mask, no folded edges has been included. Wash you face mask at its usual washing temperature.<\/em><\/p>\n<p><em>LaPetiteMaisonCouture textile applications are woven labels designed to be sewn on textiles. They were designed in Paris, made in Europe and are made of premium quality threads; for this reason they don\u2019t scratch nor do their colors fade. Used in good conditions their lifespan is unlimited.<\/em><\/p>","protected":false},"excerpt":{"rendered":"<p>Aujourd\u2019hui le masque est plus un v\u00eatement qu\u2019un accessoire: il doit couvrir certaines parties de notre corps et nous devons obligatoirement le porter avant de sortir de chez soi. L\u2019application <strong>Hello!<\/strong> a \u00e9t\u00e9 pens\u00e9 pour apporter une pointe de style \u00e0 votre masque aussi. Plus besoin d\u2019ouvrir la bouche pour parler, souriez juste avec les yeux!<\/p>\n<p>&nbsp;<\/p>","protected":false},"featured_media":6298,"comment_status":"open","ping_status":"closed","template":"","meta":[],"product_brand":[],"product_cat":[208],"product_tag":[],"class_list":{"0":"post-5447","1":"product","2":"type-product","3":"status-publish","4":"has-post-thumbnail","6":"product_cat-etiquettes","8":"first","9":"instock","10":"shipping-taxable","11":"purchasable","12":"product-type-simple"},"jetpack_sharing_enabled":true,"_links":{"self":[{"href":"https:\/\/lapetitemaisoncouture.com\/en\/wp-json\/wp\/v2\/product\/5447","targetHints":{"allow":["GET"]}}],"collection":[{"href":"https:\/\/lapetitemaisoncouture.com\/en\/wp-json\/wp\/v2\/product"}],"about":[{"href":"https:\/\/lapetitemaisoncouture.com\/en\/wp-json\/wp\/v2\/types\/product"}],"replies":[{"embeddable":true,"href":"https:\/\/lapetitemaisoncouture.com\/en\/wp-json\/wp\/v2\/comments?post=5447"}],"wp:featuredmedia":[{"embeddable":true,"href":"https:\/\/lapetitemaisoncouture.com\/en\/wp-json\/wp\/v2\/media\/6298"}],"wp:attachment":[{"href":"https:\/\/lapetitemaisoncouture.com\/en\/wp-json\/wp\/v2\/media?parent=5447"}],"wp:term":[{"taxonomy":"product_brand","embeddable":true,"href":"https:\/\/lapetitemaisoncouture.com\/en\/wp-json\/wp\/v2\/product_brand?post=5447"},{"taxonomy":"product_cat","embeddable":true,"href":"https:\/\/lapetitemaisoncouture.com\/en\/wp-json\/wp\/v2\/product_cat?post=5447"},{"taxonomy":"product_tag","embeddable":true,"href":"https:\/\/lapetitemaisoncouture.com\/en\/wp-json\/wp\/v2\/product_tag?post=5447"}],"curies":[{"name":"wp","href":"https:\/\/api.w.org\/{rel}","templated":true}]}}