{"id":5446,"date":"2020-12-11T17:47:36","date_gmt":"2020-12-11T16:47:36","guid":{"rendered":"https:\/\/lapetitemaisoncouture.com\/?post_type=product&#038;p=5446"},"modified":"2026-03-16T20:33:20","modified_gmt":"2026-03-16T19:33:20","slug":"make-it-happen-x8","status":"publish","type":"product","link":"https:\/\/lapetitemaisoncouture.com\/en\/boutique\/make-it-happen-x8\/","title":{"rendered":"Make it happen x8"},"content":{"rendered":"<p><strong>Make it happen\u00a0<\/strong>est sobre, classique, mais moderne. Sa police noire est arrondie sur les bords pour nous rappeler nos belles courbes. \u00c0\u00a0certains endroits on observe qu&rsquo;elle a des angles en pointe, comme pour nous faire des piq\u00fbres de rappel. Ses dimensions sont de 4,3cm x 3,5cm\u00a0et ses bords courts sont pr\u00e9-pli\u00e9s pour vous faciliter la pose.<span class=\"Apple-converted-space\">\u00a0<\/span><\/p>\n<p>Les applications textiles laPetiteMaisonCouture sont des \u00e9tiquettes tiss\u00e9es \u00e0 coudre. Elles sont fabriqu\u00e9es en Europe et compos\u00e9es de fils de qualit\u00e9 premium; de ce fait elles ne grattent pas et ne d\u00e9teignent pas. Utilis\u00e9es dans de bonnes conditions, elles ont une dur\u00e9e de vie sans limite.<span class=\"Apple-converted-space\">\u00a0<\/span><\/p>\n<hr \/>\n<p><em><strong>Make it happen<\/strong> is a framed Mantra, that you will be going everywhere with you. <strong>Make it happen<\/strong> for those of us who are tired of procrastinating. This label has been designed to be boldly present, following us everywhere to remind us that certain things will not become reality unless we truly go for them.\u00a0<\/em><\/p>\n<p><em>Make it happen is a simple, classic but modern label. Its black font has rounded edges. At certain areas you will even notice pointy corners as to send us pricks from time to time. Its dimensions are 4,3cm x 3,5cm\u00a0and its short sides have been pre-folded in order to ease its application.<span class=\"Apple-converted-space\">\u00a0<\/span><\/em><\/p>\n<p><em>LaPetiteMaisonCouture textile applications are woven labels designed to be sewn on textiles. They were designed in Paris, made in Europe and are made of premium quality threads; for this reason they don\u2019t scratch nor do their colors fade. Used in good conditions their lifespan is unlimited.<span class=\"Apple-converted-space\">\u00a0<\/span><\/em><\/p>","protected":false},"excerpt":{"rendered":"<p><strong>Make it happen<\/strong> est un Mantra dans un tableau encadr\u00e9, tableau que l\u2019on peut enfin emporter partout avec soi. <strong>Make it happen<\/strong> pour toutes les grandes procrastinatrices qui on l\u2019art de tout remettre \u00e0 demain. Cette \u00e9tiquette est l\u00e0, bien pr\u00e9sente, et nous (pour)suivra pour nous rappeler que certaines choses n\u2019attendent que nous pour devenir r\u00e9alit\u00e9.<\/p>\n<p>Lire la description compl\u00e8te ci-dessous.<\/p>\n<p>&nbsp;<\/p>\n<p>&nbsp;<\/p>","protected":false},"featured_media":6292,"comment_status":"open","ping_status":"closed","template":"","meta":[],"product_brand":[],"product_cat":[208],"product_tag":[],"class_list":{"0":"post-5446","1":"product","2":"type-product","3":"status-publish","4":"has-post-thumbnail","6":"product_cat-etiquettes","8":"first","9":"instock","10":"shipping-taxable","11":"purchasable","12":"product-type-simple"},"jetpack_sharing_enabled":true,"_links":{"self":[{"href":"https:\/\/lapetitemaisoncouture.com\/en\/wp-json\/wp\/v2\/product\/5446","targetHints":{"allow":["GET"]}}],"collection":[{"href":"https:\/\/lapetitemaisoncouture.com\/en\/wp-json\/wp\/v2\/product"}],"about":[{"href":"https:\/\/lapetitemaisoncouture.com\/en\/wp-json\/wp\/v2\/types\/product"}],"replies":[{"embeddable":true,"href":"https:\/\/lapetitemaisoncouture.com\/en\/wp-json\/wp\/v2\/comments?post=5446"}],"wp:featuredmedia":[{"embeddable":true,"href":"https:\/\/lapetitemaisoncouture.com\/en\/wp-json\/wp\/v2\/media\/6292"}],"wp:attachment":[{"href":"https:\/\/lapetitemaisoncouture.com\/en\/wp-json\/wp\/v2\/media?parent=5446"}],"wp:term":[{"taxonomy":"product_brand","embeddable":true,"href":"https:\/\/lapetitemaisoncouture.com\/en\/wp-json\/wp\/v2\/product_brand?post=5446"},{"taxonomy":"product_cat","embeddable":true,"href":"https:\/\/lapetitemaisoncouture.com\/en\/wp-json\/wp\/v2\/product_cat?post=5446"},{"taxonomy":"product_tag","embeddable":true,"href":"https:\/\/lapetitemaisoncouture.com\/en\/wp-json\/wp\/v2\/product_tag?post=5446"}],"curies":[{"name":"wp","href":"https:\/\/api.w.org\/{rel}","templated":true}]}}