{"id":5445,"date":"2020-12-11T17:49:00","date_gmt":"2020-12-11T16:49:00","guid":{"rendered":"https:\/\/lapetitemaisoncouture.com\/?post_type=product&#038;p=5445"},"modified":"2025-12-16T14:45:06","modified_gmt":"2025-12-16T13:45:06","slug":"petite-cherie-t-1-x8","status":"publish","type":"product","link":"https:\/\/lapetitemaisoncouture.com\/en\/boutique\/petite-cherie-t-1-x8\/","title":{"rendered":"Petite ch\u00e9rie (T.1) x8"},"content":{"rendered":"<p>Toujours avec cette police rouge retro-chic qu&rsquo;on aime, <strong>Petite ch\u00e9rie<\/strong> est tiss\u00e9e en r\u00e9alit\u00e9 sur un fond vieux rose. Le contraste des couleurs n&rsquo;est pas aussi marquant que \u00ab\u00a0Bonjour Beaut\u00e9\u00a0\u00bb ce qui fait d&rsquo;elle une vraie petite douceur. Les couleurs ont \u00e9t\u00e9 choisies pour complimenter les couleurs de v\u00eatements et accessoires que l&rsquo;on retrouve g\u00e9n\u00e9ralement dans la garde-robe des tous petits. Les dimensions de la taille 1 sont de 5,3cm x 1cm (celles de la <span style=\"color: #ff0000\"><a style=\"color: #ff0000\" href=\"https:\/\/lapetitemaisoncouture.com\/en\/boutique\/petite-cherie-t-2-x6\/\">taille 2<\/a><\/span> sont de 6,5cm x 1,5cm). Ses bords courts sont pr\u00e9-pli\u00e9s pour vous faciliter la pose.<\/p>\n<p>Les applications textiles laPetiteMaisonCouture sont des \u00e9tiquettes tiss\u00e9es \u00e0 coudre. Elles sont compos\u00e9es de fils de qualit\u00e9 premium; de ce fait elles ne grattent pas et ne d\u00e9teignent pas. Utilis\u00e9es dans de bonnes conditions, elles ont une dur\u00e9e de vie sans limite.<span class=\"Apple-converted-space\">\u00a0<\/span><\/p>\n<hr \/>\n<p><em>Introducing the one we are loving for her vintage spirit, her sweet and fruity accents. <strong>Petite ch\u00e9rie<\/strong> is a short affective note designed for the garments and accessories of your little ones. A perfect finish to children&rsquo;s clothing.\u00a0<\/em><\/p>\n<p><i>With this retro-chic red font\u00a0that we all love, <\/i><strong style=\"font-style: italic\">Petite ch\u00e9rie <\/strong><i>is woven on a dusty rose background. The contrast in colors is not as striking as on \u00ab\u00a0Bonjour Beaut\u00e9\u00a0\u00bb making this label a true little candy. Its colors have been chosen to complement colors we usually find on children&rsquo;s clothing and accessories. Its dimensions are 5,3cm x 1cm (<span style=\"color: #ff0000\"><a style=\"color: #ff0000\" href=\"https:\/\/lapetitemaisoncouture.com\/en\/boutique\/petite-cherie-t-2-x6\/\">size 2 &#8211; T.2<\/a><\/span> dimensions are bigger &#8211; 6,5cm x 1,5cm). Its short sides have been pre-folded in order to ease its application.<\/i><span class=\"Apple-converted-space\" style=\"font-style: italic\">\u00a0<\/span><\/p>\n<p><em>LaPetiteMaisonCouture textile applications are woven labels designed to be sewn on textiles. They are designed in Paris and are made of premium quality threads; for this reason they don\u2019t scratch nor do their colors fade. Used in good conditions their lifespan is unlimited.<span class=\"Apple-converted-space\">\u00a0<\/span><\/em><\/p>","protected":false},"excerpt":{"rendered":"<p>Voici celle qu\u2019on aime pour son l\u00e9ger c\u00f4t\u00e9 vintage et ses accents doux et fruit\u00e9s. <strong>Petite ch\u00e9rie<\/strong> est une note d\u2019affection pens\u00e9e pour les v\u00eatements et accessoires de vos tous petits. Une parfaite finition pour un v\u00eatement d\u2019enfant.<\/p>\n<p>Lire la description compl\u00e8te ci-dessous.<\/p>\n<p>Trouver la T.2 (plus grande!)\u00a0<span style=\"color: #ff0000\"><a style=\"color: #ff0000\" href=\"https:\/\/lapetitemaisoncouture.com\/en\/boutique\/petite-cherie-t-2-x6\/\">ici<\/a><\/span><\/p>","protected":false},"featured_media":6304,"comment_status":"open","ping_status":"closed","template":"","meta":[],"product_brand":[],"product_cat":[208],"product_tag":[],"class_list":{"0":"post-5445","1":"product","2":"type-product","3":"status-publish","4":"has-post-thumbnail","6":"product_cat-etiquettes","8":"first","9":"instock","10":"shipping-taxable","11":"purchasable","12":"product-type-simple"},"jetpack_sharing_enabled":true,"_links":{"self":[{"href":"https:\/\/lapetitemaisoncouture.com\/en\/wp-json\/wp\/v2\/product\/5445","targetHints":{"allow":["GET"]}}],"collection":[{"href":"https:\/\/lapetitemaisoncouture.com\/en\/wp-json\/wp\/v2\/product"}],"about":[{"href":"https:\/\/lapetitemaisoncouture.com\/en\/wp-json\/wp\/v2\/types\/product"}],"replies":[{"embeddable":true,"href":"https:\/\/lapetitemaisoncouture.com\/en\/wp-json\/wp\/v2\/comments?post=5445"}],"wp:featuredmedia":[{"embeddable":true,"href":"https:\/\/lapetitemaisoncouture.com\/en\/wp-json\/wp\/v2\/media\/6304"}],"wp:attachment":[{"href":"https:\/\/lapetitemaisoncouture.com\/en\/wp-json\/wp\/v2\/media?parent=5445"}],"wp:term":[{"taxonomy":"product_brand","embeddable":true,"href":"https:\/\/lapetitemaisoncouture.com\/en\/wp-json\/wp\/v2\/product_brand?post=5445"},{"taxonomy":"product_cat","embeddable":true,"href":"https:\/\/lapetitemaisoncouture.com\/en\/wp-json\/wp\/v2\/product_cat?post=5445"},{"taxonomy":"product_tag","embeddable":true,"href":"https:\/\/lapetitemaisoncouture.com\/en\/wp-json\/wp\/v2\/product_tag?post=5445"}],"curies":[{"name":"wp","href":"https:\/\/api.w.org\/{rel}","templated":true}]}}