{"id":4884,"date":"2020-09-26T00:22:44","date_gmt":"2020-09-25T22:22:44","guid":{"rendered":"https:\/\/lapetitemaisoncouture.com\/?post_type=product&#038;p=4884"},"modified":"2025-12-16T14:43:41","modified_gmt":"2025-12-16T13:43:41","slug":"jaime-la-vie-x12","status":"publish","type":"product","link":"https:\/\/lapetitemaisoncouture.com\/en\/boutique\/jaime-la-vie-x12\/","title":{"rendered":"J&rsquo;aime la vie X12"},"content":{"rendered":"<p>J\u2019aime la vie est la plus petite \u00e9tiquette de cette collection. Elle mesure 1,5cm x 1cm et a \u00e9t\u00e9 tiss\u00e9e avec des fils noirs sur un fond \u00e9cru. Malgr\u00e9 la petite taille de cette application, on a r\u00e9ussi \u00e0 lui ins\u00e9rer le petit coeur de l\u2019iconique \u00ab\u00a0I Love NY\u00a0\u00bb.<span class=\"Apple-converted-space\">\u00a0<\/span>Pour ne pas alourdir votre masque, aucun bord pli\u00e9 n\u2019a \u00e9t\u00e9 rajout\u00e9. Lavez votre masque \u00e0 sa temp\u00e9rature de lavage habituelle.<span class=\"Apple-converted-space\">\u00a0<\/span><\/p>\n<p>Les applications textiles laPetiteMaisonCouture sont des \u00e9tiquettes tiss\u00e9es \u00e0 coudre. Elles sont fabriqu\u00e9es en Europe et compos\u00e9es de fils de qualit\u00e9 premium; de ce fait elles ne grattent pas et ne d\u00e9teignent pas. Utilis\u00e9es dans de bonnes conditions, elles ont une dur\u00e9e de vie sans limite.<span class=\"Apple-converted-space\">\u00a0<\/span><\/p>\n<hr \/>\n<p><em>These days, face masks are more like a piece of clothing than an accessory: They have to cover certains parts of the body and must be worn before stepping out of our homes. This label translate into English as \u00ab\u00a0I love Life\u00a0\u00bb. It has been designed to bring some style to your face masks. An excellent way to differenciante yourself from others, and affirming the most positive message.<span class=\"Apple-converted-space\">\u00a0<\/span><\/em><\/p>\n<p><em>\u00ab\u00a0J\u2019aime la vie\u00a0\u00bb is the smallest label of this collection. Its measurements are 1,5cm x 1cm and was woven with black threads on an ecru background. In spite of the little size of this label, we have managed to insert the little heart of the iconic \u00ab\u00a0I love NY\u00a0\u00bb.<span class=\"Apple-converted-space\">\u00a0<\/span>In order to not add more weight to your face mask, the edges have not been folded. Wash you face mask at its usual washing temperature.<span class=\"Apple-converted-space\">\u00a0<\/span><\/em><\/p>\n<p><em>LaPetiteMaisonCouture textile applications are woven labels designed to be sewn on textiles. They were designed in Paris, made in Europe and are made of premium quality threads; for this reason they don\u2019t scratch nor do their colors fade. Used in good conditions their lifespan is unlimited.<span class=\"Apple-converted-space\">\u00a0<\/span><\/em><\/p>","protected":false},"excerpt":{"rendered":"<p>Aujourd\u2019hui le masque est davantage un v\u00eatement qu\u2019un accessoire: il doit couvrir certaines parties de notre corps et nous devons obligatoirement le porter avant de sortir de chez soi. L\u2019application J\u2019aime la vie a \u00e9t\u00e9 pens\u00e9e pour apporter une pointe de style \u00e0 votre masque \u00e9galement. Elle sont une excellente mani\u00e8re de vous d\u00e9marquer discr\u00e8tement, tout en affichant le message le plus positif qui soit.<\/p>\n<p>Lire la description compl\u00e8te ci-dessous.<\/p>","protected":false},"featured_media":4928,"comment_status":"open","ping_status":"closed","template":"","meta":[],"product_brand":[],"product_cat":[208],"product_tag":[],"class_list":{"0":"post-4884","1":"product","2":"type-product","3":"status-publish","4":"has-post-thumbnail","6":"product_cat-etiquettes","8":"first","9":"instock","10":"shipping-taxable","11":"purchasable","12":"product-type-simple"},"jetpack_sharing_enabled":true,"_links":{"self":[{"href":"https:\/\/lapetitemaisoncouture.com\/en\/wp-json\/wp\/v2\/product\/4884","targetHints":{"allow":["GET"]}}],"collection":[{"href":"https:\/\/lapetitemaisoncouture.com\/en\/wp-json\/wp\/v2\/product"}],"about":[{"href":"https:\/\/lapetitemaisoncouture.com\/en\/wp-json\/wp\/v2\/types\/product"}],"replies":[{"embeddable":true,"href":"https:\/\/lapetitemaisoncouture.com\/en\/wp-json\/wp\/v2\/comments?post=4884"}],"wp:featuredmedia":[{"embeddable":true,"href":"https:\/\/lapetitemaisoncouture.com\/en\/wp-json\/wp\/v2\/media\/4928"}],"wp:attachment":[{"href":"https:\/\/lapetitemaisoncouture.com\/en\/wp-json\/wp\/v2\/media?parent=4884"}],"wp:term":[{"taxonomy":"product_brand","embeddable":true,"href":"https:\/\/lapetitemaisoncouture.com\/en\/wp-json\/wp\/v2\/product_brand?post=4884"},{"taxonomy":"product_cat","embeddable":true,"href":"https:\/\/lapetitemaisoncouture.com\/en\/wp-json\/wp\/v2\/product_cat?post=4884"},{"taxonomy":"product_tag","embeddable":true,"href":"https:\/\/lapetitemaisoncouture.com\/en\/wp-json\/wp\/v2\/product_tag?post=4884"}],"curies":[{"name":"wp","href":"https:\/\/api.w.org\/{rel}","templated":true}]}}