{"id":4880,"date":"2020-09-30T09:01:02","date_gmt":"2020-09-30T07:01:02","guid":{"rendered":"https:\/\/lapetitemaisoncouture.com\/?post_type=product&#038;p=4880"},"modified":"2026-03-22T13:35:06","modified_gmt":"2026-03-22T12:35:06","slug":"note-to-myself-x8","status":"publish","type":"product","link":"https:\/\/lapetitemaisoncouture.com\/en\/boutique\/note-to-myself-x8\/","title":{"rendered":"Note to myself X8"},"content":{"rendered":"<p>Sur un fond \u00e9cru avec un texte noir, cette application poss\u00e8de des l\u00e8vres aux bords irr\u00e9guliers que j\u2019ai dessin\u00e9 sp\u00e9cialement pour cette \u00e9tiquette; les dimensions ici sont de 5,9cm x 2,8cm et les bords courts sont pr\u00e9-pli\u00e9s pour vous faciliter la pose.<span class=\"Apple-converted-space\">\u00a0<\/span><\/p>\n<p>Les applications textiles laPetiteMaisonCouture sont des \u00e9tiquettes tiss\u00e9es \u00e0 coudre. Elles sont fabriqu\u00e9es en Europe et compos\u00e9es de fils de qualit\u00e9 premium; de ce fait elles ne grattent pas et ne d\u00e9teignent pas. Utilis\u00e9es dans de bonnes conditions, elles ont une dur\u00e9e de vie sans limite.<span class=\"Apple-converted-space\">\u00a0<\/span><\/p>\n<hr \/>\n<p>We all know that some of our makings will go very well with a certain pair of shoes or earrings. Why not note it on the garment itself ? That&rsquo;s the idea behind this label that was designed for lipstick lovers. I promise you will never forget to wear your fav lipstick that compliments your garment the most.<span class=\"Apple-converted-space\">\u00a0<\/span>With its black text on an ecru background, this label also features a pair of lips with irregular lines that I drew for the purpose of this label. The dimensions of this label are 5,9cm x 2,8cm and its short sides have been pre-folded in order to ease its application.<span class=\"Apple-converted-space\">\u00a0<\/span><\/p>\n<p>LaPetiteMaisonCouture textile applications are woven labels designed to be sewn on textiles. They were designed in Paris, made in Europe and are made of premium quality threads; for this reason they don\u2019t scratch nor do their colors fade. Used in good conditions their lifespan is unlimited.<span class=\"Apple-converted-space\">\u00a0<\/span><\/p>","protected":false},"excerpt":{"rendered":"<p>Il ya certaines cousettes que vous savez iront parfaitement avec telle paire de chaussures ou boucles d\u2019oreille. Pourquoi ne pas le noter sur un v\u00eatement pour ne pas l\u2019oublier ? C\u2019est le principe de cette \u00e9tiquette qui a \u00e9t\u00e9 pens\u00e9e pour les amoureuses de rouge \u00e0 l\u00e8vre.<\/p>\n<p>Lire la description compl\u00e8te ci-dessous:<\/p>","protected":false},"featured_media":4932,"comment_status":"open","ping_status":"closed","template":"","meta":[],"product_brand":[],"product_cat":[208],"product_tag":[],"class_list":{"0":"post-4880","1":"product","2":"type-product","3":"status-publish","4":"has-post-thumbnail","6":"product_cat-etiquettes","8":"first","9":"instock","10":"shipping-taxable","11":"purchasable","12":"product-type-simple"},"jetpack_sharing_enabled":true,"_links":{"self":[{"href":"https:\/\/lapetitemaisoncouture.com\/en\/wp-json\/wp\/v2\/product\/4880","targetHints":{"allow":["GET"]}}],"collection":[{"href":"https:\/\/lapetitemaisoncouture.com\/en\/wp-json\/wp\/v2\/product"}],"about":[{"href":"https:\/\/lapetitemaisoncouture.com\/en\/wp-json\/wp\/v2\/types\/product"}],"replies":[{"embeddable":true,"href":"https:\/\/lapetitemaisoncouture.com\/en\/wp-json\/wp\/v2\/comments?post=4880"}],"wp:featuredmedia":[{"embeddable":true,"href":"https:\/\/lapetitemaisoncouture.com\/en\/wp-json\/wp\/v2\/media\/4932"}],"wp:attachment":[{"href":"https:\/\/lapetitemaisoncouture.com\/en\/wp-json\/wp\/v2\/media?parent=4880"}],"wp:term":[{"taxonomy":"product_brand","embeddable":true,"href":"https:\/\/lapetitemaisoncouture.com\/en\/wp-json\/wp\/v2\/product_brand?post=4880"},{"taxonomy":"product_cat","embeddable":true,"href":"https:\/\/lapetitemaisoncouture.com\/en\/wp-json\/wp\/v2\/product_cat?post=4880"},{"taxonomy":"product_tag","embeddable":true,"href":"https:\/\/lapetitemaisoncouture.com\/en\/wp-json\/wp\/v2\/product_tag?post=4880"}],"curies":[{"name":"wp","href":"https:\/\/api.w.org\/{rel}","templated":true}]}}