{"id":4875,"date":"2020-09-30T09:00:42","date_gmt":"2020-09-30T07:00:42","guid":{"rendered":"https:\/\/lapetitemaisoncouture.com\/?post_type=product&#038;p=4875"},"modified":"2026-03-14T09:19:48","modified_gmt":"2026-03-14T08:19:48","slug":"self-care-instructions-x5","status":"publish","type":"product","link":"https:\/\/lapetitemaisoncouture.com\/en\/boutique\/self-care-instructions-x5\/","title":{"rendered":"Selfcare Instructions X5"},"content":{"rendered":"<p>Texte de couleur noire tiss\u00e9 sur un fond \u00e9cru, cette \u00e9tiquette a tout pour vous plaire: C\u2019est un 2 en 1 qui poss\u00e8de une double face avec l\u2019inscription <strong>100% Handmade<\/strong> sur la face arri\u00e8re. \u00c9mulant les \u00e9tiquettes d\u2019entretien de v\u00eatements, <strong>Selfcare instructions<\/strong> poss\u00e8de aussi ses petites ic\u00f4nes qui rajoutent des \u00e9l\u00e9ments graphiques int\u00e9ressants. Ses dimensions sont de 4,3cm x 4cm et la pliure est centrale. Les astucieuses trouveront certainement une mani\u00e8re simple d\u2019en faire deux \u00e9tiquettes distinctes.<span class=\"Apple-converted-space\">\u00a0<\/span><\/p>\n<p>Les applications textiles laPetiteMaisonCouture sont des \u00e9tiquettes tiss\u00e9es \u00e0 coudre. Elles sont fabriqu\u00e9es en Europe et compos\u00e9es de fils de qualit\u00e9 premium; de ce fait elles ne grattent pas et ne d\u00e9teignent pas. Utilis\u00e9es dans de bonnes conditions, elles ont une dur\u00e9e de vie sans limite.<span class=\"Apple-converted-space\">\u00a0<\/span><\/p>\n<hr \/>\n<p><em>Audrey Hepburn once said: \u00ab\u00a0A woman\u2019s beauty is not in the clothes she wears. True beauty is reflected by one\u2019s soul\u00a0\u00bb. If this is the case, let\u2019s take a moment, divert from the things we are creating, and put the focus on ourselves. We are not told enough how to take care of ourselves yet there are so many simple and efficient ways of doing so. Here are a few of them that you can keep on you to not forget. What will be your 5th piece of advice ?<span class=\"Apple-converted-space\">\u00a0<\/span><\/em><em>With a black text woven on an ecru background, you will love every single aspect of this label: It\u2019s a 2 in 1 that has two sides to it. The back is printed with the text \u00a0<strong>100% Handmade<\/strong>. <strong>Selfcare instructions<\/strong>\u00a0emulates clothing care labels with its icons that add interesting graphic elements onto its surface. This label measures 4,3cm x 4cm and has a central fold. I\u2019m sure some of you will find an easy way of tweaking it into two separate labels.<span class=\"Apple-converted-space\">\u00a0<\/span><\/em><\/p>\n<p><em>LaPetiteMaisonCouture textile applications are woven labels designed to be sewn on textiles. They were designed in Paris, made in Europe and are made of premium quality threads; for this reason they don\u2019t scratch nor do their colors fade. Used in good conditions their lifespan is unlimited.<span class=\"Apple-converted-space\">\u00a0<\/span><\/em><\/p>","protected":false},"excerpt":{"rendered":"<p>Audrey Hepburn disait: \u00ab\u00a0<em>La beaut\u00e9 d\u2019une femme n\u2019est pas dans les v\u00eatements qu\u2019elle porte. La vraie beaut\u00e9 se refl\u00e8te dans l\u2019\u00e2me<\/em>\u00a0\u00bb. Si tel est le cas,<span class=\"Apple-converted-space\">\u00a0prenons un moment et\u00a0<\/span>recentrons notre attention sur nous-m\u00eame, sur notre \u00e2me et le bien \u00eatre de celle-ci. On ne nous dit pas assez comment prendre soin de nous et pourtant il existe plusieurs fa\u00e7ons simples et efficaces. En voici quelques unes que vous n\u2019allez plus jamais oublier! Quel serait votre 5e conseil ?<\/p>\n<p>Lire la description compl\u00e8te ci-dessous.<\/p>","protected":false},"featured_media":4924,"comment_status":"open","ping_status":"closed","template":"","meta":[],"product_brand":[],"product_cat":[208],"product_tag":[],"class_list":{"0":"post-4875","1":"product","2":"type-product","3":"status-publish","4":"has-post-thumbnail","6":"product_cat-etiquettes","8":"first","9":"instock","10":"shipping-taxable","11":"purchasable","12":"product-type-simple"},"jetpack_sharing_enabled":true,"_links":{"self":[{"href":"https:\/\/lapetitemaisoncouture.com\/en\/wp-json\/wp\/v2\/product\/4875","targetHints":{"allow":["GET"]}}],"collection":[{"href":"https:\/\/lapetitemaisoncouture.com\/en\/wp-json\/wp\/v2\/product"}],"about":[{"href":"https:\/\/lapetitemaisoncouture.com\/en\/wp-json\/wp\/v2\/types\/product"}],"replies":[{"embeddable":true,"href":"https:\/\/lapetitemaisoncouture.com\/en\/wp-json\/wp\/v2\/comments?post=4875"}],"wp:featuredmedia":[{"embeddable":true,"href":"https:\/\/lapetitemaisoncouture.com\/en\/wp-json\/wp\/v2\/media\/4924"}],"wp:attachment":[{"href":"https:\/\/lapetitemaisoncouture.com\/en\/wp-json\/wp\/v2\/media?parent=4875"}],"wp:term":[{"taxonomy":"product_brand","embeddable":true,"href":"https:\/\/lapetitemaisoncouture.com\/en\/wp-json\/wp\/v2\/product_brand?post=4875"},{"taxonomy":"product_cat","embeddable":true,"href":"https:\/\/lapetitemaisoncouture.com\/en\/wp-json\/wp\/v2\/product_cat?post=4875"},{"taxonomy":"product_tag","embeddable":true,"href":"https:\/\/lapetitemaisoncouture.com\/en\/wp-json\/wp\/v2\/product_tag?post=4875"}],"curies":[{"name":"wp","href":"https:\/\/api.w.org\/{rel}","templated":true}]}}