{"id":4743,"date":"2020-09-03T10:25:20","date_gmt":"2020-09-03T08:25:20","guid":{"rendered":"https:\/\/lapetitemaisoncouture.com\/?post_type=product&#038;p=4743"},"modified":"2026-02-20T10:57:56","modified_gmt":"2026-02-20T09:57:56","slug":"bonjour-beaute-x8","status":"publish","type":"product","link":"https:\/\/lapetitemaisoncouture.com\/en\/boutique\/bonjour-beaute-x8\/","title":{"rendered":"Bonjour Beaut\u00e9 x8"},"content":{"rendered":"<p>Tiss\u00e9e sur un fond \u00e9cru, j\u2019ai longtemps cherch\u00e9 pour cette \u00e9tiquette une belle nuance de rouge classique qui ferait ressortir son message sur n\u2019importe quelle tenue ou accessoire sans \u00eatre agressif \u00e0 l\u2019oeil. Ses dimensions sont de 5,2cm x 2,9cm. Ses bords courts sont pr\u00e9-pli\u00e9s pour vous faciliter la pose.<span class=\"Apple-converted-space\">\u00a0<\/span><\/p>\n<p>Les applications textiles laPetiteMaisonCouture sont des \u00e9tiquettes tiss\u00e9es \u00e0 coudre. Elles sont fabriqu\u00e9es en Europe et compos\u00e9es de fils de qualit\u00e9 premium; de ce fait elles ne grattent pas et ne d\u00e9teignent pas. Utilis\u00e9es dans de bonnes conditions, elles ont une dur\u00e9e de vie sans limite.<span class=\"Apple-converted-space\">\u00a0<\/span><\/p>\n<hr \/>\n<p><em>Imagine waking up in the morning, picking up your piece of clothing and receiving a greeting from it. <strong>Bonjour Beaut\u00e9<\/strong> which translates in English as <strong>Good morning Beauty<\/strong> is a label featuring a simple text, that will surprise you and always remind you of who you are.\u00a0<\/em><em>Woven on a ecru background, I went hunting for the most beautiful shade of classic red that will make its message stand out on any clothing or accessory, without the color being too agressive to the eye. Its dimensions are 5,2cm x 2,9cm and its short sides have been pre-folded in oder to ease its application.<span class=\"Apple-converted-space\">\u00a0<\/span><\/em><\/p>\n<p><em>LaPetiteMaisonCouture textile applications are woven labels designed to be sewn on textiles. They were designed in Paris, made in Europe and are made of premium quality threads; for this reason they don\u2019t scratch nor do their colors fade. Used in good conditions their lifespan is unlimited.<span class=\"Apple-converted-space\">\u00a0<\/span><\/em><\/p>","protected":false},"excerpt":{"rendered":"<p>Imaginez vous r\u00e9veiller le matin, prendre votre v\u00eatement et le voir vous saluer\u2026 <strong>Bonjour Beaut\u00e9<\/strong> est une application au texte simple et au message qui non seulement cr\u00e9era un effet de surprise, mais vous rappellera constamment qui vous \u00eates.<\/p>\n<p>Lire la description compl\u00e8te ci-dessous.<\/p>","protected":false},"featured_media":4952,"comment_status":"open","ping_status":"closed","template":"","meta":[],"product_brand":[],"product_cat":[208],"product_tag":[],"class_list":{"0":"post-4743","1":"product","2":"type-product","3":"status-publish","4":"has-post-thumbnail","6":"product_cat-etiquettes","8":"first","9":"instock","10":"purchasable","11":"product-type-simple"},"jetpack_sharing_enabled":true,"_links":{"self":[{"href":"https:\/\/lapetitemaisoncouture.com\/en\/wp-json\/wp\/v2\/product\/4743","targetHints":{"allow":["GET"]}}],"collection":[{"href":"https:\/\/lapetitemaisoncouture.com\/en\/wp-json\/wp\/v2\/product"}],"about":[{"href":"https:\/\/lapetitemaisoncouture.com\/en\/wp-json\/wp\/v2\/types\/product"}],"replies":[{"embeddable":true,"href":"https:\/\/lapetitemaisoncouture.com\/en\/wp-json\/wp\/v2\/comments?post=4743"}],"wp:featuredmedia":[{"embeddable":true,"href":"https:\/\/lapetitemaisoncouture.com\/en\/wp-json\/wp\/v2\/media\/4952"}],"wp:attachment":[{"href":"https:\/\/lapetitemaisoncouture.com\/en\/wp-json\/wp\/v2\/media?parent=4743"}],"wp:term":[{"taxonomy":"product_brand","embeddable":true,"href":"https:\/\/lapetitemaisoncouture.com\/en\/wp-json\/wp\/v2\/product_brand?post=4743"},{"taxonomy":"product_cat","embeddable":true,"href":"https:\/\/lapetitemaisoncouture.com\/en\/wp-json\/wp\/v2\/product_cat?post=4743"},{"taxonomy":"product_tag","embeddable":true,"href":"https:\/\/lapetitemaisoncouture.com\/en\/wp-json\/wp\/v2\/product_tag?post=4743"}],"curies":[{"name":"wp","href":"https:\/\/api.w.org\/{rel}","templated":true}]}}