{"id":12381,"date":"2025-02-25T16:17:35","date_gmt":"2025-02-25T15:17:35","guid":{"rendered":"https:\/\/lapetitemaisoncouture.com\/boutique\/sewing-poems-x8\/"},"modified":"2025-02-25T16:17:35","modified_gmt":"2025-02-25T15:17:35","slug":"sewing-poems-x8","status":"publish","type":"product","link":"https:\/\/lapetitemaisoncouture.com\/en\/boutique\/sewing-poems-x8\/","title":{"rendered":"Sewing Poems x8"},"content":{"rendered":"<p>If you are familiar with la Petite Maison Couture labels, you know that our use of color is always measured, controlled, and mastered. With the <b>Po\u00e8mes \u00e0 coudre<\/b> collection, we selected the thread colors after numerous tests to ensure we achieved the perfect shade of green or blue, for example. <span class=\"Apple-converted-space\"> <\/span><\/p>\n<p>We have tested it, and we can confirm that here again, you will find that sense of surprise, softness, and happiness. <strong>Po\u00e8mes \u00e0 coudre<\/strong> is a unique collaboration between Cousette, la Petite Maison Couture, and Christine from the page <a href=\"https:\/\/www.instagram.com\/metaphore_filee?utm_source=ig_web_button_share_sheet&amp;igsh=ZDNlZDc0MzIxNw==\">@metaphore_filee<\/a>. An ode to the French language, its poets, and its beauty. <\/p>\n<p>Dimensions:<\/p>\n<ul>\n<li>Po\u00e8mes: 1.7cm x 3.5cm<\/li>\n<li>Avoir l&#8217;\u00e2me qui r\u00eave: 3.5cm x 5cm<\/li>\n<li>Ton parfum est dans le nuage: 2.5cm x 4.3cm<\/li>\n<li>J&#8217;ai embrass\u00e9 l&#8217;aube d&#8217;\u00e9t\u00e9: 2.5cm x 3.8cm<\/li>\n<\/ul>\n<p>laPetiteMaisonCouture textile applications are woven labels for sewing. They are made of premium quality polyester threads; as a result, they do not scratch or fade. When used under the right conditions, they have an unlimited lifespan.  <span class=\"Apple-converted-space\"> <\/span><\/p>\n","protected":false},"excerpt":{"rendered":"<p>Sewing a <strong>poem<\/strong> onto fabric. Inside or outside your creations. Have you ever thought of it?  <\/p>\n<p>At the origin of the <strong>Poem<\/strong> is creation. Manufacturing. We weave words just as we assemble the pieces of a garment. The fabric itself refers back to the text&#8230; a matter of textures. And then, remember that in French, you always hear the word &#8220;aime&#8221; (love) in the word &#8220;po\u00e8me.&#8221;    <\/p>\n<p>Read the full description below.<\/p>\n","protected":false},"featured_media":10860,"template":"","meta":{"_et_pb_use_builder":"","_et_pb_old_content":"","_et_gb_content_width":""},"product_brand":[],"product_cat":[236],"product_tag":[],"class_list":{"0":"post-12381","1":"product","2":"type-product","3":"status-publish","4":"has-post-thumbnail","6":"product_cat-non-classe","8":"first","9":"instock","10":"shipping-taxable","11":"purchasable","12":"product-type-simple"},"jetpack_sharing_enabled":true,"_links":{"self":[{"href":"https:\/\/lapetitemaisoncouture.com\/en\/wp-json\/wp\/v2\/product\/12381","targetHints":{"allow":["GET"]}}],"collection":[{"href":"https:\/\/lapetitemaisoncouture.com\/en\/wp-json\/wp\/v2\/product"}],"about":[{"href":"https:\/\/lapetitemaisoncouture.com\/en\/wp-json\/wp\/v2\/types\/product"}],"wp:featuredmedia":[{"embeddable":true,"href":"https:\/\/lapetitemaisoncouture.com\/en\/wp-json\/wp\/v2\/media\/10860"}],"wp:attachment":[{"href":"https:\/\/lapetitemaisoncouture.com\/en\/wp-json\/wp\/v2\/media?parent=12381"}],"wp:term":[{"taxonomy":"product_brand","embeddable":true,"href":"https:\/\/lapetitemaisoncouture.com\/en\/wp-json\/wp\/v2\/product_brand?post=12381"},{"taxonomy":"product_cat","embeddable":true,"href":"https:\/\/lapetitemaisoncouture.com\/en\/wp-json\/wp\/v2\/product_cat?post=12381"},{"taxonomy":"product_tag","embeddable":true,"href":"https:\/\/lapetitemaisoncouture.com\/en\/wp-json\/wp\/v2\/product_tag?post=12381"}],"curies":[{"name":"wp","href":"https:\/\/api.w.org\/{rel}","templated":true}]}}