{"id":11009,"date":"2025-07-20T01:33:32","date_gmt":"2025-07-19T23:33:32","guid":{"rendered":"https:\/\/lapetitemaisoncouture.com\/?post_type=product&#038;p=11009"},"modified":"2026-02-13T11:22:25","modified_gmt":"2026-02-13T10:22:25","slug":"oeil-dart-x-8","status":"publish","type":"product","link":"https:\/\/lapetitemaisoncouture.com\/en\/boutique\/oeil-dart-x-8\/","title":{"rendered":"OEIL D&rsquo;ART x 8"},"content":{"rendered":"<p><strong>Dimensions: 1,3 x 2,2 cm (dimensions finales une fois pli\u00e9e et sans les marges de couture)<\/strong><\/p>\n<p>Le Bauhaus \u00e9tait une \u00e9cole r\u00e9volutionnaire d&rsquo;art, de design et d&rsquo;architecture fond\u00e9e en Allemagne en 1919 par Walter Gropius. Il est devenu l&rsquo;un des mouvements les plus influents du design moderne, rejetant la distinction entre artiste et artisan et pr\u00f4nant la fonctionnalit\u00e9 et la simplicit\u00e9. Son approche est tr\u00e8s interdisciplinaire. Les \u00e9tudiants du Bauhaus ont \u00e9tudi\u00e9 plusieurs disciplines\u00a0: m\u00e9tallurgie, tissage, architecture, peinture, design, etc.<\/p>\n<p>On reconna\u00eet le Bauhaus \u00e0 ses lignes \u00e9pur\u00e9es (rouge, jaune, bleu, mais aussi noir, blanc et gris) et aux formes g\u00e9om\u00e9triques essentielles de ses cr\u00e9ations (cercles, triangles, carr\u00e9s et lignes droites en sont les \u00e9l\u00e9ments cl\u00e9s).<\/p>\n<p>Le Bauhaus est pr\u00e9sent dans l&rsquo;art, mais aussi dans le design de produits (mobilier, b\u00e2timents, typographie).<\/p>\n<p>De nombreuses marques de mode et de technologie minimalistes utilisent des visuels inspir\u00e9s du Bauhaus (ex. Acne Studios, Aesop, Braun, Apple, Google).<\/p>\n<hr \/>\n<p><em>The eye represents visual perception, which is essential in design, architecture, and the visual arts. Herbert Beyer, a major Bauhaus graphic designer, used the image of the eye in several of his works, often in photo collages or posters. <\/em><em>As a side note, choosing the yellow thread took several days, as color perception varied depending on the weather and lighting conditions. The result of the weave, combining yellow, red, and black thread, is absolutely adorable.<\/em><br \/>\n<em>This label is placed between two seams. On one side is the eye, and on the other is the delicate weave of the inscription \u00ab\u00a0Work of Art.\u00a0\u00bb<\/em><\/p>\n<p><em>See the <a href=\"https:\/\/lapetitemaisoncouture.com\/en\/boutique\/oeil-dart-nb-x-8\/\">Black &amp; White version<\/a> of this label<\/em><\/p>\n<p><strong><em>Dimensions: 1,3 x 2,2 cm (dimensions once folded, seam allowance excluded)<\/em><\/strong><\/p>\n<p><em>Bauhaus was a revolutionary art, design, and architecture school founded in Germany in 1919 by Walter Gropius. It became one of the most influential movements in modern design, rejecting the divide between artist and craftsman and embracing functionality and simplicity. Its approach is very Interdisciplinary. Students at the Bauhaus school studied multiple disciplines: metalwork, weaving, architecture, painting, design, etc.<\/em><\/p>\n<p><em>You will recognize Bauhaus with its clean lines (red, yellow, blue, but also black white and grey)and its basic geometric shapes of its designs<span class=\"Apple-converted-space\">\u00a0 <\/span>(circles, triangles, squares, straight lines are key elements).<\/em><\/p>\n<p><em>You will find Bauhaus represents in art, but also product design (furniture, buildings, typography).<\/em><\/p>\n<p><em>Many minimalist fashion and tech brands use Bauhaus-inspired visuals (e.g., Apple, Google, Acne Studios, Aesop, Braun).<\/em><\/p>","protected":false},"excerpt":{"rendered":"<p>L\u2019oeil repr\u00e9sente la perception visuelle, ce qui est essentielle dans le design, l\u2019architecture et les arts visuels. Herbert Beyer un graphiste majeur du Bauhaus a utilis\u00e9 l\u2019image de l\u2019oeil dans plusieurs de ses oeuvres, souvent dans des collages photos ou dans des affiches.<span class=\"Apple-converted-space\">\u00a0<\/span><\/p>\n<p>Pour la petite histoire le choix du fil jaune a pris plusieurs jours, car en fonction du temps et de la luminosit\u00e9, la perception de la couleur \u00e9tait<span class=\"Apple-converted-space\">\u00a0 <\/span>diff\u00e9rente. Le r\u00e9sultat du tissage m\u00ealant fils jaune, rouge et noir donne un r\u00e9sultat absolument adorable.<span class=\"Apple-converted-space\">\u00a0<\/span><\/p>\n<p>Cette \u00e9tiquette se pose entre deux coutures. D\u2019un c\u00f4t\u00e9 l\u2019oeil, et de l\u2019autre le tissage d\u00e9licat de l\u2019inscription \u201cOeuvre d\u2019art\u201d.<\/p>\n<p>Voir la version <a href=\"https:\/\/lapetitemaisoncouture.com\/en\/boutique\/oeil-dart-nb-x-8\/\">Noir &amp; Blanc <\/a>de cette \u00e9tiquette.<\/p>\n<p>Lire plus ci-dessous.<\/p>","protected":false},"featured_media":11023,"comment_status":"closed","ping_status":"closed","template":"","meta":[],"product_brand":[],"product_cat":[208],"product_tag":[],"class_list":{"0":"post-11009","1":"product","2":"type-product","3":"status-publish","4":"has-post-thumbnail","6":"product_cat-etiquettes","8":"first","9":"instock","10":"shipping-taxable","11":"purchasable","12":"product-type-simple"},"jetpack_sharing_enabled":true,"_links":{"self":[{"href":"https:\/\/lapetitemaisoncouture.com\/en\/wp-json\/wp\/v2\/product\/11009","targetHints":{"allow":["GET"]}}],"collection":[{"href":"https:\/\/lapetitemaisoncouture.com\/en\/wp-json\/wp\/v2\/product"}],"about":[{"href":"https:\/\/lapetitemaisoncouture.com\/en\/wp-json\/wp\/v2\/types\/product"}],"replies":[{"embeddable":true,"href":"https:\/\/lapetitemaisoncouture.com\/en\/wp-json\/wp\/v2\/comments?post=11009"}],"wp:featuredmedia":[{"embeddable":true,"href":"https:\/\/lapetitemaisoncouture.com\/en\/wp-json\/wp\/v2\/media\/11023"}],"wp:attachment":[{"href":"https:\/\/lapetitemaisoncouture.com\/en\/wp-json\/wp\/v2\/media?parent=11009"}],"wp:term":[{"taxonomy":"product_brand","embeddable":true,"href":"https:\/\/lapetitemaisoncouture.com\/en\/wp-json\/wp\/v2\/product_brand?post=11009"},{"taxonomy":"product_cat","embeddable":true,"href":"https:\/\/lapetitemaisoncouture.com\/en\/wp-json\/wp\/v2\/product_cat?post=11009"},{"taxonomy":"product_tag","embeddable":true,"href":"https:\/\/lapetitemaisoncouture.com\/en\/wp-json\/wp\/v2\/product_tag?post=11009"}],"curies":[{"name":"wp","href":"https:\/\/api.w.org\/{rel}","templated":true}]}}