{"id":11006,"date":"2025-07-20T01:10:03","date_gmt":"2025-07-19T23:10:03","guid":{"rendered":"https:\/\/lapetitemaisoncouture.com\/?post_type=product&#038;p=11006"},"modified":"2026-04-01T15:09:00","modified_gmt":"2026-04-01T13:09:00","slug":"a-piece-of-art-x-8","status":"publish","type":"product","link":"https:\/\/lapetitemaisoncouture.com\/en\/boutique\/a-piece-of-art-x-8\/","title":{"rendered":"A PIECE OF ART x 8"},"content":{"rendered":"<p><strong>Dimensions: 1,8 cm x 5,8 cm<\/strong><\/p>\n<p>Le Bauhaus \u00e9tait une \u00e9cole r\u00e9volutionnaire d&rsquo;art, de design et d&rsquo;architecture fond\u00e9e en Allemagne en 1919 par Walter Gropius. Il est devenu l&rsquo;un des mouvements les plus influents du design moderne, rejetant la distinction entre artiste et artisan et pr\u00f4nant la fonctionnalit\u00e9 et la simplicit\u00e9. Son approche est tr\u00e8s interdisciplinaire. Les \u00e9tudiants du Bauhaus ont \u00e9tudi\u00e9 plusieurs disciplines\u00a0: m\u00e9tallurgie, tissage, architecture, peinture, design, etc.<\/p>\n<p>On reconna\u00eet le Bauhaus \u00e0 ses lignes \u00e9pur\u00e9es (rouge, jaune, bleu, mais aussi noir, blanc et gris) et aux formes g\u00e9om\u00e9triques essentielles de ses cr\u00e9ations (cercles, triangles, carr\u00e9s et lignes droites en sont les \u00e9l\u00e9ments cl\u00e9s).<\/p>\n<p>Le Bauhaus est pr\u00e9sent dans l&rsquo;art, mais aussi dans le design de produits (mobilier, b\u00e2timents, typographie).<\/p>\n<p>De nombreuses marques de mode et de technologie minimalistes utilisent des visuels inspir\u00e9s du Bauhaus (ex. Acne Studios, Aesop, Braun, Apple, Google).<\/p>\n<hr \/>\n<p><em>A piece of art, or the label we all deserve! Sew it to your creations. It will highlight the masterpiece that your creation is and will rightly remind you of it in your down moments. The blue color of its weave was chosen with the greatest care and taste.<\/em><\/p>\n<p><em>See the <a href=\"https:\/\/lapetitemaisoncouture.com\/en\/boutique\/a-piece-of-art-nb-x-8\/\">Black &amp; White version<\/a> of this label<\/em><\/p>\n<p><strong><em>Dimensions: 1,8 cm x 5,8 cm<\/em><\/strong><\/p>\n<p><em>Bauhaus was a revolutionary art, design, and architecture school founded in Germany in 1919 by Walter Gropius. It became one of the most influential movements in modern design, rejecting the divide between artist and craftsman and embracing functionality and simplicity. Its approach is very Interdisciplinary. Students at the Bauhaus school studied multiple disciplines: metalwork, weaving, architecture, painting, design, etc.<\/em><\/p>\n<p><em>You will recognize Bauhaus with its clean lines (red, yellow, blue, but also black white and grey)and its basic geometric shapes of its designs<span class=\"Apple-converted-space\">\u00a0 <\/span>(circles, triangles, squares, straight lines are key elements).<\/em><\/p>\n<p><em>You will find Bauhaus represents in art, but also product design (furniture, buildings, typography).<\/em><\/p>\n<p><em>Many minimalist fashion and tech brands use Bauhaus-inspired visuals (e.g., Apple, Google, Acne Studios, Aesop, Braun).<\/em><\/p>","protected":false},"excerpt":{"rendered":"<p><em>A piece of Art<\/em> ou l\u2019\u00e9tiquette que nous m\u00e9ritons tous. \u00c0\u00a0apposer sur vos cr\u00e9ations. Elle soulignera le chef d\u2019oeuvre qu\u2019est votre cr\u00e9ation et vous le rappellera \u00e0 juste titre \u00e0 vos moments de doute. La couleur bleu de son tissage a \u00e9t\u00e9 choisie avec la plus grande attention.<\/p>\n<p>Voir la version <a href=\"https:\/\/lapetitemaisoncouture.com\/en\/boutique\/a-piece-of-art-nb-x-8\/\">Noir &amp; Blanc<\/a> de cette \u00e9tiquette.<\/p>\n<p>Lire plus ci-dessous.<\/p>","protected":false},"featured_media":11043,"comment_status":"closed","ping_status":"closed","template":"","meta":[],"product_brand":[],"product_cat":[208],"product_tag":[],"class_list":{"0":"post-11006","1":"product","2":"type-product","3":"status-publish","4":"has-post-thumbnail","6":"product_cat-etiquettes","8":"first","9":"instock","10":"shipping-taxable","11":"purchasable","12":"product-type-simple"},"jetpack_sharing_enabled":true,"_links":{"self":[{"href":"https:\/\/lapetitemaisoncouture.com\/en\/wp-json\/wp\/v2\/product\/11006","targetHints":{"allow":["GET"]}}],"collection":[{"href":"https:\/\/lapetitemaisoncouture.com\/en\/wp-json\/wp\/v2\/product"}],"about":[{"href":"https:\/\/lapetitemaisoncouture.com\/en\/wp-json\/wp\/v2\/types\/product"}],"replies":[{"embeddable":true,"href":"https:\/\/lapetitemaisoncouture.com\/en\/wp-json\/wp\/v2\/comments?post=11006"}],"wp:featuredmedia":[{"embeddable":true,"href":"https:\/\/lapetitemaisoncouture.com\/en\/wp-json\/wp\/v2\/media\/11043"}],"wp:attachment":[{"href":"https:\/\/lapetitemaisoncouture.com\/en\/wp-json\/wp\/v2\/media?parent=11006"}],"wp:term":[{"taxonomy":"product_brand","embeddable":true,"href":"https:\/\/lapetitemaisoncouture.com\/en\/wp-json\/wp\/v2\/product_brand?post=11006"},{"taxonomy":"product_cat","embeddable":true,"href":"https:\/\/lapetitemaisoncouture.com\/en\/wp-json\/wp\/v2\/product_cat?post=11006"},{"taxonomy":"product_tag","embeddable":true,"href":"https:\/\/lapetitemaisoncouture.com\/en\/wp-json\/wp\/v2\/product_tag?post=11006"}],"curies":[{"name":"wp","href":"https:\/\/api.w.org\/{rel}","templated":true}]}}