{"id":11004,"date":"2025-07-20T00:47:07","date_gmt":"2025-07-19T22:47:07","guid":{"rendered":"https:\/\/lapetitemaisoncouture.com\/?post_type=product&#038;p=11004"},"modified":"2026-04-01T20:42:32","modified_gmt":"2026-04-01T18:42:32","slug":"art-nb-x-8","status":"publish","type":"product","link":"https:\/\/lapetitemaisoncouture.com\/en\/boutique\/art-nb-x-8\/","title":{"rendered":"ART (N&#038;B) x 8"},"content":{"rendered":"<p><strong>Dimensions: 3,8 cm x 5,5 cm<\/strong><\/p>\n<p>Le Bauhaus \u00e9tait une \u00e9cole r\u00e9volutionnaire d&rsquo;art, de design et d&rsquo;architecture fond\u00e9e en Allemagne en 1919 par Walter Gropius. Il est devenu l&rsquo;un des mouvements les plus influents du design moderne, rejetant la distinction entre artiste et artisan et pr\u00f4nant la fonctionnalit\u00e9 et la simplicit\u00e9. Son approche est tr\u00e8s interdisciplinaire. Les \u00e9tudiants du Bauhaus ont \u00e9tudi\u00e9 plusieurs disciplines\u00a0: m\u00e9tallurgie, tissage, architecture, peinture, design, etc.<\/p>\n<p>On reconna\u00eet le Bauhaus \u00e0 ses lignes \u00e9pur\u00e9es (rouge, jaune, bleu, mais aussi noir, blanc et gris) et aux formes g\u00e9om\u00e9triques essentielles de ses cr\u00e9ations (cercles, triangles, carr\u00e9s et lignes droites en sont les \u00e9l\u00e9ments cl\u00e9s).<\/p>\n<p>Le Bauhaus est pr\u00e9sent dans l&rsquo;art, mais aussi dans le design de produits (mobilier, b\u00e2timents, typographie).<\/p>\n<p>De nombreuses marques de mode et de technologie minimalistes utilisent des visuels inspir\u00e9s du Bauhaus (ex. Acne Studios, Aesop, Braun, Apple, Google).<\/p>\n<hr \/>\n<p><em>The ART label, with its geometric design, colors, ethereal feel, and message, makes it a \u00ab\u00a0very Bauhaus\u00a0\u00bb label. It combines the concept&rsquo;s three accent colors. Each thread color has been carefully chosen so that you have a miniature of this architectural and artistic concept in your hands.<\/em><\/p>\n<p><strong><em>Dimensions: 3,8 cm x 5,5 cm<\/em><\/strong><\/p>\n<p>See the <a href=\"https:\/\/lapetitemaisoncouture.com\/en\/boutique\/art-x-8\/\">colored version<\/a> of this label.<\/p>\n<p><em>Bauhaus was a revolutionary art, design, and architecture school founded in Germany in 1919 by Walter Gropius. It became one of the most influential movements in modern design, rejecting the divide between artist and craftsman and embracing functionality and simplicity. Its approach is very Interdisciplinary. Students at the Bauhaus school studied multiple disciplines: metalwork, weaving, architecture, painting, design, etc.<\/em><\/p>\n<p><em>You will recognize Bauhaus with its clean lines (red, yellow, blue, but also black white and grey)and its basic geometric shapes of its designs<span class=\"Apple-converted-space\">\u00a0 <\/span>(circles, triangles, squares, straight lines are key elements).<\/em><\/p>\n<p><em>You will find Bauhaus represents in art, but also product design (furniture, buildings, typography).<\/em><\/p>\n<p><em>Many minimalist fashion and tech brands use Bauhaus-inspired visuals (e.g., Apple, Google, Acne Studios, Aesop, Braun).<\/em><\/p>","protected":false},"excerpt":{"rendered":"<p>L\u2019\u00e9tiquette <em>ART &#8211; Travail d&rsquo;artiste<\/em> de par la g\u00e9om\u00e9trie de son design, ses couleurs, son cot\u00e9 a\u00e9rien et son message, en font une \u00e9tiquette \u201ctr\u00e8s Bauhaus \u201c. Chaque couleur de fil a \u00e9t\u00e9 choisie avec la plus grande attention afin que vous ayez entre vos mains une miniature de ce concept architectural et artistique.<span class=\"Apple-converted-space\">\u00a0<\/span><\/p>\n<p>Voir la <a href=\"https:\/\/lapetitemaisoncouture.com\/en\/boutique\/art-x-8\/\">version couleur<\/a>.<\/p>\n<p>Lire plus ci-dessous.<\/p>","protected":false},"featured_media":11047,"comment_status":"closed","ping_status":"closed","template":"","meta":[],"product_brand":[],"product_cat":[208],"product_tag":[],"class_list":{"0":"post-11004","1":"product","2":"type-product","3":"status-publish","4":"has-post-thumbnail","6":"product_cat-etiquettes","8":"first","9":"instock","10":"shipping-taxable","11":"purchasable","12":"product-type-simple"},"jetpack_sharing_enabled":true,"_links":{"self":[{"href":"https:\/\/lapetitemaisoncouture.com\/en\/wp-json\/wp\/v2\/product\/11004","targetHints":{"allow":["GET"]}}],"collection":[{"href":"https:\/\/lapetitemaisoncouture.com\/en\/wp-json\/wp\/v2\/product"}],"about":[{"href":"https:\/\/lapetitemaisoncouture.com\/en\/wp-json\/wp\/v2\/types\/product"}],"replies":[{"embeddable":true,"href":"https:\/\/lapetitemaisoncouture.com\/en\/wp-json\/wp\/v2\/comments?post=11004"}],"wp:featuredmedia":[{"embeddable":true,"href":"https:\/\/lapetitemaisoncouture.com\/en\/wp-json\/wp\/v2\/media\/11047"}],"wp:attachment":[{"href":"https:\/\/lapetitemaisoncouture.com\/en\/wp-json\/wp\/v2\/media?parent=11004"}],"wp:term":[{"taxonomy":"product_brand","embeddable":true,"href":"https:\/\/lapetitemaisoncouture.com\/en\/wp-json\/wp\/v2\/product_brand?post=11004"},{"taxonomy":"product_cat","embeddable":true,"href":"https:\/\/lapetitemaisoncouture.com\/en\/wp-json\/wp\/v2\/product_cat?post=11004"},{"taxonomy":"product_tag","embeddable":true,"href":"https:\/\/lapetitemaisoncouture.com\/en\/wp-json\/wp\/v2\/product_tag?post=11004"}],"curies":[{"name":"wp","href":"https:\/\/api.w.org\/{rel}","templated":true}]}}