{"id":10858,"date":"2025-02-25T16:17:35","date_gmt":"2025-02-25T15:17:35","guid":{"rendered":"https:\/\/lapetitemaisoncouture.com\/?post_type=product&#038;p=10858"},"modified":"2026-04-01T15:09:00","modified_gmt":"2026-04-01T13:09:00","slug":"poemes-a-coudre-x8","status":"publish","type":"product","link":"https:\/\/lapetitemaisoncouture.com\/en\/boutique\/poemes-a-coudre-x8\/","title":{"rendered":"Po\u00e8mes \u00e0 coudre x8"},"content":{"rendered":"<p>Si vous connaissez les \u00e9tiquettes \u00e9tiquettes la Petite Maison Couture, vous savez que l&rsquo;utilisation de la couleur est toujours dos\u00e9e, control\u00e9e, maitriser. Avec la collection <b>Po\u00e8mes \u00e0 coudre<\/b>, nous avons choisi les couleurs de fil au bout de plusieurs tests, historie d\u2019avoir le bon ton de vert ou de bleu par exemple.<span class=\"Apple-converted-space\">\u00a0<\/span><\/p>\n<p>Nous l&rsquo;avons test\u00e9, et nous pouvons valider qu&rsquo;ici encore vous trouverez cet effet de surprise, de douceur et de bonheur. <strong>Po\u00e8mes \u00e0 coudre<\/strong> est une collaboration in\u00e9dite entre Cousette, la Petite Maison Couture et Christine de la page <a href=\"https:\/\/www.instagram.com\/metaphore_filee?utm_source=ig_web_button_share_sheet&amp;igsh=ZDNlZDc0MzIxNw==\">@metaphore_filee<\/a>. Une ode \u00e0 la langue fran\u00e7aise, \u00e0 ses po\u00e8tes, \u00e0 sa beaut\u00e9.<\/p>\n<p>Les dimensions:<\/p>\n<ul>\n<li>Po\u00e8mes: 1,7cm x 3,5cm<\/li>\n<li>Avoir l&rsquo;\u00e2me qui r\u00eave : 3,5cm x 5cm<\/li>\n<li>Ton parfum est dans le nuage: 2,5cm x 4,3cm<\/li>\n<li>J&rsquo;ai embrass\u00e9 l&rsquo;aube d&rsquo;\u00e9t\u00e9: 2,5cm x 3,8cm<\/li>\n<\/ul>\n<p>Les applications textiles laPetiteMaisonCouture sont des \u00e9tiquettes tiss\u00e9es \u00e0 coudre. Elles sont compos\u00e9es de fils de polyester de qualit\u00e9 premium; De ce fait elles ne grattent pas et ne d\u00e9teignent pas. Utilis\u00e9es dans de bonnes conditions, elles ont une dur\u00e9e de vie sans limite.<span class=\"Apple-converted-space\">\u00a0<\/span><\/p>","protected":false},"excerpt":{"rendered":"<p>Coudre un <strong>po\u00e8me<\/strong> sur du textile. A l&rsquo;int\u00e9rieur ou \u00e0 l&rsquo;ext\u00e9rieur de vos cr\u00e9ations. \u00a0Y aviez-vous d\u00e9j\u00e0 pens\u00e9 ?<\/p>\n<p>A l\u2019origine du <strong>Po\u00e8me<\/strong>\u00a0il y a la creation. La fabrication. On tisse des mots comme on assemble les pi\u00e8ces d\u2019un v\u00eatement. Le tissu lui m\u00eame renvoie au texte\u2026 histoire de textures. Et puis se rappeler que l\u2019on entend toujours le mot aime dans le mot po\u00e8me.<\/p>\n<p>Lire la description compl\u00e8te ci-dessous.<\/p>","protected":false},"featured_media":10860,"comment_status":"closed","ping_status":"closed","template":"","meta":[],"product_brand":[],"product_cat":[208],"product_tag":[],"class_list":{"0":"post-10858","1":"product","2":"type-product","3":"status-publish","4":"has-post-thumbnail","6":"product_cat-etiquettes","8":"first","9":"instock","10":"shipping-taxable","11":"purchasable","12":"product-type-simple"},"jetpack_sharing_enabled":true,"_links":{"self":[{"href":"https:\/\/lapetitemaisoncouture.com\/en\/wp-json\/wp\/v2\/product\/10858","targetHints":{"allow":["GET"]}}],"collection":[{"href":"https:\/\/lapetitemaisoncouture.com\/en\/wp-json\/wp\/v2\/product"}],"about":[{"href":"https:\/\/lapetitemaisoncouture.com\/en\/wp-json\/wp\/v2\/types\/product"}],"replies":[{"embeddable":true,"href":"https:\/\/lapetitemaisoncouture.com\/en\/wp-json\/wp\/v2\/comments?post=10858"}],"wp:featuredmedia":[{"embeddable":true,"href":"https:\/\/lapetitemaisoncouture.com\/en\/wp-json\/wp\/v2\/media\/10860"}],"wp:attachment":[{"href":"https:\/\/lapetitemaisoncouture.com\/en\/wp-json\/wp\/v2\/media?parent=10858"}],"wp:term":[{"taxonomy":"product_brand","embeddable":true,"href":"https:\/\/lapetitemaisoncouture.com\/en\/wp-json\/wp\/v2\/product_brand?post=10858"},{"taxonomy":"product_cat","embeddable":true,"href":"https:\/\/lapetitemaisoncouture.com\/en\/wp-json\/wp\/v2\/product_cat?post=10858"},{"taxonomy":"product_tag","embeddable":true,"href":"https:\/\/lapetitemaisoncouture.com\/en\/wp-json\/wp\/v2\/product_tag?post=10858"}],"curies":[{"name":"wp","href":"https:\/\/api.w.org\/{rel}","templated":true}]}}