{"id":10659,"date":"2024-11-27T03:50:55","date_gmt":"2024-11-27T02:50:55","guid":{"rendered":"https:\/\/lapetitemaisoncouture.com\/?post_type=product&#038;p=10659"},"modified":"2026-03-30T21:13:04","modified_gmt":"2026-03-30T19:13:04","slug":"jupes-elles-la-collab","status":"publish","type":"product","link":"https:\/\/lapetitemaisoncouture.com\/en\/boutique\/jupes-elles-la-collab\/","title":{"rendered":"Jupes Elles &#8211; Anna Rose Patterns x LPMC"},"content":{"rendered":"<p><i>L\u2019id\u00e9e pour nous est d\u2019associer nos deux univers aux styles diff\u00e9rents, pour r\u00e9ussir \u00e0 cr\u00e9er un coffret de jupes, simples mais tellement styl\u00e9es. L\u2019objectif \u00e9tant de vous permettre d\u2019imaginer et de coudre une multitude de versions en vous proposant plusieurs pi\u00e8ces de patrons ainsi que des suggestions pour y arriver. Notre promesse: chaque femme y trouvera son style ! <\/i><br \/>\n<i>Les jupes Elles sont f\u00e9minines, versatiles et modulables. En fonction du tissu choisi, elles sauront s\u2019adapter \u00e0 diff\u00e9rentes circonstances. Associez-les avec une grosse maille, une blouse, un T-shirt ou un marcel; des talons, des bottes, des baskets ou des birkenstocks.<br \/>\n<\/i><\/p>","protected":false},"excerpt":{"rendered":"<p><i>D\u00e9couvrez les jupes elle, un patron de couture qui offre plusieurs possibilit\u00e9s et variations, grace aux diff\u00e9rentes pi\u00e8ces de patrons incluses sur la planche du patron.<\/i><\/p>\n<p>Lire la description compl\u00e8te ci-dessous<\/p>","protected":false},"featured_media":10670,"comment_status":"closed","ping_status":"closed","template":"","meta":[],"product_brand":[],"product_cat":[208],"product_tag":[],"class_list":{"0":"post-10659","1":"product","2":"type-product","3":"status-publish","4":"has-post-thumbnail","6":"product_cat-etiquettes","8":"first","9":"instock","10":"shipping-taxable","11":"purchasable","12":"product-type-simple"},"jetpack_sharing_enabled":true,"_links":{"self":[{"href":"https:\/\/lapetitemaisoncouture.com\/en\/wp-json\/wp\/v2\/product\/10659","targetHints":{"allow":["GET"]}}],"collection":[{"href":"https:\/\/lapetitemaisoncouture.com\/en\/wp-json\/wp\/v2\/product"}],"about":[{"href":"https:\/\/lapetitemaisoncouture.com\/en\/wp-json\/wp\/v2\/types\/product"}],"replies":[{"embeddable":true,"href":"https:\/\/lapetitemaisoncouture.com\/en\/wp-json\/wp\/v2\/comments?post=10659"}],"wp:featuredmedia":[{"embeddable":true,"href":"https:\/\/lapetitemaisoncouture.com\/en\/wp-json\/wp\/v2\/media\/10670"}],"wp:attachment":[{"href":"https:\/\/lapetitemaisoncouture.com\/en\/wp-json\/wp\/v2\/media?parent=10659"}],"wp:term":[{"taxonomy":"product_brand","embeddable":true,"href":"https:\/\/lapetitemaisoncouture.com\/en\/wp-json\/wp\/v2\/product_brand?post=10659"},{"taxonomy":"product_cat","embeddable":true,"href":"https:\/\/lapetitemaisoncouture.com\/en\/wp-json\/wp\/v2\/product_cat?post=10659"},{"taxonomy":"product_tag","embeddable":true,"href":"https:\/\/lapetitemaisoncouture.com\/en\/wp-json\/wp\/v2\/product_tag?post=10659"}],"curies":[{"name":"wp","href":"https:\/\/api.w.org\/{rel}","templated":true}]}}