{"id":10437,"date":"2024-04-30T01:51:48","date_gmt":"2024-04-29T23:51:48","guid":{"rendered":"https:\/\/lapetitemaisoncouture.com\/?post_type=product&#038;p=10437"},"modified":"2026-01-02T21:51:18","modified_gmt":"2026-01-02T20:51:18","slug":"viva-la-mamma-x8","status":"publish","type":"product","link":"https:\/\/lapetitemaisoncouture.com\/en\/boutique\/viva-la-mamma-x8\/","title":{"rendered":"Viva la Mamma x8"},"content":{"rendered":"<p>Viva la Mamma est un pack compos\u00e9 de 4 mod\u00e8les d&rsquo;\u00e9tiquettes. Vous trouverez des tons de bleu, beige, noir et de tr\u00e8s beaux tons de rouge. Ils sont \u00e9tudi\u00e9s pour aller avec le plus de couleurs possibles.<\/p>\n<p>Dans ce pack vous trouverez:<\/p>\n<ul>\n<li>2 \u00e9tiquettes\u00a0<strong>Maman<\/strong> chacune ayant pour dimensions 2,1cm x 6,3cm<\/li>\n<li>2 \u00e9tiquettes\u00a0<strong>Je t&rsquo;aime<\/strong> chacune ayant pour dimensions 1,4cm x 4,1cm<\/li>\n<li>2 \u00e9tiquettes\u00a0<strong>Viva la Mamma<\/strong> chacune ayant pour dimensions 3,5cm x 5,9cm<\/li>\n<li>2 \u00e9tiquettes\u00a0<strong>Dear Mama, you&rsquo;ve got this <\/strong>\u00a0, chacune ayant pour dimensions 3cm x 7,9cm<\/li>\n<\/ul>\n<p>Les applications textiles laPetiteMaisonCouture sont des \u00e9tiquettes tiss\u00e9es \u00e0 coudre. Elles sont tiss\u00e9es avec du fil de polyester de qualit\u00e9 premium; de ce fait elles ne grattent pas et ne d\u00e9teignent pas. Utilis\u00e9es dans de bonnes conditions, elles ont une dur\u00e9e de vie sans limite.<\/p>\n<p>&nbsp;<\/p>\n<hr \/>\n<p><em>Viva la Mamma is a pack made up of 4 label models. You will find tones of blue, beige, black and very beautiful tones of red. They are designed to go with as many colors as possible.<\/em><\/p>\n<p><em>In this pack you will find:<\/em><\/p>\n<p><em>&#8211; 2 Maman labels, each measuring 2.1cm x 6.3cm<\/em><br \/>\n<em>&#8211; 2 Je t&rsquo;aime labels, each measuring 1.4cm x 4.1cm<\/em><br \/>\n<em>&#8211; 2 Viva la Mamma labels, each measuring 3.5cm x 5.9cm<\/em><br \/>\n<em>&#8211; 2 labels Dear Mama, you&rsquo;ve got this, each measuring 3cm x 7.9cm<\/em><\/p>\n<p><em>laPetiteMaisonCouture textile applications are woven labels to sew. They are woven with premium quality polyester thread; therefore they do not scratch or discolor. Used in good conditions, they have an unlimited lifespan.<\/em><\/p>","protected":false},"excerpt":{"rendered":"<p>Le pack Viva la Mamma est une ode \u00e0 la m\u00e8re, \u00e0 son amour, \u00e0 son courage, \u00e0 sa d\u00e9termination. Vous y trouverez une collection d&rsquo;\u00e9tiquettes \u00e0 coudre qui sauront motiver et faire sourire. Utilisez les pour vous-m\u00eame, pour une m\u00e8re de votre entourage, mais aussi pour un enfant ou un \u00eatre qui vous est cher. Associez-les, dissociez-les; vous verrez les possibilit\u00e9s qu&rsquo;elles offrent sont si nombreuses!<\/p>","protected":false},"featured_media":10455,"comment_status":"closed","ping_status":"closed","template":"","meta":[],"product_brand":[],"product_cat":[208],"product_tag":[],"class_list":{"0":"post-10437","1":"product","2":"type-product","3":"status-publish","4":"has-post-thumbnail","6":"product_cat-etiquettes","8":"first","9":"instock","10":"shipping-taxable","11":"purchasable","12":"product-type-simple"},"jetpack_sharing_enabled":true,"_links":{"self":[{"href":"https:\/\/lapetitemaisoncouture.com\/en\/wp-json\/wp\/v2\/product\/10437","targetHints":{"allow":["GET"]}}],"collection":[{"href":"https:\/\/lapetitemaisoncouture.com\/en\/wp-json\/wp\/v2\/product"}],"about":[{"href":"https:\/\/lapetitemaisoncouture.com\/en\/wp-json\/wp\/v2\/types\/product"}],"replies":[{"embeddable":true,"href":"https:\/\/lapetitemaisoncouture.com\/en\/wp-json\/wp\/v2\/comments?post=10437"}],"wp:featuredmedia":[{"embeddable":true,"href":"https:\/\/lapetitemaisoncouture.com\/en\/wp-json\/wp\/v2\/media\/10455"}],"wp:attachment":[{"href":"https:\/\/lapetitemaisoncouture.com\/en\/wp-json\/wp\/v2\/media?parent=10437"}],"wp:term":[{"taxonomy":"product_brand","embeddable":true,"href":"https:\/\/lapetitemaisoncouture.com\/en\/wp-json\/wp\/v2\/product_brand?post=10437"},{"taxonomy":"product_cat","embeddable":true,"href":"https:\/\/lapetitemaisoncouture.com\/en\/wp-json\/wp\/v2\/product_cat?post=10437"},{"taxonomy":"product_tag","embeddable":true,"href":"https:\/\/lapetitemaisoncouture.com\/en\/wp-json\/wp\/v2\/product_tag?post=10437"}],"curies":[{"name":"wp","href":"https:\/\/api.w.org\/{rel}","templated":true}]}}