{"id":10425,"date":"2024-04-28T19:43:13","date_gmt":"2024-04-28T17:43:13","guid":{"rendered":"https:\/\/lapetitemaisoncouture.com\/?post_type=product&#038;p=10425"},"modified":"2025-12-25T19:40:00","modified_gmt":"2025-12-25T18:40:00","slug":"test-oh-baby-x8","status":"publish","type":"product","link":"https:\/\/lapetitemaisoncouture.com\/en\/boutique\/test-oh-baby-x8\/","title":{"rendered":"Oh Baby! x8"},"content":{"rendered":"<p>Oh Baby est un pack mixte compos\u00e9 de 4 mod\u00e8les d&rsquo;\u00e9tiquettes. Ces \u00e9tiquettes sont tiss\u00e9es dans des fils de couleurs pastels essentiellement jaune, bleu, et vert\/bleu. Vous y trouverez \u00e9galement des tons de marrons, d&rsquo;orange et de gris \u00e9tudi\u00e9s pour fonctionner merveilleusement ensemble. Doux au regard, ils v\u00e9hiculent douceur et bienveillance.<\/p>\n<p>Dans ce pack vous trouverez:<\/p>\n<ul>\n<li>2 \u00e9tiquettes <strong>Hello (nounours)<\/strong>\u00a0chacune ayant pour dimensions 5,5cm x 3,5cm<\/li>\n<li>2 \u00e9tiquettes\u00a0<strong>Oh Baby!<\/strong> chacune ayant pour dimensions 3cm x 4,3cm<\/li>\n<li>2 \u00e9tiquettes\u00a0<strong>Pied \/ Oh baby!<\/strong> chacune ayant pour dimensions 1.7cm x 2.4cm<\/li>\n<li>2 \u00e9tiquettes\u00a0<strong>Lettre pour toi<\/strong> , chacune ayant pour dimensions 5.5cm x 6.8cm<\/li>\n<\/ul>\n<p>Les applications textiles laPetiteMaisonCouture sont des \u00e9tiquettes tiss\u00e9es \u00e0 coudre. Elles sont tiss\u00e9es avec du fil de polyester de qualit\u00e9 premium; de ce fait elles ne grattent pas et ne d\u00e9teignent pas. Utilis\u00e9es dans de bonnes conditions, elles ont une dur\u00e9e de vie sans limite.<\/p>\n<p>&nbsp;<\/p>\n<hr \/>\n<p>&nbsp;<\/p>\n<p><em>Whether for a baby or a child close to you, these woven labels allow you to complete your creations or customize clothes and accessories with a touch of modernity, beauty and emotion. A pack to keep on hand to add a WOW effect to your last minute gifts.<\/em><\/p>\n<p><em>Oh Baby is a mixed pack consisting of 4 label designs. These labels are woven in pastel colored threads mainly yellow, blue, and green\/blue. You will also find tones of browns, oranges and grays designed to work wonderfully together. Soft to the eye, they convey gentleness and kindness.<\/em><\/p>\n<p><em>In this pack you will find:<\/em><\/p>\n<p><em>x 2 Hello labels (teddy bears), each measuring 5.5cm x 3.5cm<\/em><br \/>\n<em>x 2 Oh Baby! each having dimensions of 3cm x 4.3cm<\/em><br \/>\n<em>x 2 Foot labels \/ Oh baby! each having dimensions of 1.7cm x 2.4cm<\/em><br \/>\n<em>x 2 Letter for you labels, each measuring 5.5cm x 6.8cm<\/em><\/p>\n<p><em>laPetiteMaisonCouture textile applications are woven labels to sew. They are woven with premium quality polyester thread; therefore they do not scratch or discolor. Used in good conditions, they have an unlimited lifespan.<\/em><\/p>","protected":false},"excerpt":{"rendered":"<p>Que ce soit pour un b\u00e9b\u00e9 ou pour un enfant de votre entourage, ces \u00e9tiquettes tiss\u00e9es vous permettent de compl\u00e9ter vos cr\u00e9ations ou customiser v\u00eatements et acc\u00e9ssoires avec une touche de modernit\u00e9, de beaut\u00e9 et d&rsquo;\u00e9motions. Un pack \u00e0 garder sous le coude pour apporter un effet WOW \u00e0 vos cadeaux de derni\u00e8re minute.<\/p>\n<p>Lire la description compl\u00e8te ci-dessous.<\/p>","protected":false},"featured_media":10465,"comment_status":"closed","ping_status":"closed","template":"","meta":[],"product_brand":[],"product_cat":[208],"product_tag":[],"class_list":{"0":"post-10425","1":"product","2":"type-product","3":"status-publish","4":"has-post-thumbnail","6":"product_cat-etiquettes","8":"first","9":"instock","10":"shipping-taxable","11":"purchasable","12":"product-type-variable"},"jetpack_sharing_enabled":true,"_links":{"self":[{"href":"https:\/\/lapetitemaisoncouture.com\/en\/wp-json\/wp\/v2\/product\/10425","targetHints":{"allow":["GET"]}}],"collection":[{"href":"https:\/\/lapetitemaisoncouture.com\/en\/wp-json\/wp\/v2\/product"}],"about":[{"href":"https:\/\/lapetitemaisoncouture.com\/en\/wp-json\/wp\/v2\/types\/product"}],"replies":[{"embeddable":true,"href":"https:\/\/lapetitemaisoncouture.com\/en\/wp-json\/wp\/v2\/comments?post=10425"}],"wp:featuredmedia":[{"embeddable":true,"href":"https:\/\/lapetitemaisoncouture.com\/en\/wp-json\/wp\/v2\/media\/10465"}],"wp:attachment":[{"href":"https:\/\/lapetitemaisoncouture.com\/en\/wp-json\/wp\/v2\/media?parent=10425"}],"wp:term":[{"taxonomy":"product_brand","embeddable":true,"href":"https:\/\/lapetitemaisoncouture.com\/en\/wp-json\/wp\/v2\/product_brand?post=10425"},{"taxonomy":"product_cat","embeddable":true,"href":"https:\/\/lapetitemaisoncouture.com\/en\/wp-json\/wp\/v2\/product_cat?post=10425"},{"taxonomy":"product_tag","embeddable":true,"href":"https:\/\/lapetitemaisoncouture.com\/en\/wp-json\/wp\/v2\/product_tag?post=10425"}],"curies":[{"name":"wp","href":"https:\/\/api.w.org\/{rel}","templated":true}]}}