{"id":10140,"date":"2023-11-30T11:00:45","date_gmt":"2023-11-30T10:00:45","guid":{"rendered":"https:\/\/lapetitemaisoncouture.com\/?post_type=product&#038;p=10140"},"modified":"2026-02-04T14:51:00","modified_gmt":"2026-02-04T13:51:00","slug":"chocolat-x-10","status":"publish","type":"product","link":"https:\/\/lapetitemaisoncouture.com\/en\/boutique\/chocolat-x-10\/","title":{"rendered":"CHOCOLAT x 10"},"content":{"rendered":"<p class=\"p1\">Les couleurs de fils de cette collection ont \u00e9t\u00e9 recherch\u00e9es avec beaucoup d\u2019attention, surtout pour le fil chocolat qui se veut gourmande et \u00e9l\u00e9gante. Le<span class=\"Apple-converted-space\">\u00a0 <\/span>lurex rouge quant \u00e0 lui est \u00e9tincelant et festif. Une belle composition intemporelle.<\/p>\n<p class=\"p1\">La collection Chocolat est la seule qui est compos\u00e9e de 10 etiquettes. Deux fois cinq mod\u00e8les:<\/p>\n<ul>\n<li class=\"p1\"><strong>La joie de s\u2019habiller est un art x 2:<\/strong> 3,5cm x 5cm<\/li>\n<li class=\"p1\"><strong>Pas de bras pas de chocolat x 2:<\/strong> 2,1cm x4,2cm<\/li>\n<li class=\"p1\"><strong>Bonjour Beaut\u00e9 x 2:<\/strong> 3cm x 5,5cm<\/li>\n<li class=\"p1\"><strong>Pour toi x 2:<\/strong> 3cm x 4,1cm<\/li>\n<li class=\"p1\"><strong>Star x 2:<\/strong> 1,5cm x 1,8cm<\/li>\n<\/ul>\n<p class=\"p1\">Les applications textiles laPetiteMaisonCouture sont des \u00e9tiquettes tiss\u00e9es \u00e0 coudre. Elles sont<span class=\"Apple-converted-space\">\u00a0 <\/span>compos\u00e9es de fils polyester de qualit\u00e9 premium; de ce fait elles ne grattent pas et ne d\u00e9teignent pas. Utilis\u00e9es dans de bonnes conditions, elles ont une dur\u00e9e de vie sans limite.<\/p>\n<p class=\"p1\">___________________________________________________<\/p>\n<p class=\"p1\"><i>The chocolate collection was designed to be the most beautiful little present that can be offered to a textile creative. It\u2019s a collection imbued with elegance, beauty, creativity and humor. A real little gem. One of the elements that makes this collection even more precious is the presence of <strong><span style=\"color: #ff0000\"><a style=\"color: #ff0000\" href=\"https:\/\/lapetitemaisoncouture.com\/en\/boutique\/bonjour-beaute-x8\/\">Bonjour Beaut\u00e9<\/a><\/span><\/strong>, who has dressed up for the holidays! Smile and joy guaranteed (just like real chocolate!)<\/i><\/p>\n<p class=\"p1\"><i>The yarn colors in this collection have been researched with great attention, especially for the chocolate yarn which is intended to be delicious and elegant. Red lurex is sparkly and festive. A beautiful, timeless composition.<\/i><\/p>\n<p class=\"p1\"><i>The Chocolate collection is the only one that is made up of 10 labels. Five designs time two:<\/i><\/p>\n<ul>\n<li class=\"p1\"><em><strong>La joie de s\u2019habiller est un art x 2:<\/strong> 3,5cm x 5cm<\/em><\/li>\n<li class=\"p1\"><em><strong>Pas de bras pas de chocolat x 2:<\/strong> 2,1cm x4,2cm<\/em><\/li>\n<li class=\"p1\"><em><strong>Bonjour Beaut\u00e9 x 2:<\/strong> 3cm x 5,5cm<\/em><\/li>\n<li class=\"p1\"><em><strong>Pour toi x 2:<\/strong> 3cm x 4,1cm<\/em><\/li>\n<li class=\"p1\"><em><strong>Star x 2:<\/strong> 1,5cm x 1,8cm<\/em><\/li>\n<\/ul>\n<p class=\"p1\"><i>laPetiteMaisonCouture textile applications are woven labels to sew on. They are made of premium quality polyester yarn; therefore they do not scratch and do not bleed. Used in good conditions, they have an unlimited lifespan.<\/i><\/p>","protected":false},"excerpt":{"rendered":"<p>La collection chocolat a \u00e9t\u00e9 pens\u00e9e comme \u00e9tant LE petit pr\u00e9sent parfait \u00e0 offrir \u00e0 un cr\u00e9atif du fil. C\u2019est une collection empreinte d\u2019\u00e9l\u00e9gance, de beaut\u00e9, de cr\u00e9ativit\u00e9 et d\u2019humour. Un vrai petit bijou. L\u2019un des \u00e9l\u00e9ments qui rend cette collection encore plus pr\u00e9cieuse est la pr\u00e9sence de <span style=\"color: #ff0000\"><strong><a style=\"color: #ff0000\" href=\"https:\/\/lapetitemaisoncouture.com\/en\/boutique\/bonjour-beaute-x8\/\">Bonjour Beaut\u00e9<\/a><\/strong><\/span>, qui s\u2019est rhabill\u00e9e pour les f\u00eates! Sourire et joie garantie (tel un v\u00e9ritable chocolat!)<\/p>","protected":false},"featured_media":10146,"comment_status":"closed","ping_status":"closed","template":"","meta":[],"product_brand":[],"product_cat":[208],"product_tag":[],"class_list":{"0":"post-10140","1":"product","2":"type-product","3":"status-publish","4":"has-post-thumbnail","6":"product_cat-etiquettes","8":"first","9":"instock","10":"shipping-taxable","11":"purchasable","12":"product-type-simple"},"jetpack_sharing_enabled":true,"_links":{"self":[{"href":"https:\/\/lapetitemaisoncouture.com\/en\/wp-json\/wp\/v2\/product\/10140","targetHints":{"allow":["GET"]}}],"collection":[{"href":"https:\/\/lapetitemaisoncouture.com\/en\/wp-json\/wp\/v2\/product"}],"about":[{"href":"https:\/\/lapetitemaisoncouture.com\/en\/wp-json\/wp\/v2\/types\/product"}],"replies":[{"embeddable":true,"href":"https:\/\/lapetitemaisoncouture.com\/en\/wp-json\/wp\/v2\/comments?post=10140"}],"wp:featuredmedia":[{"embeddable":true,"href":"https:\/\/lapetitemaisoncouture.com\/en\/wp-json\/wp\/v2\/media\/10146"}],"wp:attachment":[{"href":"https:\/\/lapetitemaisoncouture.com\/en\/wp-json\/wp\/v2\/media?parent=10140"}],"wp:term":[{"taxonomy":"product_brand","embeddable":true,"href":"https:\/\/lapetitemaisoncouture.com\/en\/wp-json\/wp\/v2\/product_brand?post=10140"},{"taxonomy":"product_cat","embeddable":true,"href":"https:\/\/lapetitemaisoncouture.com\/en\/wp-json\/wp\/v2\/product_cat?post=10140"},{"taxonomy":"product_tag","embeddable":true,"href":"https:\/\/lapetitemaisoncouture.com\/en\/wp-json\/wp\/v2\/product_tag?post=10140"}],"curies":[{"name":"wp","href":"https:\/\/api.w.org\/{rel}","templated":true}]}}