{"id":4954,"date":"2020-09-29T16:54:53","date_gmt":"2020-09-29T14:54:53","guid":{"rendered":"https:\/\/lapetitemaisoncouture.com\/?page_id=4954"},"modified":"2021-01-05T10:36:35","modified_gmt":"2021-01-05T08:36:35","slug":"conditions-generales-de-vente-aux-particuliers","status":"publish","type":"page","link":"https:\/\/lapetitemaisoncouture.com\/en\/shop\/conditions-generales-de-vente-aux-particuliers\/","title":{"rendered":"Conditions g\u00e9n\u00e9rales de vente aux particuliers"},"content":{"rendered":"<p>Le site\u00a0www.lapetitemaisoncouture.com\u00a0(Copyright \u00a9 laPetiteMaisoncouture 2020) est la propri\u00e9t\u00e9 de l&rsquo;entreprise laPetiteMaisonCouture.<\/p>\n\n\n\n<p>Nous attirons votre attention sur le fait que les \u00e9tiquettes laPetiteMaisonCouture sont des mod\u00e8les d\u00e9pos\u00e9s et qu&rsquo;il vous est interdit de les reproduire. Vous pouvez toutefois les apposer \u00e0 vos cr\u00e9ations destin\u00e9es \u00e0 la vente. <\/p>\n\n\n\n<p><strong>Les pr\u00e9sentes conditions g\u00e9n\u00e9rales de vente sont conclues entre<\/strong>&nbsp;:<\/p>\n\n\n\n<p class=\"has-text-align-left\">D&rsquo;une part la micro-entreprise laPetiteMaisonCouture ci-apr\u00e8s d\u00e9nomm\u00e9e \u00ab\u00a0le vendeur\u00a0\u00bb et d&rsquo;autre part, toute personne physique ou morale, ci-apr\u00e8s d\u00e9nomm\u00e9e \u00ab\u00a0l&rsquo;acheteur\u00a0\u00bb qui passe commande sur le site www.lapetitemaisoncouture.com <\/p>\n\n\n\n<p>Les pr\u00e9sentes conditions g\u00e9n\u00e9rales de vente r\u00e9gissent les relations contractuelles entre le vendeur et l&rsquo;acheteur. Avant tout passage de commande, l&rsquo;acheteur est invit\u00e9 \u00e0 consulter les pr\u00e9sentes conditions g\u00e9n\u00e9rales de vente (consultables librement sur le site).<\/p>\n\n\n\n<p>Passer commande implique tacitement l&rsquo;acceptation compl\u00e8te et sans r\u00e9serve de ces derni\u00e8res. Tout manquement, de la part de l&rsquo;entreprise, \u00e0 l&rsquo;une de ses obligations, \u00e9voqu\u00e9es dans les pr\u00e9sentes conditions g\u00e9n\u00e9rales de vente, ne pourra en aucun cas \u00eatre interpr\u00e9t\u00e9, par l&rsquo;acheteur, comme une renonciation aux conditions g\u00e9n\u00e9rales de vente.<\/p>\n\n\n\n<p>Les dites conditions pourront faire l&rsquo;objet de modifications sans pr\u00e9avis. Ce sont les conditions g\u00e9n\u00e9rales de vente applicables au moment de la passation de commande qui sont celles en vigueur.<\/p>\n\n\n\n<p><strong>Caract\u00e9ristiques des articles<\/strong><\/p>\n\n\n\n<p>L&rsquo;entreprise s&rsquo;efforce de donner le plus de d\u00e9tails possibles sur les articles pr\u00e9sent\u00e9s. Les photos des articles figurant sur le site sont non-contractuelles; elles sont d\u00e9crites le plus fid\u00e8lement possible mais l&rsquo;entreprise ne peut assurer une similitude parfaite avec l&rsquo;article command\u00e9 (en fonction de l&rsquo;\u00e9clairage lors de la prise de vue mais aussi de la r\u00e9solution et calibration des \u00e9crans d\u2019ordinateur de chacun, les nuances de couleurs et le rendu des mati\u00e8res peuvent diff\u00e9rer et ne sont pas garanties). L&rsquo;acheteur ne peut en aucun cas en rendre responsable le vendeur.<\/p>\n\n\n\n<p><strong>Tarifs<\/strong><\/p>\n\n\n\n<p>Les prix figurants sur le site sont en euros TTC.<\/p>\n\n\n\n<p>Une facture \u00e9lectronique est disponible pour tout paiement. <\/p>\n\n\n\n<p>laPetiteMaisonCouture se r\u00e9serve le droit de modifier ses prix \u00e0 tout moment, \u00e9tant entendu que le prix figurant sur le site le jour de la commande sera le seul applicable \u00e0 l&rsquo;acheteur.<\/p>\n\n\n\n<p><strong>Paiement et mode de r\u00e8glement<\/strong><\/p>\n\n\n\n<p>Les paiements se font directement via carte bancaire, ou compte PayPal si l\u2019acheteur en poss\u00e8de un.<\/p>\n\n\n\n<p><strong>Livraison<\/strong><\/p>\n\n\n\n<p>A la r\u00e9ception du r\u00e8glement, la commande est envoy\u00e9e par La Poste (en lettre verte suivie) dans un d\u00e9lai de 4 jours ouvr\u00e9s except\u00e9 mention contraire indiqu\u00e9e sur le site www.lapetitemaisoncouture.com le jour de la commande. Nous faisons en sorte de respecter ce d\u00e9lai, toutefois, si un retard devait \u00eatre \u00e0 pr\u00e9voir, nous nous engageons \u00e0 pr\u00e9venir l&rsquo;acheteur par mail (adresse enregistr\u00e9e sur le site lors de la commande). Ce type de retard ne peut en aucun cas donner lieu \u00e0 l&rsquo;annulation de la commande, \u00e0 une r\u00e9duction tarifaire ou \u00e0 un versement de dommages et int\u00e9r\u00eats. Nous ne saurions \u00eatre tenues pour responsables d&rsquo;un allongement des d\u00e9lais de livraison du fait du transporteur, notamment en cas de gr\u00e8ve, d&rsquo;impact COVID-19 ou de perte de la marchandise. <\/p>\n\n\n\n<p>Nos applications textiles sont livrables en France et \u00e0 l&rsquo;international.<\/p>\n\n\n\n<p>Les frais d&rsquo;envoi de la marchandise d\u00e9pendent de la destination des marchandises et des tarifs pratiqu\u00e9s par La Poste au moment de la commande.<\/p>\n\n\n\n<p><strong>R\u00e9tractation<\/strong><\/p>\n\n\n\n<p>L&rsquo;acheteur dispose d&rsquo;un d\u00e9lai de 7 jours francs pour retourner, \u00e0 ses frais, les produits ne lui convenant pas sous r\u00e9serve que ceux-ci ne pr\u00e9sentent pas de signes d&rsquo;utilisation ou d&rsquo;ouverture. \u00a0Ce d\u00e9lai court \u00e0 compter du jour de r\u00e9ception de la commande. Apr\u00e8s en avoir fait la demande par mail, l&rsquo;acheteur retourne l&rsquo;article dans son emballage d&rsquo;origine en courrier recommand\u00e9. Si les produits sont intacts et en parfait \u00e9tat de revente, l&rsquo;acheteur recevra un remboursement.<\/p>\n\n\n\n<p>Les produits b\u00e9n\u00e9ficiant d&rsquo;une offre promotionnelle ne sont ni \u00e9changeables, ni remboursables.&nbsp;<\/p>\n\n\n\n<p><strong>Communication<\/strong><\/p>\n\n\n\n<p>Toutes les communications entre l&rsquo;acheteur et le\u00a0vendeur se feront via e-mail \u00e0 l&rsquo;adresse suivante: hello@lapetitemaisoncouture.com<\/p>\n\n\n\n<p><strong>Protection des donn\u00e9es personnelles<\/strong><\/p>\n\n\n\n<p>Toutes vos donn\u00e9es personnelles serviront uniquement \u00e0 traiter vos commandes et ne seront jamais divulgu\u00e9es \u00e0 un tiers. En vertu de la loi n\u00b0 78-17 du 6 janvier 1978 relative \u00e0 l\u2019informatique, aux fichiers et aux libert\u00e9s, vous disposez d\u2019un droit de rectification, de consultation, de modification et de suppression des donn\u00e9es communiqu\u00e9es.<\/p>\n\n\n\n<p><\/p>","protected":false},"excerpt":{"rendered":"<p>Le site\u00a0www.lapetitemaisoncouture.com\u00a0(Copyright \u00a9 laPetiteMaisoncouture 2020) est la propri\u00e9t\u00e9 de l&rsquo;entreprise laPetiteMaisonCouture. Nous attirons votre attention sur le fait que les \u00e9tiquettes laPetiteMaisonCouture sont des mod\u00e8les d\u00e9pos\u00e9s et qu&rsquo;il vous est interdit de les reproduire. Vous pouvez toutefois les apposer \u00e0 vos cr\u00e9ations destin\u00e9es \u00e0 la vente. Les pr\u00e9sentes conditions g\u00e9n\u00e9rales de vente sont conclues entre&nbsp;: [&hellip;]<\/p>\n","protected":false},"author":1,"featured_media":0,"parent":4108,"menu_order":0,"comment_status":"closed","ping_status":"closed","template":"","meta":{"footnotes":""},"class_list":["post-4954","page","type-page","status-publish","hentry"],"jetpack_sharing_enabled":true,"brizy_media":[],"_links":{"self":[{"href":"https:\/\/lapetitemaisoncouture.com\/en\/wp-json\/wp\/v2\/pages\/4954","targetHints":{"allow":["GET"]}}],"collection":[{"href":"https:\/\/lapetitemaisoncouture.com\/en\/wp-json\/wp\/v2\/pages"}],"about":[{"href":"https:\/\/lapetitemaisoncouture.com\/en\/wp-json\/wp\/v2\/types\/page"}],"author":[{"embeddable":true,"href":"https:\/\/lapetitemaisoncouture.com\/en\/wp-json\/wp\/v2\/users\/1"}],"replies":[{"embeddable":true,"href":"https:\/\/lapetitemaisoncouture.com\/en\/wp-json\/wp\/v2\/comments?post=4954"}],"version-history":[{"count":5,"href":"https:\/\/lapetitemaisoncouture.com\/en\/wp-json\/wp\/v2\/pages\/4954\/revisions"}],"predecessor-version":[{"id":5677,"href":"https:\/\/lapetitemaisoncouture.com\/en\/wp-json\/wp\/v2\/pages\/4954\/revisions\/5677"}],"up":[{"embeddable":true,"href":"https:\/\/lapetitemaisoncouture.com\/en\/wp-json\/wp\/v2\/pages\/4108"}],"wp:attachment":[{"href":"https:\/\/lapetitemaisoncouture.com\/en\/wp-json\/wp\/v2\/media?parent=4954"}],"curies":[{"name":"wp","href":"https:\/\/api.w.org\/{rel}","templated":true}]}}