{"id":4220,"date":"2020-05-14T16:46:05","date_gmt":"2020-05-14T16:46:05","guid":{"rendered":"https:\/\/lapetitemaisoncouture.com\/?page_id=4220"},"modified":"2020-09-09T00:49:21","modified_gmt":"2020-09-08T22:49:21","slug":"apprendre-a-coudre","status":"publish","type":"page","link":"https:\/\/lapetitemaisoncouture.com\/en\/apprendre-a-coudre\/","title":{"rendered":"La couture"},"content":{"rendered":"<figure class=\"wp-block-image size-large\"><img data-recalc-dims=\"1\" loading=\"lazy\" decoding=\"async\" width=\"1024\" height=\"683\" src=\"https:\/\/i0.wp.com\/lapetitemaisoncouture.com\/wp-content\/uploads\/2020\/08\/IMG_6969.jpg?resize=1024%2C683&#038;ssl=1\" alt=\"\" class=\"wp-image-4727\" srcset=\"https:\/\/i0.wp.com\/lapetitemaisoncouture.com\/wp-content\/uploads\/2020\/08\/IMG_6969-scaled.jpg?resize=1024%2C683&amp;ssl=1 1024w, https:\/\/i0.wp.com\/lapetitemaisoncouture.com\/wp-content\/uploads\/2020\/08\/IMG_6969-scaled.jpg?resize=1000%2C667&amp;ssl=1 1000w, https:\/\/i0.wp.com\/lapetitemaisoncouture.com\/wp-content\/uploads\/2020\/08\/IMG_6969-scaled.jpg?resize=300%2C200&amp;ssl=1 300w, https:\/\/i0.wp.com\/lapetitemaisoncouture.com\/wp-content\/uploads\/2020\/08\/IMG_6969-scaled.jpg?resize=768%2C512&amp;ssl=1 768w, https:\/\/i0.wp.com\/lapetitemaisoncouture.com\/wp-content\/uploads\/2020\/08\/IMG_6969-scaled.jpg?resize=1536%2C1024&amp;ssl=1 1536w, https:\/\/i0.wp.com\/lapetitemaisoncouture.com\/wp-content\/uploads\/2020\/08\/IMG_6969-scaled.jpg?resize=2048%2C1365&amp;ssl=1 2048w, https:\/\/i0.wp.com\/lapetitemaisoncouture.com\/wp-content\/uploads\/2020\/08\/IMG_6969-scaled.jpg?resize=24%2C16&amp;ssl=1 24w, https:\/\/i0.wp.com\/lapetitemaisoncouture.com\/wp-content\/uploads\/2020\/08\/IMG_6969-scaled.jpg?resize=36%2C24&amp;ssl=1 36w, https:\/\/i0.wp.com\/lapetitemaisoncouture.com\/wp-content\/uploads\/2020\/08\/IMG_6969-scaled.jpg?resize=48%2C32&amp;ssl=1 48w\" sizes=\"auto, (max-width: 1000px) 100vw, 1000px\" \/><\/figure>\n\n\n\n<h1 class=\"has-text-color has-text-align-center wp-block-heading\" style=\"color:#0c0c0c\">COMMENCEZ AUJOURD&rsquo;HUI !<\/h1>\n\n\n\n<p>Vous avez d\u00e9cid\u00e9 de vous mettre \u00e0 la couture?&nbsp; Vous vous lancez et ne savez pas comment vous y prendre ? Cet article est fait pour vous!&nbsp;Dans les lignes qui suivent&nbsp; je vais vous donner 5 conseils sous forme de pas-\u00e0-pas pour vous aider \u00e0 r\u00e9ussir votre d\u00e9marrage dans cette superbe aventure.&nbsp;<\/p>\n\n\n\n<p><\/p>\n\n\n\n<h4 class=\"has-text-color wp-block-heading\" style=\"color:#d35347\">1. <strong>Votre \u00e9tat d\u2019esprit : car tout commence dans la t\u00eate<\/strong><\/h4>\n\n\n\n<p>La plupart des nanas qui ouvrent un blog et r\u00e9alisent des tenues dignes de cr\u00e9ateurs ont appris toutes seules sur le tas en encha\u00eenant des projets coutures. En d\u2019autres mots les supers couturi\u00e8res ne se sont pas faites en un jour, et c\u2019est cette id\u00e9e qu\u2019il faut garder en t\u00eate en d\u00e9butant cette aventure. Vous allez commencer en cousant des v\u00eatements ou accessoires super simples, et m\u00eame avec ces projets simples vous ferrez des erreurs. Le c\u00f4t\u00e9 positif est que c\u2019est en faisant des erreurs que l\u2019on acquiert de l\u2019exp\u00e9rience, et comme le dit l\u2019adage: \u00ab&nbsp;C\u2019est en forgeant que l\u2019on devient forgeron&nbsp;\u00bb.<\/p>\n\n\n\n<p><\/p>\n\n\n\n<h4 class=\"has-text-color wp-block-heading\" style=\"color:#d35347\">2. <strong>Trouver sa machine \u00e0 coudre!&nbsp;<\/strong><\/h4>\n\n\n\n<p>Une \u00e9tape fun dans cette aventure est l\u2019acquisition de sa premi\u00e8re machine \u00e0 coudre. Le conseil que je donne toujours c\u2019est de ne pas tout de suite vouloir une machine de comp\u00e9tition lorsque vous d\u00e9marrez. En effet vous ne savez pas si la couture est une activit\u00e9 que vous allez aimer un peu, beaucoup ou \u00e0 la folie. C\u2019est la raison pour laquelle je recommanderai de choisir si possible une machine \u00e9lectronique d\u2019entr\u00e9e de gamme qui fait un point droit, un point zigzag et des boutonni\u00e8res (et si possible un point de surjet pour les finitions). Ce sont les points de couture dont vous vous servirez le plus. Optez pour une machine \u00e0 coudre d\u2019occasion si seulement vous \u00eates s\u00fbres de l\u2019entretien dont cette machine \u00e0 b\u00e9n\u00e9fici\u00e9. Les machines que j\u2019ai pu acheter pour moi ou pour des amies ont \u00e9t\u00e9 prises sur Cdiscount qui \u00e0 l\u2019avantage de r\u00e9f\u00e9rencer les mod\u00e8les de plusieurs vendeurs. Vous pouvez aussi vous rendre chez Darty ou en magasin sp\u00e9cialis\u00e9 pour voir les mod\u00e8les qu\u2019ils ont en exposition.&nbsp;<\/p>\n\n\n\n<p>L\u2019arriv\u00e9e de votre machine \u00e0 coudre sera un grand moment. Ne vous inqui\u00e9tez pas si vous vous sentez tout \u00e0 coup envahie de peur ou gagn\u00e9 par le stress. la mise en route d\u2019une machine que l\u2019on ne connait pas peut faire peur mais est plus que surmontable. Elle arrivera s\u00fbrement avec un manuel, un CD ou un lien pour trouver le guide d\u2019aide de mise en route sur Internet. N\u2019h\u00e9sitez pas \u00e0 demander de l\u2019aide si cette \u00e9tape est trop intimidante.&nbsp;<\/p>\n\n\n\n<p><\/p>\n\n\n\n<h4 class=\"has-text-color wp-block-heading\" style=\"color:#d35347\">3. <strong>Le Matos&nbsp;<\/strong><\/h4>\n\n\n\n<p>En attendant de recevoir votre machine \u00e0 coudre, allons faire un tour en une mercerie sp\u00e9cialis\u00e9e pour trouver du mat\u00e9riel de couturi\u00e8re. Si vous habitez Paris je donne quelques adresse dans la section FAQ sur la page d\u2019accueil.&nbsp;<\/p>\n\n\n\n<p>Voici votre liste de courses pour bien d\u00e9marrer:<\/p>\n\n\n\n<div class=\"wp-block-image\"><figure class=\"aligncenter size-large\"><img data-recalc-dims=\"1\" loading=\"lazy\" decoding=\"async\" width=\"496\" height=\"1024\" src=\"https:\/\/i0.wp.com\/lapetitemaisoncouture.com\/wp-content\/uploads\/2020\/07\/IMG_2859.jpg?resize=496%2C1024&#038;ssl=1\" alt=\"\" class=\"wp-image-4683\" srcset=\"https:\/\/i0.wp.com\/lapetitemaisoncouture.com\/wp-content\/uploads\/2020\/07\/IMG_2859.jpg?resize=496%2C1024&amp;ssl=1 496w, https:\/\/i0.wp.com\/lapetitemaisoncouture.com\/wp-content\/uploads\/2020\/07\/IMG_2859.jpg?resize=145%2C300&amp;ssl=1 145w, https:\/\/i0.wp.com\/lapetitemaisoncouture.com\/wp-content\/uploads\/2020\/07\/IMG_2859.jpg?resize=768%2C1586&amp;ssl=1 768w, https:\/\/i0.wp.com\/lapetitemaisoncouture.com\/wp-content\/uploads\/2020\/07\/IMG_2859.jpg?resize=744%2C1536&amp;ssl=1 744w, https:\/\/i0.wp.com\/lapetitemaisoncouture.com\/wp-content\/uploads\/2020\/07\/IMG_2859.jpg?resize=12%2C24&amp;ssl=1 12w, https:\/\/i0.wp.com\/lapetitemaisoncouture.com\/wp-content\/uploads\/2020\/07\/IMG_2859.jpg?resize=17%2C36&amp;ssl=1 17w, https:\/\/i0.wp.com\/lapetitemaisoncouture.com\/wp-content\/uploads\/2020\/07\/IMG_2859.jpg?resize=23%2C48&amp;ssl=1 23w, https:\/\/i0.wp.com\/lapetitemaisoncouture.com\/wp-content\/uploads\/2020\/07\/IMG_2859.jpg?w=828&amp;ssl=1 828w\" sizes=\"auto, (max-width: 496px) 100vw, 496px\" \/><\/figure><\/div>\n\n\n\n<h4 class=\"has-text-color wp-block-heading\" style=\"color:#d35347\">4. <strong>Le choix des tissus<\/strong><\/h4>\n\n\n\n<p>En r\u00e8gle g\u00e9n\u00e9rale il est recommand\u00e9 de ne pas d\u00e9buter avec des tissus qui co\u00fbtent la peau des fesses. En effet lorsqu\u2019on se met \u00e0 la couture, comme dans toute activit\u00e9 on commet des erreurs. Ce sera dommage de g\u00e2cher un tissu qui vous a cout\u00e9 cher\u2026 Donc \u00e7a en principe, c\u2019est la r\u00e8gle. Apr\u00e8s j\u2019ai envie de vous dire: si vous avez envie de vous faire plaisir, faites-vous plaisir! De toutes fa\u00e7ons on n\u2019a qu\u2019une seule vie (mais ouvrez bien vos chacras avant de couper le tissu OK?!)<\/p>\n\n\n\n<p><\/p>\n\n\n\n<h4 class=\"has-text-color wp-block-heading\" style=\"color:#d35347\">5. <strong>Et que la f\u00eate commence !&nbsp;<\/strong><\/h4>\n\n\n\n<p>Maintenant que vous avez votre mat\u00e9riel, votre tissu, et qu\u2019avec un peu de chance votre machine est arriv\u00e9e, il est temps de s\u2019y mettre. On va d\u00e9buter en deux phases:&nbsp;<\/p>\n\n\n\n<ul class=\"wp-block-list\"><li><strong>Familiarisez-vous avec votre machine \u00e0 coudre:<\/strong> Je recommande de commencer par des projets tr\u00e8s simples \u00e0 base de tutos Internet comme par exemple un tote bag. Le but ici est d\u2019apprendre \u00e0 manier votre machine. Testez les points droits, les points zig zags, et si vous le souhaitez les points de broderie .&nbsp;<\/li><li><strong>Apprenez \u00e0 coudre avec les patrons de couture ind\u00e9pendants:<\/strong> Les patrons sont des gabarits que vous achetez en papier ou en pdf. Vous d\u00e9calquez votre taille, taille \u00e0 l\u2019aide de papier \u00e0 patron et vous vous en servirez comme guide pour couper votre tissu. Je recommande de commencer avec des patrons papier pour d\u00e9buter.&nbsp;<\/li><\/ul>\n\n\n\n<h4 class=\"has-text-color wp-block-heading\" style=\"color:#af291e\"><\/h4>\n\n\n\n<p>Voil\u00e0! vous savez tout maintenant. Pour conclure, si je dois vous donner un seul conseil pour bien r\u00e9ussir vos cousettes, ce sera la suivante: A chaque ligne de couture que vous faites, passer un coup de fer: cela aide les pi\u00e8ces de patron et le fil \u00e0 ne former qu\u2019un, et donnera \u00e0 votre cousette un fini net. Et parce que je ne me sens pas de vous laisser partir sans ce dernier conseil: Couper chaque fil qui d\u00e9passe au ras du tissu avec un coupe fil (m\u00eame le Made in China coupe bien son fil alors\u2026 !).<br>J\u2019esp\u00e8re que vous avez trouv\u00e9 cet article utile. Vous avez le moindre doute? n\u2019h\u00e9sitez pas \u00e0 me le faire savoir.&nbsp;<\/p>","protected":false},"excerpt":{"rendered":"<p>COMMENCEZ AUJOURD&rsquo;HUI ! Vous avez d\u00e9cid\u00e9 de vous mettre \u00e0 la couture?&nbsp; Vous vous lancez et ne savez pas comment vous y prendre ? Cet article est fait pour vous!&nbsp;Dans les lignes qui suivent&nbsp; je vais vous donner 5 conseils sous forme de pas-\u00e0-pas pour vous aider \u00e0 r\u00e9ussir votre d\u00e9marrage dans cette superbe aventure.&nbsp; [&hellip;]<\/p>\n","protected":false},"author":1,"featured_media":0,"parent":0,"menu_order":0,"comment_status":"closed","ping_status":"closed","template":"","meta":{"footnotes":""},"class_list":["post-4220","page","type-page","status-publish","hentry"],"jetpack_sharing_enabled":true,"brizy_media":[],"_links":{"self":[{"href":"https:\/\/lapetitemaisoncouture.com\/en\/wp-json\/wp\/v2\/pages\/4220","targetHints":{"allow":["GET"]}}],"collection":[{"href":"https:\/\/lapetitemaisoncouture.com\/en\/wp-json\/wp\/v2\/pages"}],"about":[{"href":"https:\/\/lapetitemaisoncouture.com\/en\/wp-json\/wp\/v2\/types\/page"}],"author":[{"embeddable":true,"href":"https:\/\/lapetitemaisoncouture.com\/en\/wp-json\/wp\/v2\/users\/1"}],"replies":[{"embeddable":true,"href":"https:\/\/lapetitemaisoncouture.com\/en\/wp-json\/wp\/v2\/comments?post=4220"}],"version-history":[{"count":5,"href":"https:\/\/lapetitemaisoncouture.com\/en\/wp-json\/wp\/v2\/pages\/4220\/revisions"}],"predecessor-version":[{"id":4773,"href":"https:\/\/lapetitemaisoncouture.com\/en\/wp-json\/wp\/v2\/pages\/4220\/revisions\/4773"}],"wp:attachment":[{"href":"https:\/\/lapetitemaisoncouture.com\/en\/wp-json\/wp\/v2\/media?parent=4220"}],"curies":[{"name":"wp","href":"https:\/\/api.w.org\/{rel}","templated":true}]}}