{"id":18,"date":"2013-08-23T21:23:16","date_gmt":"2013-08-23T21:23:16","guid":{"rendered":"http:\/\/lapetitemaisoncouture.wordpress.com\/?page_id=1"},"modified":"2020-07-26T15:12:02","modified_gmt":"2020-07-26T13:12:02","slug":"about","status":"publish","type":"page","link":"https:\/\/lapetitemaisoncouture.com\/en\/about\/","title":{"rendered":"ABOUT"},"content":{"rendered":"<div class=\"wp-block-group is-layout-flow wp-block-group-is-layout-flow\"><div class=\"wp-block-group__inner-container\"><\/div><\/div>\n\n\n\n<p>\u00a0Je m\u2019appelle Elaine et j\u2019habite \u00e0 Paris. En 2012 j\u2019ai soudainement d\u00e9couvert que j\u2019\u00e9tais cr\u00e9ative en sortant d\u2019une relation douloureuse et en traversant au m\u00eame moment une situation d\u2019ennui profond au travail. Suite aux conseils d\u2019une bonne amie, je me suis mise \u00e0 cr\u00e9er pour donner du sens \u00e0 ma vie, \u00e0 coudre comme une fa\u00e7on inconsciente de r\u00e9parer\u2026 Ce qui \u00e9tait en apparence un hobby temporaire a pris une place consid\u00e9rable dans ma vie. \u00c0 pr\u00e9sent je cr\u00e9e toutes sortes de tenues avec la cr\u00e9ativit\u00e9 et le style comme lignes directrices. Cette aventure m\u2019a \u00e9t\u00e9 tellement salvatrice qu\u2019aujourd\u2019hui, j\u2019embarque avec moi toutes celles qui souhaitent d\u00e9velopper de nouvelles comp\u00e9tences (m\u00eame \u00e0 titre de hobby), et qui d\u00e9sirent s\u2019\u00e9panouir en cr\u00e9ant des v\u00eatements et accessoires uniques. A travers ma pr\u00e9sence sur Internet, je souhaite aussi montrer qu\u2019\u00e0 force de coudre on fini par cr\u00e9er des v\u00eatements dignes de cr\u00e9ateurs. C\u2019est \u00e9galement une alternative \u00e0 la fast fashion qui a des cons\u00e9quences n\u00e9fastes pour la plan\u00e8te et pour ses habitants.\u00a0<\/p>\n\n\n\n<p>laPetiteMaisonCouture a paru dans plusieurs magazine tels que Marie-Claire id\u00e9es, ADN les essentiels, Suzie Mag. J\u2019ai \u00e9galement travaill\u00e9 avec la Marque Marie-Claire et collabor\u00e9 \u00e0 la parution du livre Couture Wax paru en 2020 aux \u00e9ditions Mango.&nbsp;<\/p>\n\n\n\n<p>Aujourd\u2019hui toujours dans l\u2019optique de vous aider \u00e0 cr\u00e9er avec style et personnalit\u00e9, je me lance dans la cr\u00e9ation de produits d\u00e9riv\u00e9s qui utilisent le pouvoir positif et encourageant des mots. N\u2019h\u00e9sitez pas \u00e0 faire un tour dans la boutique pour d\u00e9couvrir la beaut\u00e9 de ces produits, et voir jusqu\u2019o\u00f9 cette aventure nous am\u00e8ne!<\/p>","protected":false},"excerpt":{"rendered":"<p>\u00a0Je m\u2019appelle Elaine et j\u2019habite \u00e0 Paris. En 2012 j\u2019ai soudainement d\u00e9couvert que j\u2019\u00e9tais cr\u00e9ative en sortant d\u2019une relation douloureuse et en traversant au m\u00eame moment une situation d\u2019ennui profond au travail. Suite aux conseils d\u2019une bonne amie, je me suis mise \u00e0 cr\u00e9er pour donner du sens \u00e0 ma vie, \u00e0 coudre comme une [&hellip;]<\/p>\n","protected":false},"author":2,"featured_media":2871,"parent":0,"menu_order":0,"comment_status":"open","ping_status":"open","template":"","meta":{"footnotes":""},"class_list":["post-18","page","type-page","status-publish","has-post-thumbnail","hentry"],"jetpack_sharing_enabled":true,"_links":{"self":[{"href":"https:\/\/lapetitemaisoncouture.com\/en\/wp-json\/wp\/v2\/pages\/18","targetHints":{"allow":["GET"]}}],"collection":[{"href":"https:\/\/lapetitemaisoncouture.com\/en\/wp-json\/wp\/v2\/pages"}],"about":[{"href":"https:\/\/lapetitemaisoncouture.com\/en\/wp-json\/wp\/v2\/types\/page"}],"author":[{"embeddable":true,"href":"https:\/\/lapetitemaisoncouture.com\/en\/wp-json\/wp\/v2\/users\/2"}],"replies":[{"embeddable":true,"href":"https:\/\/lapetitemaisoncouture.com\/en\/wp-json\/wp\/v2\/comments?post=18"}],"version-history":[{"count":5,"href":"https:\/\/lapetitemaisoncouture.com\/en\/wp-json\/wp\/v2\/pages\/18\/revisions"}],"predecessor-version":[{"id":4707,"href":"https:\/\/lapetitemaisoncouture.com\/en\/wp-json\/wp\/v2\/pages\/18\/revisions\/4707"}],"wp:featuredmedia":[{"embeddable":true,"href":"https:\/\/lapetitemaisoncouture.com\/en\/wp-json\/wp\/v2\/media\/2871"}],"wp:attachment":[{"href":"https:\/\/lapetitemaisoncouture.com\/en\/wp-json\/wp\/v2\/media?parent=18"}],"curies":[{"name":"wp","href":"https:\/\/api.w.org\/{rel}","templated":true}]}}